{"id":10341,"date":"2025-05-28T14:56:50","date_gmt":"2025-05-28T12:56:50","guid":{"rendered":"https:\/\/lams-home.com\/?post_type=product&#038;p=10341"},"modified":"2025-10-10T16:05:22","modified_gmt":"2025-10-10T14:05:22","slug":"saladier-moyen-en-gres","status":"publish","type":"product","link":"https:\/\/lams-home.com\/de\/produit\/saladier-moyen-en-gres\/","title":{"rendered":"Saladier moyen en gr\u00e8s ONDA"},"content":{"rendered":"<p class=\"p1\">G\u00e9n\u00e9reux par ses dimensions et raffin\u00e9 par sa finition artisanale, ce saladier en gr\u00e8s est id\u00e9al pour le service en salle ou sur buffet. Parfait pour salades, plats familiaux ou pr\u00e9sentations culinaires, il allie robustesse, design \u00e9pur\u00e9 et textures naturelles.<\/p>\n<p class=\"p2\">Con\u00e7u pour un usage intensif en restauration. Compatible four, micro-ondes et lave-vaisselle.<\/p>\n","protected":false},"excerpt":{"rendered":"<p>G\u00e9n\u00e9reux par ses dimensions et raffin\u00e9 par sa finition artisanale, ce saladier en gr\u00e8s est id\u00e9al pour le service en salle ou sur buffet. Parfait pour salades, plats familiaux ou pr\u00e9sentations culinaires, il allie robustesse, design \u00e9pur\u00e9 et textures naturelles. Con\u00e7u pour un usage intensif en restauration. Compatible four, micro-ondes et lave-vaisselle.<\/p>\n","protected":false},"featured_media":6345,"template":"","meta":{"_jet_sm_ready_style":"","_jet_sm_style":"","_jet_sm_controls_values":"","_jet_sm_fonts_collection":"","_jet_sm_fonts_links":""},"product_brand":[198],"product_cat":[219,39],"product_tag":[244],"product_collection":[414],"class_list":{"0":"post-10341","1":"product","2":"type-product","3":"status-publish","4":"has-post-thumbnail","6":"product_brand-lams-home","7":"product_cat-saladiers","8":"product_cat-vaisselle","9":"product_tag-ceramique","10":"product_collection-onda","12":"first","13":"instock","14":"taxable","15":"shipping-taxable","16":"purchasable","17":"product-type-variable","18":"has-default-attributes"},"_links":{"self":[{"href":"https:\/\/lams-home.com\/de\/wp-json\/wp\/v2\/product\/10341","targetHints":{"allow":["GET"]}}],"collection":[{"href":"https:\/\/lams-home.com\/de\/wp-json\/wp\/v2\/product"}],"about":[{"href":"https:\/\/lams-home.com\/de\/wp-json\/wp\/v2\/types\/product"}],"version-history":[{"count":0,"href":"https:\/\/lams-home.com\/de\/wp-json\/wp\/v2\/product\/10341\/revisions"}],"wp:featuredmedia":[{"embeddable":true,"href":"https:\/\/lams-home.com\/de\/wp-json\/wp\/v2\/media\/6345"}],"wp:attachment":[{"href":"https:\/\/lams-home.com\/de\/wp-json\/wp\/v2\/media?parent=10341"}],"wp:term":[{"taxonomy":"product_brand","embeddable":true,"href":"https:\/\/lams-home.com\/de\/wp-json\/wp\/v2\/product_brand?post=10341"},{"taxonomy":"product_cat","embeddable":true,"href":"https:\/\/lams-home.com\/de\/wp-json\/wp\/v2\/product_cat?post=10341"},{"taxonomy":"product_tag","embeddable":true,"href":"https:\/\/lams-home.com\/de\/wp-json\/wp\/v2\/product_tag?post=10341"},{"taxonomy":"product_collection","embeddable":true,"href":"https:\/\/lams-home.com\/de\/wp-json\/wp\/v2\/product_collection?post=10341"}],"curies":[{"name":"wp","href":"https:\/\/api.w.org\/{rel}","templated":true}]}}