{"id":10971,"date":"2025-05-30T17:50:18","date_gmt":"2025-05-30T15:50:18","guid":{"rendered":"https:\/\/lams-home.com\/?post_type=product&#038;p=10971"},"modified":"2026-04-08T23:14:50","modified_gmt":"2026-04-08T21:14:50","slug":"assiette-plate-en-gres-anaqa","status":"publish","type":"product","link":"https:\/\/lams-home.com\/de\/produit\/assiette-plate-en-gres-anaqa\/","title":{"rendered":"Assiette plate en gr\u00e8s ANAQA"},"content":{"rendered":"<p class=\"p1\">L\u2019assiette plate ANAQA incarne l\u2019alliance parfaite entre artisanat traditionnel et design contemporain. Fa\u00e7onn\u00e9e \u00e0 la main, chaque pi\u00e8ce est unique, pr\u00e9sentant de l\u00e9g\u00e8res variations de taille qui t\u00e9moignent de son authenticit\u00e9. Disponible en trois dimensions et en plusieurs combinaisons de couleurs, elle s\u2019adapte harmonieusement \u00e0 diverses pr\u00e9sentations culinaires.<\/p>\n<p class=\"p3\">Caract\u00e9ristiques principales :<\/p>\n<ul>\n<li>\n<p class=\"p1\"><span class=\"s1\">Fabrication artisanale :<\/span> Chaque assiette est fa\u00e7onn\u00e9e \u00e0 la main, rendant chaque pi\u00e8ce unique avec de subtiles variations de taille.<\/p>\n<\/li>\n<li>\n<p class=\"p1\"><span class=\"s1\">Design \u00e9pur\u00e9 :<\/span> Forme fluide et courbes simples pour une esth\u00e9tique moderne et \u00e9l\u00e9gante.<\/p>\n<\/li>\n<li>\n<p class=\"p1\"><span class=\"s1\">Vari\u00e9t\u00e9 de couleurs :<\/span> Disponible en plusieurs combinaisons pour s\u2019harmoniser avec votre vaisselle existante.<\/p>\n<\/li>\n<li>\n<p class=\"p1\"><span class=\"s1\">Utilisation polyvalente :<\/span> Id\u00e9ale pour servir des entr\u00e9es, des plats principaux ou des desserts.<\/p>\n<\/li>\n<li>\n<p class=\"p1\"><span class=\"s1\">Entretien facile :<\/span> Compatible avec le four, le micro-ondes et le lave-vaisselle, pour une utilisation quotidienne sans contrainte.<\/p>\n<\/li>\n<\/ul>\n<p>&nbsp;<\/p>\n<p class=\"p1\">L\u2019assiette plate ANAQA est con\u00e7ue pour r\u00e9pondre aux exigences des professionnels de la restauration, alliant durabilit\u00e9 et esth\u00e9tique pour sublimer vos pr\u00e9sentations culinaires.<\/p>\n","protected":false},"excerpt":{"rendered":"<p>L\u2019assiette plate ANAQA incarne l\u2019alliance parfaite entre artisanat traditionnel et design contemporain. Fa\u00e7onn\u00e9e \u00e0 la main, chaque pi\u00e8ce est unique, pr\u00e9sentant de l\u00e9g\u00e8res variations de taille qui t\u00e9moignent de son authenticit\u00e9. Disponible en trois dimensions et en plusieurs combinaisons de couleurs, elle s\u2019adapte harmonieusement \u00e0 diverses pr\u00e9sentations culinaires. Caract\u00e9ristiques principales : Fabrication artisanale : Chaque [&hellip;]<\/p>\n","protected":false},"featured_media":2168,"template":"","meta":{"_jet_sm_ready_style":"","_jet_sm_style":"","_jet_sm_controls_values":"","_jet_sm_fonts_collection":"","_jet_sm_fonts_links":""},"product_brand":[198],"product_cat":[215,39],"product_tag":[244],"product_collection":[415],"class_list":{"0":"post-10971","1":"product","2":"type-product","3":"status-publish","4":"has-post-thumbnail","6":"product_brand-lams-home","7":"product_cat-assiettes-plates","8":"product_cat-vaisselle","9":"product_tag-ceramique","10":"product_collection-anaqa","12":"first","13":"instock","14":"sale","15":"taxable","16":"shipping-taxable","17":"purchasable","18":"product-type-variable","19":"has-default-attributes"},"_links":{"self":[{"href":"https:\/\/lams-home.com\/de\/wp-json\/wp\/v2\/product\/10971","targetHints":{"allow":["GET"]}}],"collection":[{"href":"https:\/\/lams-home.com\/de\/wp-json\/wp\/v2\/product"}],"about":[{"href":"https:\/\/lams-home.com\/de\/wp-json\/wp\/v2\/types\/product"}],"version-history":[{"count":0,"href":"https:\/\/lams-home.com\/de\/wp-json\/wp\/v2\/product\/10971\/revisions"}],"wp:featuredmedia":[{"embeddable":true,"href":"https:\/\/lams-home.com\/de\/wp-json\/wp\/v2\/media\/2168"}],"wp:attachment":[{"href":"https:\/\/lams-home.com\/de\/wp-json\/wp\/v2\/media?parent=10971"}],"wp:term":[{"taxonomy":"product_brand","embeddable":true,"href":"https:\/\/lams-home.com\/de\/wp-json\/wp\/v2\/product_brand?post=10971"},{"taxonomy":"product_cat","embeddable":true,"href":"https:\/\/lams-home.com\/de\/wp-json\/wp\/v2\/product_cat?post=10971"},{"taxonomy":"product_tag","embeddable":true,"href":"https:\/\/lams-home.com\/de\/wp-json\/wp\/v2\/product_tag?post=10971"},{"taxonomy":"product_collection","embeddable":true,"href":"https:\/\/lams-home.com\/de\/wp-json\/wp\/v2\/product_collection?post=10971"}],"curies":[{"name":"wp","href":"https:\/\/api.w.org\/{rel}","templated":true}]}}