{"id":11001,"date":"2025-06-01T09:29:39","date_gmt":"2025-06-01T07:29:39","guid":{"rendered":"https:\/\/lams-home.com\/?post_type=product&#038;p=11001"},"modified":"2025-11-17T13:32:06","modified_gmt":"2025-11-17T12:32:06","slug":"plat-bucabudi-rond-pietra","status":"publish","type":"product","link":"https:\/\/lams-home.com\/de\/produit\/plat-bucabudi-rond-pietra\/","title":{"rendered":"Plat bucabudi rond PIETRA"},"content":{"rendered":"<p class=\"p1\">Avec ses lignes organiques et sa forme volontairement irr\u00e9guli\u00e8re, ce grand plat d\u2019environ 40 cm incarne l\u2019\u00e9l\u00e9gance artisanale. Con\u00e7u en gr\u00e8s de haute qualit\u00e9, il est id\u00e9al pour un service raffin\u00e9 \u00e0 table, aussi bien pour des plats chauds que pour des pr\u00e9sentations froides.<\/p>\n<p class=\"p1\">Polyvalent, il peut \u00e9galement passer au four pour des cuissons simples et \u00eatre directement utilis\u00e9 en service. Hors cuisine, il trouve parfaitement sa place comme plat \u00e0 fruits ou pi\u00e8ce d\u00e9corative centrale.<\/p>\n<p class=\"p3\">Caract\u00e9ristiques :<\/p>\n<p class=\"p1\">\u2013 Forme organique et irr\u00e9guli\u00e8re<\/p>\n<p class=\"p1\">\u2013 Usage professionnel : service \/ pr\u00e9sentation \/ four occasionnel<\/p>\n<p class=\"p1\">\u2013 Compatible lave-vaisselle<\/p>\n<p class=\"p1\">\u2013 Id\u00e9al aussi en d\u00e9coration ou centre de table<\/p>\n","protected":false},"excerpt":{"rendered":"<p>Avec ses lignes organiques et sa forme volontairement irr\u00e9guli\u00e8re, ce grand plat d\u2019environ 40 cm incarne l\u2019\u00e9l\u00e9gance artisanale. Con\u00e7u en gr\u00e8s de haute qualit\u00e9, il est id\u00e9al pour un service raffin\u00e9 \u00e0 table, aussi bien pour des plats chauds que pour des pr\u00e9sentations froides. Polyvalent, il peut \u00e9galement passer au four pour des cuissons simples [&hellip;]<\/p>\n","protected":false},"featured_media":6385,"template":"","meta":{"_jet_sm_ready_style":"","_jet_sm_style":"","_jet_sm_controls_values":"","_jet_sm_fonts_collection":"","_jet_sm_fonts_links":""},"product_brand":[198],"product_cat":[53,228,220,39],"product_tag":[244],"product_collection":[598],"class_list":{"0":"post-11001","1":"product","2":"type-product","3":"status-publish","4":"has-post-thumbnail","6":"product_brand-lams-home","7":"product_cat-decoration","8":"product_cat-grands-plats","9":"product_cat-plats-a-servir","10":"product_cat-vaisselle","11":"product_tag-ceramique","12":"product_collection-terra","14":"first","15":"instock","16":"taxable","17":"shipping-taxable","18":"purchasable","19":"product-type-variable","20":"has-default-attributes"},"_links":{"self":[{"href":"https:\/\/lams-home.com\/de\/wp-json\/wp\/v2\/product\/11001","targetHints":{"allow":["GET"]}}],"collection":[{"href":"https:\/\/lams-home.com\/de\/wp-json\/wp\/v2\/product"}],"about":[{"href":"https:\/\/lams-home.com\/de\/wp-json\/wp\/v2\/types\/product"}],"version-history":[{"count":0,"href":"https:\/\/lams-home.com\/de\/wp-json\/wp\/v2\/product\/11001\/revisions"}],"wp:featuredmedia":[{"embeddable":true,"href":"https:\/\/lams-home.com\/de\/wp-json\/wp\/v2\/media\/6385"}],"wp:attachment":[{"href":"https:\/\/lams-home.com\/de\/wp-json\/wp\/v2\/media?parent=11001"}],"wp:term":[{"taxonomy":"product_brand","embeddable":true,"href":"https:\/\/lams-home.com\/de\/wp-json\/wp\/v2\/product_brand?post=11001"},{"taxonomy":"product_cat","embeddable":true,"href":"https:\/\/lams-home.com\/de\/wp-json\/wp\/v2\/product_cat?post=11001"},{"taxonomy":"product_tag","embeddable":true,"href":"https:\/\/lams-home.com\/de\/wp-json\/wp\/v2\/product_tag?post=11001"},{"taxonomy":"product_collection","embeddable":true,"href":"https:\/\/lams-home.com\/de\/wp-json\/wp\/v2\/product_collection?post=11001"}],"curies":[{"name":"wp","href":"https:\/\/api.w.org\/{rel}","templated":true}]}}