{"id":11050,"date":"2025-06-02T16:07:17","date_gmt":"2025-06-02T14:07:17","guid":{"rendered":"https:\/\/lams-home.com\/?post_type=product&#038;p=11050"},"modified":"2025-10-10T16:05:15","modified_gmt":"2025-10-10T14:05:15","slug":"grand-plat-avec-anses-34-cm-gioia-2","status":"publish","type":"product","link":"https:\/\/lams-home.com\/de\/produit\/grand-plat-avec-anses-34-cm-gioia-2\/","title":{"rendered":"Grand plat avec ANSES 34 CM GIOIA"},"content":{"rendered":"<p class=\"p1\">Grand plat en c\u00e9ramique avec anses \u2013 sp\u00e9cial cuisson et service<\/p>\n<p class=\"p3\">Pens\u00e9 pour la cuisson au four, ce grand plat en c\u00e9ramique avec anses est id\u00e9al pour des plats g\u00e9n\u00e9reux \u00e0 partager : r\u00f4tis, pa\u00ebllas, gratins ou l\u00e9gumes r\u00f4tis. Sa forme profonde et sa large capacit\u00e9 en font un alli\u00e9 pratique en cuisine et \u00e9l\u00e9gant sur la table. Gr\u00e2ce \u00e0 ses anses solides, il passe facilement du four \u00e0 la pr\u00e9sentation.<\/p>\n<p class=\"p3\">R\u00e9siste \u00e0 une cuisson jusqu\u2019\u00e0 270\u00b0C. Convient \u00e9galement pour des pr\u00e9parations froides. Compatible lave-vaisselle. Fabrication artisanale.<\/p>\n","protected":false},"excerpt":{"rendered":"<p>Grand plat en c\u00e9ramique avec anses \u2013 sp\u00e9cial cuisson et service Pens\u00e9 pour la cuisson au four, ce grand plat en c\u00e9ramique avec anses est id\u00e9al pour des plats g\u00e9n\u00e9reux \u00e0 partager : r\u00f4tis, pa\u00ebllas, gratins ou l\u00e9gumes r\u00f4tis. Sa forme profonde et sa large capacit\u00e9 en font un alli\u00e9 pratique en cuisine et \u00e9l\u00e9gant [&hellip;]<\/p>\n","protected":false},"featured_media":6358,"template":"","meta":{"_jet_sm_ready_style":"","_jet_sm_style":"","_jet_sm_controls_values":"","_jet_sm_fonts_collection":"","_jet_sm_fonts_links":""},"product_brand":[198],"product_cat":[53,228,223,220,39],"product_tag":[244],"product_collection":[444],"class_list":{"0":"post-11050","1":"product","2":"type-product","3":"status-publish","4":"has-post-thumbnail","6":"product_brand-lams-home","7":"product_cat-decoration","8":"product_cat-grands-plats","9":"product_cat-plats-a-four","10":"product_cat-plats-a-servir","11":"product_cat-vaisselle","12":"product_tag-ceramique","13":"product_collection-gioia","15":"first","16":"instock","17":"taxable","18":"shipping-taxable","19":"purchasable","20":"product-type-variable","21":"has-default-attributes"},"_links":{"self":[{"href":"https:\/\/lams-home.com\/de\/wp-json\/wp\/v2\/product\/11050","targetHints":{"allow":["GET"]}}],"collection":[{"href":"https:\/\/lams-home.com\/de\/wp-json\/wp\/v2\/product"}],"about":[{"href":"https:\/\/lams-home.com\/de\/wp-json\/wp\/v2\/types\/product"}],"version-history":[{"count":0,"href":"https:\/\/lams-home.com\/de\/wp-json\/wp\/v2\/product\/11050\/revisions"}],"wp:featuredmedia":[{"embeddable":true,"href":"https:\/\/lams-home.com\/de\/wp-json\/wp\/v2\/media\/6358"}],"wp:attachment":[{"href":"https:\/\/lams-home.com\/de\/wp-json\/wp\/v2\/media?parent=11050"}],"wp:term":[{"taxonomy":"product_brand","embeddable":true,"href":"https:\/\/lams-home.com\/de\/wp-json\/wp\/v2\/product_brand?post=11050"},{"taxonomy":"product_cat","embeddable":true,"href":"https:\/\/lams-home.com\/de\/wp-json\/wp\/v2\/product_cat?post=11050"},{"taxonomy":"product_tag","embeddable":true,"href":"https:\/\/lams-home.com\/de\/wp-json\/wp\/v2\/product_tag?post=11050"},{"taxonomy":"product_collection","embeddable":true,"href":"https:\/\/lams-home.com\/de\/wp-json\/wp\/v2\/product_collection?post=11050"}],"curies":[{"name":"wp","href":"https:\/\/api.w.org\/{rel}","templated":true}]}}