{"id":11328,"date":"2025-06-10T13:43:32","date_gmt":"2025-06-10T11:43:32","guid":{"rendered":"https:\/\/lams-home.com\/?post_type=product&#038;p=11328"},"modified":"2025-10-10T16:05:27","modified_gmt":"2025-10-10T14:05:27","slug":"assiette-plate-27-cm-silka","status":"publish","type":"product","link":"https:\/\/lams-home.com\/de\/produit\/assiette-plate-27-cm-silka\/","title":{"rendered":"ASSIETTE PLATE 27 CM  SILKA"},"content":{"rendered":"<p class=\"p1\">Assiette en porcelaine blanche lisse avec bordure blanc mat, alliant <span class=\"s1\">design contemporain<\/span> et <span class=\"s1\">sobri\u00e9t\u00e9 extr\u00eame<\/span>. Un choix \u00e9l\u00e9gant pour les restaurants, h\u00f4tels et tables raffin\u00e9es. Disponible en plusieurs tailles pour sublimer chaque plat, de l\u2019entr\u00e9e au dessert.<\/p>\n<ul>\n<li>\n<p class=\"p1\">Finition centrale lisse brillante, bordure mate<\/p>\n<\/li>\n<li>\n<p class=\"p1\">Porcelaine blanche premium<\/p>\n<\/li>\n<li>\n<p class=\"p1\">Esth\u00e9tique minimaliste et \u00e9pur\u00e9e<\/p>\n<\/li>\n<li>\n<p class=\"p1\">Id\u00e9ale pour dressages modernes<\/p>\n<\/li>\n<li>\n<p class=\"p1\">Plusieurs tailles disponibles : 23 \/ 27 \/ 29 \/ 31 cm<\/p>\n<\/li>\n<li>\n<p class=\"p1\">Compatible lave-vaisselle, micro-ondes et four<\/p>\n<\/li>\n<li>\n<p class=\"p1\">Empilable et r\u00e9sistante \u00e0 un usage professionnel intensif<\/p>\n<\/li>\n<\/ul>\n<p>&nbsp;<\/p>\n","protected":false},"excerpt":{"rendered":"<p>Assiette en porcelaine blanche lisse avec bordure blanc mat, alliant design contemporain et sobri\u00e9t\u00e9 extr\u00eame. Un choix \u00e9l\u00e9gant pour les restaurants, h\u00f4tels et tables raffin\u00e9es. Disponible en plusieurs tailles pour sublimer chaque plat, de l\u2019entr\u00e9e au dessert. Finition centrale lisse brillante, bordure mate Porcelaine blanche premium Esth\u00e9tique minimaliste et \u00e9pur\u00e9e Id\u00e9ale pour dressages modernes Plusieurs [&hellip;]<\/p>\n","protected":false},"featured_media":11706,"template":"","meta":{"_jet_sm_ready_style":"","_jet_sm_style":"","_jet_sm_controls_values":"","_jet_sm_fonts_collection":"","_jet_sm_fonts_links":""},"product_brand":[198],"product_cat":[215,39],"product_tag":[245],"product_collection":[420],"class_list":{"0":"post-11328","1":"product","2":"type-product","3":"status-publish","4":"has-post-thumbnail","6":"product_brand-lams-home","7":"product_cat-assiettes-plates","8":"product_cat-vaisselle","9":"product_tag-porcelaine","10":"product_collection-silka","12":"first","13":"instock","14":"taxable","15":"shipping-taxable","16":"purchasable","17":"product-type-variable","18":"has-default-attributes"},"_links":{"self":[{"href":"https:\/\/lams-home.com\/de\/wp-json\/wp\/v2\/product\/11328","targetHints":{"allow":["GET"]}}],"collection":[{"href":"https:\/\/lams-home.com\/de\/wp-json\/wp\/v2\/product"}],"about":[{"href":"https:\/\/lams-home.com\/de\/wp-json\/wp\/v2\/types\/product"}],"version-history":[{"count":0,"href":"https:\/\/lams-home.com\/de\/wp-json\/wp\/v2\/product\/11328\/revisions"}],"wp:featuredmedia":[{"embeddable":true,"href":"https:\/\/lams-home.com\/de\/wp-json\/wp\/v2\/media\/11706"}],"wp:attachment":[{"href":"https:\/\/lams-home.com\/de\/wp-json\/wp\/v2\/media?parent=11328"}],"wp:term":[{"taxonomy":"product_brand","embeddable":true,"href":"https:\/\/lams-home.com\/de\/wp-json\/wp\/v2\/product_brand?post=11328"},{"taxonomy":"product_cat","embeddable":true,"href":"https:\/\/lams-home.com\/de\/wp-json\/wp\/v2\/product_cat?post=11328"},{"taxonomy":"product_tag","embeddable":true,"href":"https:\/\/lams-home.com\/de\/wp-json\/wp\/v2\/product_tag?post=11328"},{"taxonomy":"product_collection","embeddable":true,"href":"https:\/\/lams-home.com\/de\/wp-json\/wp\/v2\/product_collection?post=11328"}],"curies":[{"name":"wp","href":"https:\/\/api.w.org\/{rel}","templated":true}]}}