{"id":11483,"date":"2025-06-11T13:04:58","date_gmt":"2025-06-11T11:04:58","guid":{"rendered":"https:\/\/lams-home.com\/?post_type=product&#038;p=11483"},"modified":"2025-10-10T16:05:19","modified_gmt":"2025-10-10T14:05:19","slug":"paire-tasse-a-cafe-10-cl-lilas","status":"publish","type":"product","link":"https:\/\/lams-home.com\/de\/produit\/paire-tasse-a-cafe-10-cl-lilas\/","title":{"rendered":"PAIRE TASSE A CAFE 10 cl  LILAS"},"content":{"rendered":"<p class=\"p1\">Ensemble tasse \u00e0 caf\u00e9 10 cl et sa sous-tasse assortie en porcelaine blanche lisse. Un mod\u00e8le <span class=\"s1\">classique, simple et \u00e9l\u00e9gant<\/span>, parfaitement adapt\u00e9 aux exigences du service professionnel en h\u00f4tellerie, caf\u00e9 et restauration.<\/p>\n<ul>\n<li>\n<p class=\"p1\">Contenance tasse : 10 cl<\/p>\n<\/li>\n<li>\n<p class=\"p1\">Porcelaine blanche lisse, finition brillante<\/p>\n<\/li>\n<li>\n<p class=\"p1\">Design sobre et intemporel<\/p>\n<\/li>\n<li>\n<p class=\"p1\">Sous-tasse assortie incluse<\/p>\n<\/li>\n<li>\n<p class=\"p1\">R\u00e9sistant, empilable, usage intensif<\/p>\n<\/li>\n<li>\n<p class=\"p1\">Compatible lave-vaisselle et micro-ondes<\/p>\n<\/li>\n<\/ul>\n<p>&nbsp;<\/p>\n","protected":false},"excerpt":{"rendered":"<p>Ensemble tasse \u00e0 caf\u00e9 10 cl et sa sous-tasse assortie en porcelaine blanche lisse. Un mod\u00e8le classique, simple et \u00e9l\u00e9gant, parfaitement adapt\u00e9 aux exigences du service professionnel en h\u00f4tellerie, caf\u00e9 et restauration. Contenance tasse : 10 cl Porcelaine blanche lisse, finition brillante Design sobre et intemporel Sous-tasse assortie incluse R\u00e9sistant, empilable, usage intensif Compatible lave-vaisselle [&hellip;]<\/p>\n","protected":false},"featured_media":1403,"template":"","meta":{"_jet_sm_ready_style":"","_jet_sm_style":"","_jet_sm_controls_values":"","_jet_sm_fonts_collection":"","_jet_sm_fonts_links":""},"product_brand":[198],"product_cat":[51,39],"product_tag":[245],"product_collection":[422],"class_list":{"0":"post-11483","1":"product","2":"type-product","3":"status-publish","4":"has-post-thumbnail","6":"product_brand-lams-home","7":"product_cat-mugs-et-tasses","8":"product_cat-vaisselle","9":"product_tag-porcelaine","10":"product_collection-lilas","12":"first","13":"instock","14":"taxable","15":"shipping-taxable","16":"purchasable","17":"product-type-variable","18":"has-default-attributes"},"_links":{"self":[{"href":"https:\/\/lams-home.com\/de\/wp-json\/wp\/v2\/product\/11483","targetHints":{"allow":["GET"]}}],"collection":[{"href":"https:\/\/lams-home.com\/de\/wp-json\/wp\/v2\/product"}],"about":[{"href":"https:\/\/lams-home.com\/de\/wp-json\/wp\/v2\/types\/product"}],"version-history":[{"count":0,"href":"https:\/\/lams-home.com\/de\/wp-json\/wp\/v2\/product\/11483\/revisions"}],"wp:featuredmedia":[{"embeddable":true,"href":"https:\/\/lams-home.com\/de\/wp-json\/wp\/v2\/media\/1403"}],"wp:attachment":[{"href":"https:\/\/lams-home.com\/de\/wp-json\/wp\/v2\/media?parent=11483"}],"wp:term":[{"taxonomy":"product_brand","embeddable":true,"href":"https:\/\/lams-home.com\/de\/wp-json\/wp\/v2\/product_brand?post=11483"},{"taxonomy":"product_cat","embeddable":true,"href":"https:\/\/lams-home.com\/de\/wp-json\/wp\/v2\/product_cat?post=11483"},{"taxonomy":"product_tag","embeddable":true,"href":"https:\/\/lams-home.com\/de\/wp-json\/wp\/v2\/product_tag?post=11483"},{"taxonomy":"product_collection","embeddable":true,"href":"https:\/\/lams-home.com\/de\/wp-json\/wp\/v2\/product_collection?post=11483"}],"curies":[{"name":"wp","href":"https:\/\/api.w.org\/{rel}","templated":true}]}}