{"id":11496,"date":"2025-06-11T13:58:27","date_gmt":"2025-06-11T11:58:27","guid":{"rendered":"https:\/\/lams-home.com\/?post_type=product&#038;p=11496"},"modified":"2025-10-13T20:00:35","modified_gmt":"2025-10-13T18:00:35","slug":"assiette-plate-27cm-capri","status":"publish","type":"product","link":"https:\/\/lams-home.com\/de\/produit\/assiette-plate-27cm-capri\/","title":{"rendered":"ASSIETTE PLATE 27 CM  CAPRI"},"content":{"rendered":"<p class=\"p1\">Assiette plate en porcelaine blanche lisse, <span class=\"s1\">forme organique<\/span> et finition brillante. La collection CAPRI propose un design contemporain aux lignes douces, pour une table \u00e0 la fois sobre et expressive. Id\u00e9ale pour les restaurants \u00e0 la recherche d\u2019une \u00e9l\u00e9gance naturelle.<\/p>\n<ul>\n<li>\n<p class=\"p1\">Diam\u00e8tre : 22, 27, 31 cm<\/p>\n<\/li>\n<li>\n<p class=\"p1\">Porcelaine blanche lisse, forme organique<\/p>\n<\/li>\n<li>\n<p class=\"p1\">Design \u00e9pur\u00e9 et moderne<\/p>\n<\/li>\n<li>\n<p class=\"p1\">Compatible lave-vaisselle, micro-ondes et four<\/p>\n<\/li>\n<li>\n<p class=\"p1\">Empilable et robuste pour un usage professionnel<\/p>\n<\/li>\n<\/ul>\n<p>&nbsp;<\/p>\n","protected":false},"excerpt":{"rendered":"<p>Assiette plate en porcelaine blanche lisse, forme organique et finition brillante. La collection CAPRI propose un design contemporain aux lignes douces, pour une table \u00e0 la fois sobre et expressive. Id\u00e9ale pour les restaurants \u00e0 la recherche d\u2019une \u00e9l\u00e9gance naturelle. Diam\u00e8tre : 22, 27, 31 cm Porcelaine blanche lisse, forme organique Design \u00e9pur\u00e9 et moderne [&hellip;]<\/p>\n","protected":false},"featured_media":1417,"template":"","meta":{"_jet_sm_ready_style":"","_jet_sm_style":"","_jet_sm_controls_values":"","_jet_sm_fonts_collection":"","_jet_sm_fonts_links":""},"product_brand":[198],"product_cat":[215,39],"product_tag":[245],"product_collection":[423],"class_list":{"0":"post-11496","1":"product","2":"type-product","3":"status-publish","4":"has-post-thumbnail","6":"product_brand-lams-home","7":"product_cat-assiettes-plates","8":"product_cat-vaisselle","9":"product_tag-porcelaine","10":"product_collection-capri","12":"first","13":"instock","14":"taxable","15":"shipping-taxable","16":"purchasable","17":"product-type-variable","18":"has-default-attributes"},"_links":{"self":[{"href":"https:\/\/lams-home.com\/de\/wp-json\/wp\/v2\/product\/11496","targetHints":{"allow":["GET"]}}],"collection":[{"href":"https:\/\/lams-home.com\/de\/wp-json\/wp\/v2\/product"}],"about":[{"href":"https:\/\/lams-home.com\/de\/wp-json\/wp\/v2\/types\/product"}],"version-history":[{"count":0,"href":"https:\/\/lams-home.com\/de\/wp-json\/wp\/v2\/product\/11496\/revisions"}],"wp:featuredmedia":[{"embeddable":true,"href":"https:\/\/lams-home.com\/de\/wp-json\/wp\/v2\/media\/1417"}],"wp:attachment":[{"href":"https:\/\/lams-home.com\/de\/wp-json\/wp\/v2\/media?parent=11496"}],"wp:term":[{"taxonomy":"product_brand","embeddable":true,"href":"https:\/\/lams-home.com\/de\/wp-json\/wp\/v2\/product_brand?post=11496"},{"taxonomy":"product_cat","embeddable":true,"href":"https:\/\/lams-home.com\/de\/wp-json\/wp\/v2\/product_cat?post=11496"},{"taxonomy":"product_tag","embeddable":true,"href":"https:\/\/lams-home.com\/de\/wp-json\/wp\/v2\/product_tag?post=11496"},{"taxonomy":"product_collection","embeddable":true,"href":"https:\/\/lams-home.com\/de\/wp-json\/wp\/v2\/product_collection?post=11496"}],"curies":[{"name":"wp","href":"https:\/\/api.w.org\/{rel}","templated":true}]}}