{"id":11607,"date":"2025-06-12T13:41:35","date_gmt":"2025-06-12T11:41:35","guid":{"rendered":"https:\/\/lams-home.com\/?post_type=product&#038;p=11607"},"modified":"2025-10-10T16:05:26","modified_gmt":"2025-10-10T14:05:26","slug":"saladier-19-cm-sarah","status":"publish","type":"product","link":"https:\/\/lams-home.com\/de\/produit\/saladier-19-cm-sarah\/","title":{"rendered":"SALADIER 19 CM  SARAH"},"content":{"rendered":"<p class=\"p1\">Saladier en porcelaine blanche \u00e0 la forme sph\u00e9rique parfaite, aux courbes douces et lignes pures.<\/p>\n<p class=\"p1\">La collection <span class=\"s1\">SARAH<\/span> se distingue par son design profond et \u00e9quilibr\u00e9, alliant finesse et fonctionnalit\u00e9.<\/p>\n<p class=\"p1\">Id\u00e9al pour les pr\u00e9sentations \u00e9l\u00e9gantes en service individuel ou pour des portions partag\u00e9es en toute simplicit\u00e9.<\/p>\n<p class=\"p3\">Diam\u00e8tre :<span class=\"s2\"> 19, 23, 27 cm<\/span><\/p>\n<p class=\"p3\">Porcelaine blanche lisse, finition brillante<\/p>\n<p class=\"p3\">Courbes fluides et proportions harmonieuses<\/p>\n<p class=\"p3\">Design fin, profond et contemporain<\/p>\n<p class=\"p3\">Empilable, compatible lave-vaisselle, four et micro-ondes<\/p>\n<p class=\"p3\">Adapt\u00e9 \u00e0 un usage professionnel intensif<b><\/b><\/p>\n","protected":false},"excerpt":{"rendered":"<p>Saladier en porcelaine blanche \u00e0 la forme sph\u00e9rique parfaite, aux courbes douces et lignes pures. La collection SARAH se distingue par son design profond et \u00e9quilibr\u00e9, alliant finesse et fonctionnalit\u00e9. Id\u00e9al pour les pr\u00e9sentations \u00e9l\u00e9gantes en service individuel ou pour des portions partag\u00e9es en toute simplicit\u00e9. Diam\u00e8tre : 19, 23, 27 cm Porcelaine blanche lisse, [&hellip;]<\/p>\n","protected":false},"featured_media":11670,"template":"","meta":{"_jet_sm_ready_style":"","_jet_sm_style":"","_jet_sm_controls_values":"","_jet_sm_fonts_collection":"","_jet_sm_fonts_links":""},"product_brand":[198],"product_cat":[218,219,39],"product_tag":[245],"product_collection":[426],"class_list":{"0":"post-11607","1":"product","2":"type-product","3":"status-publish","4":"has-post-thumbnail","6":"product_brand-lams-home","7":"product_cat-bols","8":"product_cat-saladiers","9":"product_cat-vaisselle","10":"product_tag-porcelaine","11":"product_collection-sarah","13":"first","14":"instock","15":"taxable","16":"shipping-taxable","17":"purchasable","18":"product-type-variable","19":"has-default-attributes"},"_links":{"self":[{"href":"https:\/\/lams-home.com\/de\/wp-json\/wp\/v2\/product\/11607","targetHints":{"allow":["GET"]}}],"collection":[{"href":"https:\/\/lams-home.com\/de\/wp-json\/wp\/v2\/product"}],"about":[{"href":"https:\/\/lams-home.com\/de\/wp-json\/wp\/v2\/types\/product"}],"version-history":[{"count":0,"href":"https:\/\/lams-home.com\/de\/wp-json\/wp\/v2\/product\/11607\/revisions"}],"wp:featuredmedia":[{"embeddable":true,"href":"https:\/\/lams-home.com\/de\/wp-json\/wp\/v2\/media\/11670"}],"wp:attachment":[{"href":"https:\/\/lams-home.com\/de\/wp-json\/wp\/v2\/media?parent=11607"}],"wp:term":[{"taxonomy":"product_brand","embeddable":true,"href":"https:\/\/lams-home.com\/de\/wp-json\/wp\/v2\/product_brand?post=11607"},{"taxonomy":"product_cat","embeddable":true,"href":"https:\/\/lams-home.com\/de\/wp-json\/wp\/v2\/product_cat?post=11607"},{"taxonomy":"product_tag","embeddable":true,"href":"https:\/\/lams-home.com\/de\/wp-json\/wp\/v2\/product_tag?post=11607"},{"taxonomy":"product_collection","embeddable":true,"href":"https:\/\/lams-home.com\/de\/wp-json\/wp\/v2\/product_collection?post=11607"}],"curies":[{"name":"wp","href":"https:\/\/api.w.org\/{rel}","templated":true}]}}