{"id":11756,"date":"2025-06-14T14:27:46","date_gmt":"2025-06-14T12:27:46","guid":{"rendered":"https:\/\/lams-home.com\/?post_type=product&#038;p=11756"},"modified":"2025-10-10T16:05:16","modified_gmt":"2025-10-10T14:05:16","slug":"paire-tasse-a-the-22-cl-jour-nuit-blanc","status":"publish","type":"product","link":"https:\/\/lams-home.com\/de\/produit\/paire-tasse-a-the-22-cl-jour-nuit-blanc\/","title":{"rendered":"PAIRE TASSE A THE 22 CL  Jour &#038; Nuit blanc"},"content":{"rendered":"<p class=\"p1\">Tasse \u00e0 th\u00e9 et sous-tasse en porcelaine blanche lisse, d\u00e9cor\u00e9es d\u2019un d\u00e9licat filet dor\u00e9 pour une touche d\u2019\u00e9l\u00e9gance discr\u00e8te.<\/p>\n<p class=\"p1\">La collection <span class=\"s1\">Jour &amp; Nuit<\/span> s\u2019adresse aux \u00e9tablissements raffin\u00e9s, en alliant sobri\u00e9t\u00e9 du blanc et brillance du dor\u00e9.<\/p>\n<p class=\"p1\">Un service chic et intemporel, id\u00e9al pour les h\u00f4tels et restaurants haut de gamme.<\/p>\n<p class=\"p3\">Capacit\u00e9 :<span class=\"s2\"> 22 cl<\/span><\/p>\n<p class=\"p3\">Porcelaine blanche lisse, finition brillante<\/p>\n<p class=\"p3\">Filet dor\u00e9 sur la tasse et la sous-tasse<\/p>\n<p class=\"p3\">Design \u00e9l\u00e9gant et \u00e9quilibr\u00e9<\/p>\n<p class=\"p3\">Compatible lave-vaisselle (cycle d\u00e9licat)<\/p>\n<p class=\"p3\">Parfait pour un usage professionnel soign\u00e9<\/p>\n","protected":false},"excerpt":{"rendered":"<p>Tasse \u00e0 th\u00e9 et sous-tasse en porcelaine blanche lisse, d\u00e9cor\u00e9es d\u2019un d\u00e9licat filet dor\u00e9 pour une touche d\u2019\u00e9l\u00e9gance discr\u00e8te. La collection Jour &amp; Nuit s\u2019adresse aux \u00e9tablissements raffin\u00e9s, en alliant sobri\u00e9t\u00e9 du blanc et brillance du dor\u00e9. Un service chic et intemporel, id\u00e9al pour les h\u00f4tels et restaurants haut de gamme. Capacit\u00e9 : 22 cl [&hellip;]<\/p>\n","protected":false},"featured_media":1477,"template":"","meta":{"_jet_sm_ready_style":"","_jet_sm_style":"","_jet_sm_controls_values":"","_jet_sm_fonts_collection":"","_jet_sm_fonts_links":""},"product_brand":[198],"product_cat":[51,39],"product_tag":[245],"product_collection":[430],"class_list":{"0":"post-11756","1":"product","2":"type-product","3":"status-publish","4":"has-post-thumbnail","6":"product_brand-lams-home","7":"product_cat-mugs-et-tasses","8":"product_cat-vaisselle","9":"product_tag-porcelaine","10":"product_collection-jour-nuit-blanc","12":"first","13":"instock","14":"taxable","15":"shipping-taxable","16":"purchasable","17":"product-type-variable","18":"has-default-attributes"},"_links":{"self":[{"href":"https:\/\/lams-home.com\/de\/wp-json\/wp\/v2\/product\/11756","targetHints":{"allow":["GET"]}}],"collection":[{"href":"https:\/\/lams-home.com\/de\/wp-json\/wp\/v2\/product"}],"about":[{"href":"https:\/\/lams-home.com\/de\/wp-json\/wp\/v2\/types\/product"}],"version-history":[{"count":0,"href":"https:\/\/lams-home.com\/de\/wp-json\/wp\/v2\/product\/11756\/revisions"}],"wp:featuredmedia":[{"embeddable":true,"href":"https:\/\/lams-home.com\/de\/wp-json\/wp\/v2\/media\/1477"}],"wp:attachment":[{"href":"https:\/\/lams-home.com\/de\/wp-json\/wp\/v2\/media?parent=11756"}],"wp:term":[{"taxonomy":"product_brand","embeddable":true,"href":"https:\/\/lams-home.com\/de\/wp-json\/wp\/v2\/product_brand?post=11756"},{"taxonomy":"product_cat","embeddable":true,"href":"https:\/\/lams-home.com\/de\/wp-json\/wp\/v2\/product_cat?post=11756"},{"taxonomy":"product_tag","embeddable":true,"href":"https:\/\/lams-home.com\/de\/wp-json\/wp\/v2\/product_tag?post=11756"},{"taxonomy":"product_collection","embeddable":true,"href":"https:\/\/lams-home.com\/de\/wp-json\/wp\/v2\/product_collection?post=11756"}],"curies":[{"name":"wp","href":"https:\/\/api.w.org\/{rel}","templated":true}]}}