{"id":11803,"date":"2025-06-15T17:46:40","date_gmt":"2025-06-15T15:46:40","guid":{"rendered":"https:\/\/lams-home.com\/?post_type=product&#038;p=11803"},"modified":"2025-10-10T16:05:18","modified_gmt":"2025-10-10T14:05:18","slug":"assiette-plate-27-cm-lava-doree","status":"publish","type":"product","link":"https:\/\/lams-home.com\/de\/produit\/assiette-plate-27-cm-lava-doree\/","title":{"rendered":"ASSIETTE PLATE 27 CM  LAVA  Dor\u00e9e"},"content":{"rendered":"<p class=\"p1\">Assiette en gr\u00e8s noir mat, sublim\u00e9e par un centre dor\u00e9 au fini subtil et textur\u00e9, \u00e9voquant la fusion entre la mati\u00e8re brute et le pr\u00e9cieux.<\/p>\n<p class=\"p1\">Cette version exclusive de la collection <span class=\"s1\">LAVA<\/span> joue sur les contrastes : le noir profond du gr\u00e8s et l\u2019\u00e9clat d\u00e9licat de la dorure apportent un caract\u00e8re exceptionnel \u00e0 chaque pr\u00e9sentation.<\/p>\n<p class=\"p1\">Id\u00e9ale pour les restaurants recherchant un support visuel fort, sans compromettre la finesse ni l\u2019\u00e9l\u00e9gance.<\/p>\n<p class=\"p3\">Diam\u00e8tre :<span class=\"s2\"> 27 cm<\/span><\/p>\n<p class=\"p3\">Gr\u00e8s noir mat avec centre dor\u00e9 textur\u00e9<\/p>\n<p class=\"p3\">Contraste raffin\u00e9 entre mati\u00e8re brute et touche pr\u00e9cieuse<\/p>\n<p class=\"p3\">Design unique et audacieux<\/p>\n<p class=\"p3\">Finition artisanale, chaque pi\u00e8ce est unique<\/p>\n<p class=\"p3\">Compatible lave-vaisselle (cycle d\u00e9licat)<\/p>\n<p class=\"p3\">Parfaite pour une table contemporaine haut de gamme<b><\/b><\/p>\n","protected":false},"excerpt":{"rendered":"<p>Assiette en gr\u00e8s noir mat, sublim\u00e9e par un centre dor\u00e9 au fini subtil et textur\u00e9, \u00e9voquant la fusion entre la mati\u00e8re brute et le pr\u00e9cieux. Cette version exclusive de la collection LAVA joue sur les contrastes : le noir profond du gr\u00e8s et l\u2019\u00e9clat d\u00e9licat de la dorure apportent un caract\u00e8re exceptionnel \u00e0 chaque pr\u00e9sentation. [&hellip;]<\/p>\n","protected":false},"featured_media":1397,"template":"","meta":{"_jet_sm_ready_style":"","_jet_sm_style":"","_jet_sm_controls_values":"","_jet_sm_fonts_collection":"","_jet_sm_fonts_links":""},"product_brand":[198],"product_cat":[215,39],"product_tag":[244],"product_collection":[416],"class_list":{"0":"post-11803","1":"product","2":"type-product","3":"status-publish","4":"has-post-thumbnail","6":"product_brand-lams-home","7":"product_cat-assiettes-plates","8":"product_cat-vaisselle","9":"product_tag-ceramique","10":"product_collection-lava","12":"first","13":"instock","14":"taxable","15":"shipping-taxable","16":"purchasable","17":"product-type-variable","18":"has-default-attributes"},"_links":{"self":[{"href":"https:\/\/lams-home.com\/de\/wp-json\/wp\/v2\/product\/11803","targetHints":{"allow":["GET"]}}],"collection":[{"href":"https:\/\/lams-home.com\/de\/wp-json\/wp\/v2\/product"}],"about":[{"href":"https:\/\/lams-home.com\/de\/wp-json\/wp\/v2\/types\/product"}],"version-history":[{"count":0,"href":"https:\/\/lams-home.com\/de\/wp-json\/wp\/v2\/product\/11803\/revisions"}],"wp:featuredmedia":[{"embeddable":true,"href":"https:\/\/lams-home.com\/de\/wp-json\/wp\/v2\/media\/1397"}],"wp:attachment":[{"href":"https:\/\/lams-home.com\/de\/wp-json\/wp\/v2\/media?parent=11803"}],"wp:term":[{"taxonomy":"product_brand","embeddable":true,"href":"https:\/\/lams-home.com\/de\/wp-json\/wp\/v2\/product_brand?post=11803"},{"taxonomy":"product_cat","embeddable":true,"href":"https:\/\/lams-home.com\/de\/wp-json\/wp\/v2\/product_cat?post=11803"},{"taxonomy":"product_tag","embeddable":true,"href":"https:\/\/lams-home.com\/de\/wp-json\/wp\/v2\/product_tag?post=11803"},{"taxonomy":"product_collection","embeddable":true,"href":"https:\/\/lams-home.com\/de\/wp-json\/wp\/v2\/product_collection?post=11803"}],"curies":[{"name":"wp","href":"https:\/\/api.w.org\/{rel}","templated":true}]}}