{"id":11816,"date":"2025-06-15T18:17:56","date_gmt":"2025-06-15T16:17:56","guid":{"rendered":"https:\/\/lams-home.com\/?post_type=product&#038;p=11816"},"modified":"2025-10-15T19:30:43","modified_gmt":"2025-10-15T17:30:43","slug":"saladier-21-cm-lava-doree-organique","status":"publish","type":"product","link":"https:\/\/lams-home.com\/de\/produit\/saladier-21-cm-lava-doree-organique\/","title":{"rendered":"saladier organique 21 CM  LAVA  Dor\u00e9e"},"content":{"rendered":"<p class=\"p1\">Saladier en gr\u00e8s noir mat, orn\u00e9 d\u2019une finition dor\u00e9e textur\u00e9e qui \u00e9voque la chaleur min\u00e9rale et l\u2019\u00e9l\u00e9gance min\u00e9rale naturelle.<\/p>\n<p class=\"p1\">Avec son diam\u00e8tre de 21 cm, il est id\u00e9al pour le service des salades, desserts ou plats raffin\u00e9s.<\/p>\n<p class=\"p1\">La collection <span class=\"s1\">LAVA<\/span> se distingue par son design brut et contemporain, alli\u00e9 \u00e0 une finition pr\u00e9cieuse pour une table singuli\u00e8re.<\/p>\n<p class=\"p3\">Diam\u00e8tre :<span class=\"s2\"> 21 cm<\/span><\/p>\n<p class=\"p3\">Gr\u00e8s noir mat avec finition dor\u00e9e textur\u00e9e<\/p>\n<p class=\"p3\">Design naturel et \u00e9l\u00e9gant, inspir\u00e9 de la lave volcanique<\/p>\n<p class=\"p3\">Convient pour salades, desserts ou plats.<\/p>\n<p class=\"p3\">Compatible four, micro-ondes et lave-vaisselle (cycle d\u00e9licat)<\/p>\n<p class=\"p3\">Parfait pour un usage professionnel haut de gamme<\/p>\n","protected":false},"excerpt":{"rendered":"<p>Saladier en gr\u00e8s noir mat, orn\u00e9 d\u2019une finition dor\u00e9e textur\u00e9e qui \u00e9voque la chaleur min\u00e9rale et l\u2019\u00e9l\u00e9gance min\u00e9rale naturelle. Avec son diam\u00e8tre de 21 cm, il est id\u00e9al pour le service des salades, desserts ou plats raffin\u00e9s. La collection LAVA se distingue par son design brut et contemporain, alli\u00e9 \u00e0 une finition pr\u00e9cieuse pour une [&hellip;]<\/p>\n","protected":false},"featured_media":1398,"template":"","meta":{"_jet_sm_ready_style":"","_jet_sm_style":"","_jet_sm_controls_values":"","_jet_sm_fonts_collection":"","_jet_sm_fonts_links":""},"product_brand":[198],"product_cat":[219,39],"product_tag":[244],"product_collection":[416],"class_list":{"0":"post-11816","1":"product","2":"type-product","3":"status-publish","4":"has-post-thumbnail","6":"product_brand-lams-home","7":"product_cat-saladiers","8":"product_cat-vaisselle","9":"product_tag-ceramique","10":"product_collection-lava","12":"first","13":"instock","14":"taxable","15":"shipping-taxable","16":"purchasable","17":"product-type-variable","18":"has-default-attributes"},"_links":{"self":[{"href":"https:\/\/lams-home.com\/de\/wp-json\/wp\/v2\/product\/11816","targetHints":{"allow":["GET"]}}],"collection":[{"href":"https:\/\/lams-home.com\/de\/wp-json\/wp\/v2\/product"}],"about":[{"href":"https:\/\/lams-home.com\/de\/wp-json\/wp\/v2\/types\/product"}],"version-history":[{"count":0,"href":"https:\/\/lams-home.com\/de\/wp-json\/wp\/v2\/product\/11816\/revisions"}],"wp:featuredmedia":[{"embeddable":true,"href":"https:\/\/lams-home.com\/de\/wp-json\/wp\/v2\/media\/1398"}],"wp:attachment":[{"href":"https:\/\/lams-home.com\/de\/wp-json\/wp\/v2\/media?parent=11816"}],"wp:term":[{"taxonomy":"product_brand","embeddable":true,"href":"https:\/\/lams-home.com\/de\/wp-json\/wp\/v2\/product_brand?post=11816"},{"taxonomy":"product_cat","embeddable":true,"href":"https:\/\/lams-home.com\/de\/wp-json\/wp\/v2\/product_cat?post=11816"},{"taxonomy":"product_tag","embeddable":true,"href":"https:\/\/lams-home.com\/de\/wp-json\/wp\/v2\/product_tag?post=11816"},{"taxonomy":"product_collection","embeddable":true,"href":"https:\/\/lams-home.com\/de\/wp-json\/wp\/v2\/product_collection?post=11816"}],"curies":[{"name":"wp","href":"https:\/\/api.w.org\/{rel}","templated":true}]}}