{"id":11898,"date":"2025-06-16T16:00:00","date_gmt":"2025-06-16T14:00:00","guid":{"rendered":"https:\/\/lams-home.com\/?post_type=product&#038;p=11898"},"modified":"2025-06-16T20:03:57","modified_gmt":"2025-06-16T18:03:57","slug":"assiette-calotte-20-cm-toscane-14","status":"publish","type":"product","link":"https:\/\/lams-home.com\/de\/produit\/assiette-calotte-20-cm-toscane-14\/","title":{"rendered":"ASSIETTE CALOTTE  20 cm  TOSCANE 14"},"content":{"rendered":"<p class=\"p1\">Assiette calotte en gr\u00e8s fin aux tons bleu ciel naturel, rehauss\u00e9e d\u2019une lisi\u00e8re rouille subtile.<\/p>\n<p class=\"p1\">Son design \u00e9quilibr\u00e9, avec une courbure douce et un fond l\u00e9g\u00e8rement creux, est id\u00e9al pour les entr\u00e9es, soupes ou desserts raffin\u00e9s.<\/p>\n<p class=\"p1\">La finition brillante r\u00e9v\u00e8le la richesse des nuances et le caract\u00e8re artisanal de la collection <span class=\"s1\">TOSCANE<\/span>.<\/p>\n<p class=\"p3\">Diam\u00e8tre :<span class=\"s2\"> 20 cm<\/span><\/p>\n<p class=\"p3\">Bleu ciel avec lisi\u00e8re rouille, finition brillante<\/p>\n<p class=\"p3\">Forme calotte avec profondeur ma\u00eetris\u00e9e<\/p>\n<p class=\"p3\">Design chaleureux, naturel et contemporain<\/p>\n<p class=\"p3\">Compatible four, micro-ondes et lave-vaisselle<\/p>\n<p class=\"p3\">Con\u00e7ue pour un usage professionnel quotidien<b><\/b><\/p>\n","protected":false},"excerpt":{"rendered":"<p>Assiette calotte en gr\u00e8s fin aux tons bleu ciel naturel, rehauss\u00e9e d\u2019une lisi\u00e8re rouille subtile. Son design \u00e9quilibr\u00e9, avec une courbure douce et un fond l\u00e9g\u00e8rement creux, est id\u00e9al pour les entr\u00e9es, soupes ou desserts raffin\u00e9s. La finition brillante r\u00e9v\u00e8le la richesse des nuances et le caract\u00e8re artisanal de la collection TOSCANE. Diam\u00e8tre : 20 [&hellip;]<\/p>\n","protected":false},"featured_media":7585,"template":"","meta":{"_jet_sm_ready_style":"","_jet_sm_style":"","_jet_sm_controls_values":"","_jet_sm_fonts_collection":"","_jet_sm_fonts_links":""},"product_brand":[198],"product_cat":[216,219,39],"product_tag":[244],"product_collection":[],"class_list":{"0":"post-11898","1":"product","2":"type-product","3":"status-publish","4":"has-post-thumbnail","6":"product_brand-lams-home","7":"product_cat-assiettes-creuses","8":"product_cat-saladiers","9":"product_cat-vaisselle","10":"product_tag-ceramique","12":"first","13":"instock","14":"taxable","15":"shipping-taxable","16":"purchasable","17":"product-type-variable","18":"has-default-attributes"},"_links":{"self":[{"href":"https:\/\/lams-home.com\/de\/wp-json\/wp\/v2\/product\/11898","targetHints":{"allow":["GET"]}}],"collection":[{"href":"https:\/\/lams-home.com\/de\/wp-json\/wp\/v2\/product"}],"about":[{"href":"https:\/\/lams-home.com\/de\/wp-json\/wp\/v2\/types\/product"}],"version-history":[{"count":0,"href":"https:\/\/lams-home.com\/de\/wp-json\/wp\/v2\/product\/11898\/revisions"}],"wp:featuredmedia":[{"embeddable":true,"href":"https:\/\/lams-home.com\/de\/wp-json\/wp\/v2\/media\/7585"}],"wp:attachment":[{"href":"https:\/\/lams-home.com\/de\/wp-json\/wp\/v2\/media?parent=11898"}],"wp:term":[{"taxonomy":"product_brand","embeddable":true,"href":"https:\/\/lams-home.com\/de\/wp-json\/wp\/v2\/product_brand?post=11898"},{"taxonomy":"product_cat","embeddable":true,"href":"https:\/\/lams-home.com\/de\/wp-json\/wp\/v2\/product_cat?post=11898"},{"taxonomy":"product_tag","embeddable":true,"href":"https:\/\/lams-home.com\/de\/wp-json\/wp\/v2\/product_tag?post=11898"},{"taxonomy":"product_collection","embeddable":true,"href":"https:\/\/lams-home.com\/de\/wp-json\/wp\/v2\/product_collection?post=11898"}],"curies":[{"name":"wp","href":"https:\/\/api.w.org\/{rel}","templated":true}]}}