{"id":11985,"date":"2025-06-16T20:51:36","date_gmt":"2025-06-16T18:51:36","guid":{"rendered":"https:\/\/lams-home.com\/?post_type=product&#038;p=11985"},"modified":"2025-10-10T16:05:31","modified_gmt":"2025-10-10T14:05:31","slug":"saladier-23-cm-toscane-07","status":"publish","type":"product","link":"https:\/\/lams-home.com\/de\/produit\/saladier-23-cm-toscane-07\/","title":{"rendered":"SALADIER 23 CM   TOSCANE 07"},"content":{"rendered":"<p class=\"p1\">Saladier en gr\u00e8s \u00e9maill\u00e9, parfaitement rond avec des courbes pr\u00e9cises et \u00e9quilibr\u00e9es.<\/p>\n<p class=\"p1\">La collection <span class=\"s1\">TOSCANE 07<\/span> se distingue par ses teintes bleu fonc\u00e9 profond, accompagn\u00e9es d\u2019une lisi\u00e8re rouille subtile, cr\u00e9ant un contraste \u00e9l\u00e9gant et raffin\u00e9.<\/p>\n<p class=\"p1\">Ce saladier de 23 cm est id\u00e9al pour des plats \u00e0 partager, salades fra\u00eeches ou accompagnements, tout en apportant une touche sophistiqu\u00e9e \u00e0 la table.<\/p>\n<p class=\"p3\">Diam\u00e8tre :<span class=\"s2\"> 23 cm<\/span><\/p>\n<p class=\"p3\">Gr\u00e8s \u00e9maill\u00e9 brillant, bleu fonc\u00e9<\/p>\n<p class=\"p3\">Forme parfaitement ronde avec courbes exactes<\/p>\n<p class=\"p3\">Lisi\u00e8re rouille pour une touche de chaleur<\/p>\n<p class=\"p3\">Polyvalent : salades, plats \u00e0 partager, accompagnements<\/p>\n<p class=\"p3\">Compatible four, micro-ondes et lave-vaisselle<\/p>\n<p class=\"p3\">Con\u00e7u pour un usage professionnel \u00e9l\u00e9gant et pratique<b><\/b><\/p>\n","protected":false},"excerpt":{"rendered":"<p>Saladier en gr\u00e8s \u00e9maill\u00e9, parfaitement rond avec des courbes pr\u00e9cises et \u00e9quilibr\u00e9es. La collection TOSCANE 07 se distingue par ses teintes bleu fonc\u00e9 profond, accompagn\u00e9es d\u2019une lisi\u00e8re rouille subtile, cr\u00e9ant un contraste \u00e9l\u00e9gant et raffin\u00e9. Ce saladier de 23 cm est id\u00e9al pour des plats \u00e0 partager, salades fra\u00eeches ou accompagnements, tout en apportant une [&hellip;]<\/p>\n","protected":false},"featured_media":1386,"template":"","meta":{"_jet_sm_ready_style":"","_jet_sm_style":"","_jet_sm_controls_values":"","_jet_sm_fonts_collection":"","_jet_sm_fonts_links":""},"product_brand":[198],"product_cat":[216,219,39],"product_tag":[244],"product_collection":[417],"class_list":{"0":"post-11985","1":"product","2":"type-product","3":"status-publish","4":"has-post-thumbnail","6":"product_brand-lams-home","7":"product_cat-assiettes-creuses","8":"product_cat-saladiers","9":"product_cat-vaisselle","10":"product_tag-ceramique","11":"product_collection-toscane","13":"first","14":"instock","15":"taxable","16":"shipping-taxable","17":"purchasable","18":"product-type-variable","19":"has-default-attributes"},"_links":{"self":[{"href":"https:\/\/lams-home.com\/de\/wp-json\/wp\/v2\/product\/11985","targetHints":{"allow":["GET"]}}],"collection":[{"href":"https:\/\/lams-home.com\/de\/wp-json\/wp\/v2\/product"}],"about":[{"href":"https:\/\/lams-home.com\/de\/wp-json\/wp\/v2\/types\/product"}],"version-history":[{"count":0,"href":"https:\/\/lams-home.com\/de\/wp-json\/wp\/v2\/product\/11985\/revisions"}],"wp:featuredmedia":[{"embeddable":true,"href":"https:\/\/lams-home.com\/de\/wp-json\/wp\/v2\/media\/1386"}],"wp:attachment":[{"href":"https:\/\/lams-home.com\/de\/wp-json\/wp\/v2\/media?parent=11985"}],"wp:term":[{"taxonomy":"product_brand","embeddable":true,"href":"https:\/\/lams-home.com\/de\/wp-json\/wp\/v2\/product_brand?post=11985"},{"taxonomy":"product_cat","embeddable":true,"href":"https:\/\/lams-home.com\/de\/wp-json\/wp\/v2\/product_cat?post=11985"},{"taxonomy":"product_tag","embeddable":true,"href":"https:\/\/lams-home.com\/de\/wp-json\/wp\/v2\/product_tag?post=11985"},{"taxonomy":"product_collection","embeddable":true,"href":"https:\/\/lams-home.com\/de\/wp-json\/wp\/v2\/product_collection?post=11985"}],"curies":[{"name":"wp","href":"https:\/\/api.w.org\/{rel}","templated":true}]}}