{"id":12157,"date":"2025-06-18T16:04:32","date_gmt":"2025-06-18T14:04:32","guid":{"rendered":"https:\/\/lams-home.com\/?post_type=product&#038;p=12157"},"modified":"2025-10-10T16:05:30","modified_gmt":"2025-10-10T14:05:30","slug":"assiette-dessert-27-cm-toscane-46","status":"publish","type":"product","link":"https:\/\/lams-home.com\/de\/produit\/assiette-dessert-27-cm-toscane-46\/","title":{"rendered":"ASSIETTE DESSERT 27 CM  TOSCANE 46"},"content":{"rendered":"<p class=\"p1\">Assiette en gr\u00e8s \u00e9maill\u00e9 aux nuances douces de vert pastel, bleu brume et beige naturel, \u00e9voquant la fra\u00eecheur et l\u2019harmonie des mati\u00e8res min\u00e9rales.<\/p>\n<p class=\"p1\">La collection <span class=\"s1\">TOSCANE 46<\/span> se distingue par sa palette apaisante et sa finition mi-mate, mi-brillante, id\u00e9ale pour une table contemporaine et d\u00e9licate.<\/p>\n<p class=\"p1\">Disponible en plusieurs tailles pour composer une table \u00e9l\u00e9gante et \u00e9quilibr\u00e9e.<\/p>\n<p class=\"p3\">Diam\u00e8tre :<span class=\"s2\"> 21 cm<\/span><\/p>\n<p class=\"p3\">Gr\u00e8s \u00e9maill\u00e9, teintes pastel vert, bleu et beige<\/p>\n<p class=\"p3\">Finition douce : mi-mate, mi-brillante<\/p>\n<p class=\"p3\">Design sobre et lumineux<\/p>\n<p class=\"p3\">Disponible en plusieurs dimensions assorties<\/p>\n<p class=\"p3\">Compatible four, micro-ondes et lave-vaisselle<\/p>\n<p class=\"p3\">Parfaite pour un usage professionnel \u00e9l\u00e9gant<b><\/b><\/p>\n","protected":false},"excerpt":{"rendered":"<p>Assiette en gr\u00e8s \u00e9maill\u00e9 aux nuances douces de vert pastel, bleu brume et beige naturel, \u00e9voquant la fra\u00eecheur et l\u2019harmonie des mati\u00e8res min\u00e9rales. La collection TOSCANE 46 se distingue par sa palette apaisante et sa finition mi-mate, mi-brillante, id\u00e9ale pour une table contemporaine et d\u00e9licate. Disponible en plusieurs tailles pour composer une table \u00e9l\u00e9gante et [&hellip;]<\/p>\n","protected":false},"featured_media":1340,"template":"","meta":{"_jet_sm_ready_style":"","_jet_sm_style":"","_jet_sm_controls_values":"","_jet_sm_fonts_collection":"","_jet_sm_fonts_links":""},"product_brand":[198],"product_cat":[215,39],"product_tag":[244],"product_collection":[417],"class_list":{"0":"post-12157","1":"product","2":"type-product","3":"status-publish","4":"has-post-thumbnail","6":"product_brand-lams-home","7":"product_cat-assiettes-plates","8":"product_cat-vaisselle","9":"product_tag-ceramique","10":"product_collection-toscane","12":"first","13":"instock","14":"taxable","15":"shipping-taxable","16":"purchasable","17":"product-type-variable","18":"has-default-attributes"},"_links":{"self":[{"href":"https:\/\/lams-home.com\/de\/wp-json\/wp\/v2\/product\/12157","targetHints":{"allow":["GET"]}}],"collection":[{"href":"https:\/\/lams-home.com\/de\/wp-json\/wp\/v2\/product"}],"about":[{"href":"https:\/\/lams-home.com\/de\/wp-json\/wp\/v2\/types\/product"}],"version-history":[{"count":0,"href":"https:\/\/lams-home.com\/de\/wp-json\/wp\/v2\/product\/12157\/revisions"}],"wp:featuredmedia":[{"embeddable":true,"href":"https:\/\/lams-home.com\/de\/wp-json\/wp\/v2\/media\/1340"}],"wp:attachment":[{"href":"https:\/\/lams-home.com\/de\/wp-json\/wp\/v2\/media?parent=12157"}],"wp:term":[{"taxonomy":"product_brand","embeddable":true,"href":"https:\/\/lams-home.com\/de\/wp-json\/wp\/v2\/product_brand?post=12157"},{"taxonomy":"product_cat","embeddable":true,"href":"https:\/\/lams-home.com\/de\/wp-json\/wp\/v2\/product_cat?post=12157"},{"taxonomy":"product_tag","embeddable":true,"href":"https:\/\/lams-home.com\/de\/wp-json\/wp\/v2\/product_tag?post=12157"},{"taxonomy":"product_collection","embeddable":true,"href":"https:\/\/lams-home.com\/de\/wp-json\/wp\/v2\/product_collection?post=12157"}],"curies":[{"name":"wp","href":"https:\/\/api.w.org\/{rel}","templated":true}]}}