{"id":12274,"date":"2025-06-19T10:25:43","date_gmt":"2025-06-19T08:25:43","guid":{"rendered":"https:\/\/lams-home.com\/?post_type=product&#038;p=12274"},"modified":"2025-10-10T16:05:30","modified_gmt":"2025-10-10T14:05:30","slug":"bol-13-cm-toscane-13","status":"publish","type":"product","link":"https:\/\/lams-home.com\/de\/produit\/bol-13-cm-toscane-13\/","title":{"rendered":"BOL 13 cm toscane 13"},"content":{"rendered":"<p class=\"p1\">Petit bol en gr\u00e8s \u00e9maill\u00e9, au ton beige naturel soulign\u00e9 d\u2019une lisi\u00e8re rouille d\u00e9licate.<\/p>\n<p class=\"p1\">La collection <span class=\"s1\">TOSCANE 13<\/span> incarne la simplicit\u00e9 artisanale avec une finition brillante et une forme douce et \u00e9quilibr\u00e9e.<\/p>\n<p class=\"p1\">Avec son diam\u00e8tre de 13 cm, ce bol est parfait pour le service des desserts, sauces, tapas ou petites entr\u00e9es.<\/p>\n<p class=\"p3\">Diam\u00e8tre :<span class=\"s2\"> 13 cm<\/span><\/p>\n<p class=\"p3\">Gr\u00e8s \u00e9maill\u00e9 brillant, beige naturel avec lisi\u00e8re rouille<\/p>\n<p class=\"p3\">Forme arrondie et compacte<\/p>\n<p class=\"p3\">Design chaleureux et authentique<\/p>\n<p class=\"p3\">Compatible four, micro-ondes et lave-vaisselle<\/p>\n<p class=\"p3\">Id\u00e9al pour un usage professionnel au quotidien<\/p>\n","protected":false},"excerpt":{"rendered":"<p>Petit bol en gr\u00e8s \u00e9maill\u00e9, au ton beige naturel soulign\u00e9 d\u2019une lisi\u00e8re rouille d\u00e9licate. La collection TOSCANE 13 incarne la simplicit\u00e9 artisanale avec une finition brillante et une forme douce et \u00e9quilibr\u00e9e. Avec son diam\u00e8tre de 13 cm, ce bol est parfait pour le service des desserts, sauces, tapas ou petites entr\u00e9es. Diam\u00e8tre : 13 [&hellip;]<\/p>\n","protected":false},"featured_media":1370,"template":"","meta":{"_jet_sm_ready_style":"","_jet_sm_style":"","_jet_sm_controls_values":"","_jet_sm_fonts_collection":"","_jet_sm_fonts_links":""},"product_brand":[198],"product_cat":[218,219,39],"product_tag":[244],"product_collection":[417],"class_list":{"0":"post-12274","1":"product","2":"type-product","3":"status-publish","4":"has-post-thumbnail","6":"product_brand-lams-home","7":"product_cat-bols","8":"product_cat-saladiers","9":"product_cat-vaisselle","10":"product_tag-ceramique","11":"product_collection-toscane","13":"first","14":"instock","15":"taxable","16":"shipping-taxable","17":"purchasable","18":"product-type-variable","19":"has-default-attributes"},"_links":{"self":[{"href":"https:\/\/lams-home.com\/de\/wp-json\/wp\/v2\/product\/12274","targetHints":{"allow":["GET"]}}],"collection":[{"href":"https:\/\/lams-home.com\/de\/wp-json\/wp\/v2\/product"}],"about":[{"href":"https:\/\/lams-home.com\/de\/wp-json\/wp\/v2\/types\/product"}],"version-history":[{"count":0,"href":"https:\/\/lams-home.com\/de\/wp-json\/wp\/v2\/product\/12274\/revisions"}],"wp:featuredmedia":[{"embeddable":true,"href":"https:\/\/lams-home.com\/de\/wp-json\/wp\/v2\/media\/1370"}],"wp:attachment":[{"href":"https:\/\/lams-home.com\/de\/wp-json\/wp\/v2\/media?parent=12274"}],"wp:term":[{"taxonomy":"product_brand","embeddable":true,"href":"https:\/\/lams-home.com\/de\/wp-json\/wp\/v2\/product_brand?post=12274"},{"taxonomy":"product_cat","embeddable":true,"href":"https:\/\/lams-home.com\/de\/wp-json\/wp\/v2\/product_cat?post=12274"},{"taxonomy":"product_tag","embeddable":true,"href":"https:\/\/lams-home.com\/de\/wp-json\/wp\/v2\/product_tag?post=12274"},{"taxonomy":"product_collection","embeddable":true,"href":"https:\/\/lams-home.com\/de\/wp-json\/wp\/v2\/product_collection?post=12274"}],"curies":[{"name":"wp","href":"https:\/\/api.w.org\/{rel}","templated":true}]}}