{"id":12277,"date":"2025-06-19T10:30:01","date_gmt":"2025-06-19T08:30:01","guid":{"rendered":"https:\/\/lams-home.com\/?post_type=product&#038;p=12277"},"modified":"2025-10-10T16:05:30","modified_gmt":"2025-10-10T14:05:30","slug":"assiette-calotte-20-cm-toscane-46-2","status":"publish","type":"product","link":"https:\/\/lams-home.com\/de\/produit\/assiette-calotte-20-cm-toscane-46-2\/","title":{"rendered":"ASSIETTE CALOTTE 20 CM   TOSCANE 46"},"content":{"rendered":"<p class=\"p1\">Assiette calotte en gr\u00e8s \u00e9maill\u00e9, aux tons doux de vert pastel, bleu brume et beige naturel, pour une table fra\u00eeche et apaisante.<\/p>\n<p class=\"p1\">La collection <span class=\"s1\">TOSCANE 46<\/span> se distingue par sa finition mi-mate, mi-brillante et ses lignes \u00e9pur\u00e9es.<\/p>\n<p class=\"p1\">Son format de 20 cm, \u00e0 la courbure fluide, est id\u00e9al pour les entr\u00e9es, soupes ou desserts.<\/p>\n<p class=\"p3\">Diam\u00e8tre :<span class=\"s2\"> 20 cm<\/span><\/p>\n<p class=\"p3\">Gr\u00e8s \u00e9maill\u00e9, teintes pastel vert, bleu et beige<\/p>\n<p class=\"p3\">Finition douce : mi-mate, mi-brillante<\/p>\n<p class=\"p3\">Forme calotte \u00e9l\u00e9gante et \u00e9quilibr\u00e9e<\/p>\n<p class=\"p3\">Design sobre, inspir\u00e9 des teintes min\u00e9rales naturelles<\/p>\n<p class=\"p3\">Compatible four, micro-ondes et lave-vaisselle<\/p>\n<p class=\"p3\">Parfaite pour un usage professionnel raffin\u00e9<b><\/b><\/p>\n","protected":false},"excerpt":{"rendered":"<p>Assiette calotte en gr\u00e8s \u00e9maill\u00e9, aux tons doux de vert pastel, bleu brume et beige naturel, pour une table fra\u00eeche et apaisante. La collection TOSCANE 46 se distingue par sa finition mi-mate, mi-brillante et ses lignes \u00e9pur\u00e9es. Son format de 20 cm, \u00e0 la courbure fluide, est id\u00e9al pour les entr\u00e9es, soupes ou desserts. Diam\u00e8tre [&hellip;]<\/p>\n","protected":false},"featured_media":1332,"template":"","meta":{"_jet_sm_ready_style":"","_jet_sm_style":"","_jet_sm_controls_values":"","_jet_sm_fonts_collection":"","_jet_sm_fonts_links":""},"product_brand":[198],"product_cat":[216,218,39],"product_tag":[244],"product_collection":[417],"class_list":{"0":"post-12277","1":"product","2":"type-product","3":"status-publish","4":"has-post-thumbnail","6":"product_brand-lams-home","7":"product_cat-assiettes-creuses","8":"product_cat-bols","9":"product_cat-vaisselle","10":"product_tag-ceramique","11":"product_collection-toscane","13":"first","14":"instock","15":"taxable","16":"shipping-taxable","17":"purchasable","18":"product-type-variable","19":"has-default-attributes"},"_links":{"self":[{"href":"https:\/\/lams-home.com\/de\/wp-json\/wp\/v2\/product\/12277","targetHints":{"allow":["GET"]}}],"collection":[{"href":"https:\/\/lams-home.com\/de\/wp-json\/wp\/v2\/product"}],"about":[{"href":"https:\/\/lams-home.com\/de\/wp-json\/wp\/v2\/types\/product"}],"version-history":[{"count":0,"href":"https:\/\/lams-home.com\/de\/wp-json\/wp\/v2\/product\/12277\/revisions"}],"wp:featuredmedia":[{"embeddable":true,"href":"https:\/\/lams-home.com\/de\/wp-json\/wp\/v2\/media\/1332"}],"wp:attachment":[{"href":"https:\/\/lams-home.com\/de\/wp-json\/wp\/v2\/media?parent=12277"}],"wp:term":[{"taxonomy":"product_brand","embeddable":true,"href":"https:\/\/lams-home.com\/de\/wp-json\/wp\/v2\/product_brand?post=12277"},{"taxonomy":"product_cat","embeddable":true,"href":"https:\/\/lams-home.com\/de\/wp-json\/wp\/v2\/product_cat?post=12277"},{"taxonomy":"product_tag","embeddable":true,"href":"https:\/\/lams-home.com\/de\/wp-json\/wp\/v2\/product_tag?post=12277"},{"taxonomy":"product_collection","embeddable":true,"href":"https:\/\/lams-home.com\/de\/wp-json\/wp\/v2\/product_collection?post=12277"}],"curies":[{"name":"wp","href":"https:\/\/api.w.org\/{rel}","templated":true}]}}