{"id":24300,"date":"2025-07-14T18:47:20","date_gmt":"2025-07-14T16:47:20","guid":{"rendered":"https:\/\/lams-home.com\/?post_type=product&#038;p=24300"},"modified":"2025-10-10T16:05:18","modified_gmt":"2025-10-10T14:05:18","slug":"bol-lido-11-cm-vert-algue","status":"publish","type":"product","link":"https:\/\/lams-home.com\/de\/produit\/bol-lido-11-cm-vert-algue\/","title":{"rendered":"BOL LIDO 11 CM VERT ALGUE"},"content":{"rendered":"<p class=\"p1\">Avec sa forme douce \u00e0 courbe directe et sa profondeur l\u00e9g\u00e8re, le bol <span class=\"s1\"><b>LIDO<\/b><\/span> s\u2019adapte aussi bien aux entr\u00e9es qu\u2019aux desserts. En c\u00e9ramique de qualit\u00e9, il allie finesse et robustesse pour un usage quotidien ou professionnel.<\/p>\n<p class=\"p1\">Disponible en plusieurs coloris sobres ou lumineux, il s\u2019int\u00e8gre \u00e0 toutes les ambiances de table, du plus classique au plus contemporain.<\/p>\n<p class=\"p2\"><b>Compatible four, micro-ondes et lave-vaisselle.<\/b><\/p>\n","protected":false},"excerpt":{"rendered":"<p>Avec sa forme douce \u00e0 courbe directe et sa profondeur l\u00e9g\u00e8re, le bol LIDO s\u2019adapte aussi bien aux entr\u00e9es qu\u2019aux desserts. En c\u00e9ramique de qualit\u00e9, il allie finesse et robustesse pour un usage quotidien ou professionnel. Disponible en plusieurs coloris sobres ou lumineux, il s\u2019int\u00e8gre \u00e0 toutes les ambiances de table, du plus classique au [&hellip;]<\/p>\n","protected":false},"featured_media":24005,"template":"","meta":{"_jet_sm_ready_style":"","_jet_sm_style":"","_jet_sm_controls_values":"","_jet_sm_fonts_collection":"","_jet_sm_fonts_links":""},"product_brand":[198],"product_cat":[218,39],"product_tag":[244],"product_collection":[440],"class_list":{"0":"post-24300","1":"product","2":"type-product","3":"status-publish","4":"has-post-thumbnail","6":"product_brand-lams-home","7":"product_cat-bols","8":"product_cat-vaisselle","9":"product_tag-ceramique","10":"product_collection-lido","12":"first","13":"instock","14":"taxable","15":"shipping-taxable","16":"purchasable","17":"product-type-variable","18":"has-default-attributes"},"_links":{"self":[{"href":"https:\/\/lams-home.com\/de\/wp-json\/wp\/v2\/product\/24300","targetHints":{"allow":["GET"]}}],"collection":[{"href":"https:\/\/lams-home.com\/de\/wp-json\/wp\/v2\/product"}],"about":[{"href":"https:\/\/lams-home.com\/de\/wp-json\/wp\/v2\/types\/product"}],"version-history":[{"count":0,"href":"https:\/\/lams-home.com\/de\/wp-json\/wp\/v2\/product\/24300\/revisions"}],"wp:featuredmedia":[{"embeddable":true,"href":"https:\/\/lams-home.com\/de\/wp-json\/wp\/v2\/media\/24005"}],"wp:attachment":[{"href":"https:\/\/lams-home.com\/de\/wp-json\/wp\/v2\/media?parent=24300"}],"wp:term":[{"taxonomy":"product_brand","embeddable":true,"href":"https:\/\/lams-home.com\/de\/wp-json\/wp\/v2\/product_brand?post=24300"},{"taxonomy":"product_cat","embeddable":true,"href":"https:\/\/lams-home.com\/de\/wp-json\/wp\/v2\/product_cat?post=24300"},{"taxonomy":"product_tag","embeddable":true,"href":"https:\/\/lams-home.com\/de\/wp-json\/wp\/v2\/product_tag?post=24300"},{"taxonomy":"product_collection","embeddable":true,"href":"https:\/\/lams-home.com\/de\/wp-json\/wp\/v2\/product_collection?post=24300"}],"curies":[{"name":"wp","href":"https:\/\/api.w.org\/{rel}","templated":true}]}}