{"id":24354,"date":"2025-07-15T15:15:56","date_gmt":"2025-07-15T13:15:56","guid":{"rendered":"https:\/\/lams-home.com\/?post_type=product&#038;p=24354"},"modified":"2025-10-20T11:21:36","modified_gmt":"2025-10-20T09:21:36","slug":"plat-a-four-rectangulaire-30-cm-calda","status":"publish","type":"product","link":"https:\/\/lams-home.com\/de\/produit\/plat-a-four-rectangulaire-30-cm-calda\/","title":{"rendered":"Plat \u00e0 four rectangulaire   30 CM   CALDA"},"content":{"rendered":"<p class=\"p1\">Avec ses <span class=\"s1\">lignes fines<\/span> et sa <span class=\"s1\">forme rectangulaire<\/span> de <span class=\"s1\">30 cm<\/span>, le plat \u00e0 four <span class=\"s1\">CALDA<\/span> allie esth\u00e9tique contemporaine et fonctionnalit\u00e9.<\/p>\n<p class=\"p1\">R\u00e9alis\u00e9 en <span class=\"s1\">c\u00e9ramique de qualit\u00e9<\/span>, il est parfait pour toutes vos pr\u00e9parations chaudes : gratins, l\u00e9gumes r\u00f4tis, lasagnes ou plats mijot\u00e9s.<\/p>\n<p class=\"p1\">Disponible en <span class=\"s1\">trois tailles<\/span> (30, 33 et 36 cm) et en <span class=\"s1\">bicolore ou unie<\/span>, il s\u2019adapte \u00e0 toutes vos envies de cuisson comme de pr\u00e9sentation.<\/p>\n<p class=\"p2\"><span class=\"s2\">Son design \u00e9pur\u00e9 en fait un <\/span>objet de table aussi beau que pratique<span class=\"s2\">.<\/span><\/p>\n<p class=\"p2\">Compatible four, micro-ondes et lave-vaisselle.<\/p>\n","protected":false},"excerpt":{"rendered":"<p>Avec ses lignes fines et sa forme rectangulaire de 30 cm, le plat \u00e0 four CALDA allie esth\u00e9tique contemporaine et fonctionnalit\u00e9. R\u00e9alis\u00e9 en c\u00e9ramique de qualit\u00e9, il est parfait pour toutes vos pr\u00e9parations chaudes : gratins, l\u00e9gumes r\u00f4tis, lasagnes ou plats mijot\u00e9s. Disponible en trois tailles (30, 33 et 36 cm) et en bicolore ou [&hellip;]<\/p>\n","protected":false},"featured_media":23255,"template":"","meta":{"_jet_sm_ready_style":"","_jet_sm_style":"","_jet_sm_controls_values":"","_jet_sm_fonts_collection":"","_jet_sm_fonts_links":""},"product_brand":[198],"product_cat":[223,39],"product_tag":[244],"product_collection":[811],"class_list":{"0":"post-24354","1":"product","2":"type-product","3":"status-publish","4":"has-post-thumbnail","6":"product_brand-lams-home","7":"product_cat-plats-a-four","8":"product_cat-vaisselle","9":"product_tag-ceramique","10":"product_collection-calda","12":"first","13":"instock","14":"taxable","15":"shipping-taxable","16":"purchasable","17":"product-type-variable"},"_links":{"self":[{"href":"https:\/\/lams-home.com\/de\/wp-json\/wp\/v2\/product\/24354","targetHints":{"allow":["GET"]}}],"collection":[{"href":"https:\/\/lams-home.com\/de\/wp-json\/wp\/v2\/product"}],"about":[{"href":"https:\/\/lams-home.com\/de\/wp-json\/wp\/v2\/types\/product"}],"version-history":[{"count":0,"href":"https:\/\/lams-home.com\/de\/wp-json\/wp\/v2\/product\/24354\/revisions"}],"wp:featuredmedia":[{"embeddable":true,"href":"https:\/\/lams-home.com\/de\/wp-json\/wp\/v2\/media\/23255"}],"wp:attachment":[{"href":"https:\/\/lams-home.com\/de\/wp-json\/wp\/v2\/media?parent=24354"}],"wp:term":[{"taxonomy":"product_brand","embeddable":true,"href":"https:\/\/lams-home.com\/de\/wp-json\/wp\/v2\/product_brand?post=24354"},{"taxonomy":"product_cat","embeddable":true,"href":"https:\/\/lams-home.com\/de\/wp-json\/wp\/v2\/product_cat?post=24354"},{"taxonomy":"product_tag","embeddable":true,"href":"https:\/\/lams-home.com\/de\/wp-json\/wp\/v2\/product_tag?post=24354"},{"taxonomy":"product_collection","embeddable":true,"href":"https:\/\/lams-home.com\/de\/wp-json\/wp\/v2\/product_collection?post=24354"}],"curies":[{"name":"wp","href":"https:\/\/api.w.org\/{rel}","templated":true}]}}