{"id":24540,"date":"2025-08-14T11:05:08","date_gmt":"2025-08-14T09:05:08","guid":{"rendered":"https:\/\/lams-home.com\/?post_type=product&#038;p=24540"},"modified":"2025-08-14T11:08:16","modified_gmt":"2025-08-14T09:08:16","slug":"mug-americain-seta-noir-mat","status":"publish","type":"product","link":"https:\/\/lams-home.com\/de\/produit\/mug-americain-seta-noir-mat\/","title":{"rendered":"MUG AMERICAIN  SETA   noir mat"},"content":{"rendered":"<p class=\"p1\">En <span class=\"s1\">gr\u00e8s de haute qualit\u00e9<\/span>, ce mug au format g\u00e9n\u00e9reux offre une <span class=\"s1\">prise en main confortable<\/span> gr\u00e2ce \u00e0 sa forme parfaitement \u00e9quilibr\u00e9e.<\/p>\n<p class=\"p1\">Disponible en <span class=\"s1\">finition mate ou brillante<\/span>, et en <span class=\"s1\">plusieurs coloris \u00e9l\u00e9gants<\/span>, il s\u2019int\u00e8gre facilement \u00e0 tous les styles de table.<\/p>\n<p class=\"p1\">\u00c0 la fois <span class=\"s1\">moderne et sobre<\/span>, il allie finesse visuelle et robustesse d\u2019usage.<\/p>\n<p class=\"p2\">Compatible four, micro-ondes et lave-vaisselle.<\/p>\n","protected":false},"excerpt":{"rendered":"<p>En gr\u00e8s de haute qualit\u00e9, ce mug au format g\u00e9n\u00e9reux offre une prise en main confortable gr\u00e2ce \u00e0 sa forme parfaitement \u00e9quilibr\u00e9e. Disponible en finition mate ou brillante, et en plusieurs coloris \u00e9l\u00e9gants, il s\u2019int\u00e8gre facilement \u00e0 tous les styles de table. \u00c0 la fois moderne et sobre, il allie finesse visuelle et robustesse d\u2019usage. [&hellip;]<\/p>\n","protected":false},"featured_media":10165,"template":"","meta":{"_jet_sm_ready_style":"","_jet_sm_style":"","_jet_sm_controls_values":"","_jet_sm_fonts_collection":"","_jet_sm_fonts_links":""},"product_brand":[198],"product_cat":[51,39],"product_tag":[244],"product_collection":[],"class_list":{"0":"post-24540","1":"product","2":"type-product","3":"status-publish","4":"has-post-thumbnail","6":"product_brand-lams-home","7":"product_cat-mugs-et-tasses","8":"product_cat-vaisselle","9":"product_tag-ceramique","11":"first","12":"instock","13":"taxable","14":"shipping-taxable","15":"purchasable","16":"product-type-variable","17":"has-default-attributes"},"_links":{"self":[{"href":"https:\/\/lams-home.com\/de\/wp-json\/wp\/v2\/product\/24540","targetHints":{"allow":["GET"]}}],"collection":[{"href":"https:\/\/lams-home.com\/de\/wp-json\/wp\/v2\/product"}],"about":[{"href":"https:\/\/lams-home.com\/de\/wp-json\/wp\/v2\/types\/product"}],"version-history":[{"count":0,"href":"https:\/\/lams-home.com\/de\/wp-json\/wp\/v2\/product\/24540\/revisions"}],"wp:featuredmedia":[{"embeddable":true,"href":"https:\/\/lams-home.com\/de\/wp-json\/wp\/v2\/media\/10165"}],"wp:attachment":[{"href":"https:\/\/lams-home.com\/de\/wp-json\/wp\/v2\/media?parent=24540"}],"wp:term":[{"taxonomy":"product_brand","embeddable":true,"href":"https:\/\/lams-home.com\/de\/wp-json\/wp\/v2\/product_brand?post=24540"},{"taxonomy":"product_cat","embeddable":true,"href":"https:\/\/lams-home.com\/de\/wp-json\/wp\/v2\/product_cat?post=24540"},{"taxonomy":"product_tag","embeddable":true,"href":"https:\/\/lams-home.com\/de\/wp-json\/wp\/v2\/product_tag?post=24540"},{"taxonomy":"product_collection","embeddable":true,"href":"https:\/\/lams-home.com\/de\/wp-json\/wp\/v2\/product_collection?post=24540"}],"curies":[{"name":"wp","href":"https:\/\/api.w.org\/{rel}","templated":true}]}}