{"id":24552,"date":"2025-08-14T11:36:10","date_gmt":"2025-08-14T09:36:10","guid":{"rendered":"https:\/\/lams-home.com\/?post_type=product&#038;p=24552"},"modified":"2025-10-10T16:05:26","modified_gmt":"2025-10-10T14:05:26","slug":"tasse-a-the-seta-orange-mat-orange-brillant","status":"publish","type":"product","link":"https:\/\/lams-home.com\/de\/produit\/tasse-a-the-seta-orange-mat-orange-brillant\/","title":{"rendered":"Tasse \u00e0 th\u00e9  seta  noir mat noir brillant"},"content":{"rendered":"<p class=\"p1\">Avec sa <span class=\"s1\">finition noir mat<\/span> et son design \u00e9pur\u00e9, la <span class=\"s1\">tasse \u00e0 th\u00e9 SETA<\/span> incarne la sobri\u00e9t\u00e9 contemporaine.<\/p>\n<p class=\"p1\">En <span class=\"s1\">gr\u00e8s fin<\/span>, elle offre une <span class=\"s1\">prise en main d\u00e9licate<\/span> et une esth\u00e9tique intemporelle, id\u00e9ale pour sublimer chaque moment de d\u00e9gustation.<\/p>\n<p class=\"p2\">Compatible four, micro-ondes et lave-vaisselle.<\/p>\n","protected":false},"excerpt":{"rendered":"<p>Avec sa finition noir mat et son design \u00e9pur\u00e9, la tasse \u00e0 th\u00e9 SETA incarne la sobri\u00e9t\u00e9 contemporaine. En gr\u00e8s fin, elle offre une prise en main d\u00e9licate et une esth\u00e9tique intemporelle, id\u00e9ale pour sublimer chaque moment de d\u00e9gustation. Compatible four, micro-ondes et lave-vaisselle.<\/p>\n","protected":false},"featured_media":6373,"template":"","meta":{"_jet_sm_ready_style":"","_jet_sm_style":"","_jet_sm_controls_values":"","_jet_sm_fonts_collection":"","_jet_sm_fonts_links":""},"product_brand":[198],"product_cat":[51,39],"product_tag":[244],"product_collection":[442],"class_list":{"0":"post-24552","1":"product","2":"type-product","3":"status-publish","4":"has-post-thumbnail","6":"product_brand-lams-home","7":"product_cat-mugs-et-tasses","8":"product_cat-vaisselle","9":"product_tag-ceramique","10":"product_collection-seta","12":"first","13":"instock","14":"taxable","15":"shipping-taxable","16":"purchasable","17":"product-type-variable","18":"has-default-attributes"},"_links":{"self":[{"href":"https:\/\/lams-home.com\/de\/wp-json\/wp\/v2\/product\/24552","targetHints":{"allow":["GET"]}}],"collection":[{"href":"https:\/\/lams-home.com\/de\/wp-json\/wp\/v2\/product"}],"about":[{"href":"https:\/\/lams-home.com\/de\/wp-json\/wp\/v2\/types\/product"}],"version-history":[{"count":0,"href":"https:\/\/lams-home.com\/de\/wp-json\/wp\/v2\/product\/24552\/revisions"}],"wp:featuredmedia":[{"embeddable":true,"href":"https:\/\/lams-home.com\/de\/wp-json\/wp\/v2\/media\/6373"}],"wp:attachment":[{"href":"https:\/\/lams-home.com\/de\/wp-json\/wp\/v2\/media?parent=24552"}],"wp:term":[{"taxonomy":"product_brand","embeddable":true,"href":"https:\/\/lams-home.com\/de\/wp-json\/wp\/v2\/product_brand?post=24552"},{"taxonomy":"product_cat","embeddable":true,"href":"https:\/\/lams-home.com\/de\/wp-json\/wp\/v2\/product_cat?post=24552"},{"taxonomy":"product_tag","embeddable":true,"href":"https:\/\/lams-home.com\/de\/wp-json\/wp\/v2\/product_tag?post=24552"},{"taxonomy":"product_collection","embeddable":true,"href":"https:\/\/lams-home.com\/de\/wp-json\/wp\/v2\/product_collection?post=24552"}],"curies":[{"name":"wp","href":"https:\/\/api.w.org\/{rel}","templated":true}]}}