{"id":24595,"date":"2025-08-14T16:12:21","date_gmt":"2025-08-14T14:12:21","guid":{"rendered":"https:\/\/lams-home.com\/?post_type=product&#038;p=24595"},"modified":"2025-10-10T16:05:22","modified_gmt":"2025-10-10T14:05:22","slug":"tasse-sans-anse-onda-noir-mat","status":"publish","type":"product","link":"https:\/\/lams-home.com\/de\/produit\/tasse-sans-anse-onda-noir-mat\/","title":{"rendered":"Tasse sans anse ONDA    noir mat"},"content":{"rendered":"<p class=\"p1\">Sans anse, la <span class=\"s1\">tasse ONDA<\/span> exprime toute la <span class=\"s1\">puret\u00e9 de sa courbe nette et discr\u00e8te<\/span>, signature de la collection.<\/p>\n<p class=\"p1\">En <span class=\"s1\">gr\u00e8s noir mat<\/span>, elle tient parfaitement en main gr\u00e2ce \u00e0 sa forme fluide et \u00e9quilibr\u00e9e, id\u00e9ale pour une d\u00e9gustation moderne et \u00e9pur\u00e9e.<\/p>\n<p class=\"p1\">Disponible dans <span class=\"s1\">toutes les couleurs de la collection ONDA<\/span>, elle s\u2019int\u00e8gre avec \u00e9l\u00e9gance \u00e0 toutes les ambiances de table.<\/p>\n<p class=\"p2\">Compatible four, micro-ondes et lave-vaisselle.<\/p>\n","protected":false},"excerpt":{"rendered":"<p>Sans anse, la tasse ONDA exprime toute la puret\u00e9 de sa courbe nette et discr\u00e8te, signature de la collection. En gr\u00e8s noir mat, elle tient parfaitement en main gr\u00e2ce \u00e0 sa forme fluide et \u00e9quilibr\u00e9e, id\u00e9ale pour une d\u00e9gustation moderne et \u00e9pur\u00e9e. Disponible dans toutes les couleurs de la collection ONDA, elle s\u2019int\u00e8gre avec \u00e9l\u00e9gance [&hellip;]<\/p>\n","protected":false},"featured_media":23750,"template":"","meta":{"_jet_sm_ready_style":"","_jet_sm_style":"","_jet_sm_controls_values":"","_jet_sm_fonts_collection":"","_jet_sm_fonts_links":""},"product_brand":[198],"product_cat":[51,39],"product_tag":[244],"product_collection":[414],"class_list":{"0":"post-24595","1":"product","2":"type-product","3":"status-publish","4":"has-post-thumbnail","6":"product_brand-lams-home","7":"product_cat-mugs-et-tasses","8":"product_cat-vaisselle","9":"product_tag-ceramique","10":"product_collection-onda","12":"first","13":"instock","14":"taxable","15":"shipping-taxable","16":"purchasable","17":"product-type-variable","18":"has-default-attributes"},"_links":{"self":[{"href":"https:\/\/lams-home.com\/de\/wp-json\/wp\/v2\/product\/24595","targetHints":{"allow":["GET"]}}],"collection":[{"href":"https:\/\/lams-home.com\/de\/wp-json\/wp\/v2\/product"}],"about":[{"href":"https:\/\/lams-home.com\/de\/wp-json\/wp\/v2\/types\/product"}],"version-history":[{"count":0,"href":"https:\/\/lams-home.com\/de\/wp-json\/wp\/v2\/product\/24595\/revisions"}],"wp:featuredmedia":[{"embeddable":true,"href":"https:\/\/lams-home.com\/de\/wp-json\/wp\/v2\/media\/23750"}],"wp:attachment":[{"href":"https:\/\/lams-home.com\/de\/wp-json\/wp\/v2\/media?parent=24595"}],"wp:term":[{"taxonomy":"product_brand","embeddable":true,"href":"https:\/\/lams-home.com\/de\/wp-json\/wp\/v2\/product_brand?post=24595"},{"taxonomy":"product_cat","embeddable":true,"href":"https:\/\/lams-home.com\/de\/wp-json\/wp\/v2\/product_cat?post=24595"},{"taxonomy":"product_tag","embeddable":true,"href":"https:\/\/lams-home.com\/de\/wp-json\/wp\/v2\/product_tag?post=24595"},{"taxonomy":"product_collection","embeddable":true,"href":"https:\/\/lams-home.com\/de\/wp-json\/wp\/v2\/product_collection?post=24595"}],"curies":[{"name":"wp","href":"https:\/\/api.w.org\/{rel}","templated":true}]}}