{"id":24625,"date":"2025-08-14T18:04:54","date_gmt":"2025-08-14T16:04:54","guid":{"rendered":"https:\/\/lams-home.com\/?post_type=product&#038;p=24625"},"modified":"2025-10-10T16:05:26","modified_gmt":"2025-10-10T14:05:26","slug":"assiette-plate-ronda-31cm-vert-algue","status":"publish","type":"product","link":"https:\/\/lams-home.com\/de\/produit\/assiette-plate-ronda-31cm-vert-algue\/","title":{"rendered":"Assiette plate RONDA  31 cm   vert algue"},"content":{"rendered":"<p class=\"p1\">R\u00e9alis\u00e9e en <span class=\"s1\">gr\u00e8s fin<\/span>, l\u2019assiette <span class=\"s1\">RONDA<\/span> se distingue par son <span class=\"s1\">large contour orn\u00e9 d\u2019une ceinture de rayures d\u00e9licates<\/span>, apportant relief et raffinement \u00e0 la table.<\/p>\n<p class=\"p1\">Avec son <span class=\"s1\">format g\u00e9n\u00e9reux de 31 cm<\/span>, elle sublime les pr\u00e9sentations gastronomiques, tout en restant parfaitement fonctionnelle.<\/p>\n<p class=\"p1\">Disponible en <span class=\"s1\">plusieurs coloris<\/span> et <span class=\"s1\">tailles assorties<\/span>, elle s\u2019adapte \u00e0 toutes les ambiances et \u00e0 chaque style de service.<\/p>\n<p class=\"p2\">Compatible four, micro-ondes et lave-vaisselle.<\/p>\n","protected":false},"excerpt":{"rendered":"<p>R\u00e9alis\u00e9e en gr\u00e8s fin, l\u2019assiette RONDA se distingue par son large contour orn\u00e9 d\u2019une ceinture de rayures d\u00e9licates, apportant relief et raffinement \u00e0 la table. Avec son format g\u00e9n\u00e9reux de 31 cm, elle sublime les pr\u00e9sentations gastronomiques, tout en restant parfaitement fonctionnelle. Disponible en plusieurs coloris et tailles assorties, elle s\u2019adapte \u00e0 toutes les ambiances [&hellip;]<\/p>\n","protected":false},"featured_media":24155,"template":"","meta":{"_jet_sm_ready_style":"","_jet_sm_style":"","_jet_sm_controls_values":"","_jet_sm_fonts_collection":"","_jet_sm_fonts_links":""},"product_brand":[198],"product_cat":[215,39],"product_tag":[244],"product_collection":[812],"class_list":{"0":"post-24625","1":"product","2":"type-product","3":"status-publish","4":"has-post-thumbnail","6":"product_brand-lams-home","7":"product_cat-assiettes-plates","8":"product_cat-vaisselle","9":"product_tag-ceramique","10":"product_collection-ronda","12":"first","13":"instock","14":"taxable","15":"shipping-taxable","16":"purchasable","17":"product-type-variable","18":"has-default-attributes"},"_links":{"self":[{"href":"https:\/\/lams-home.com\/de\/wp-json\/wp\/v2\/product\/24625","targetHints":{"allow":["GET"]}}],"collection":[{"href":"https:\/\/lams-home.com\/de\/wp-json\/wp\/v2\/product"}],"about":[{"href":"https:\/\/lams-home.com\/de\/wp-json\/wp\/v2\/types\/product"}],"version-history":[{"count":0,"href":"https:\/\/lams-home.com\/de\/wp-json\/wp\/v2\/product\/24625\/revisions"}],"wp:featuredmedia":[{"embeddable":true,"href":"https:\/\/lams-home.com\/de\/wp-json\/wp\/v2\/media\/24155"}],"wp:attachment":[{"href":"https:\/\/lams-home.com\/de\/wp-json\/wp\/v2\/media?parent=24625"}],"wp:term":[{"taxonomy":"product_brand","embeddable":true,"href":"https:\/\/lams-home.com\/de\/wp-json\/wp\/v2\/product_brand?post=24625"},{"taxonomy":"product_cat","embeddable":true,"href":"https:\/\/lams-home.com\/de\/wp-json\/wp\/v2\/product_cat?post=24625"},{"taxonomy":"product_tag","embeddable":true,"href":"https:\/\/lams-home.com\/de\/wp-json\/wp\/v2\/product_tag?post=24625"},{"taxonomy":"product_collection","embeddable":true,"href":"https:\/\/lams-home.com\/de\/wp-json\/wp\/v2\/product_collection?post=24625"}],"curies":[{"name":"wp","href":"https:\/\/api.w.org\/{rel}","templated":true}]}}