{"id":24663,"date":"2025-08-16T04:15:01","date_gmt":"2025-08-16T02:15:01","guid":{"rendered":"https:\/\/lams-home.com\/?post_type=product&#038;p=24663"},"modified":"2025-10-10T16:05:25","modified_gmt":"2025-10-10T14:05:25","slug":"assiette-de-pasta-ronda-23-cm-blanc-satine","status":"publish","type":"product","link":"https:\/\/lams-home.com\/de\/produit\/assiette-de-pasta-ronda-23-cm-blanc-satine\/","title":{"rendered":"Assiette de pasta  RONDA   23 cm  Blanc satin\u00e9"},"content":{"rendered":"<p class=\"p1\">Pens\u00e9e pour sublimer les plats de p\u00e2tes, l\u2019<span class=\"s1\">assiette RONDA<\/span> s\u00e9duit par sa <span class=\"s1\">forme creuse et ouverte<\/span>, id\u00e9ale pour accueillir sauces, raviolis ou tagliatelles avec \u00e9l\u00e9gance.<\/p>\n<p class=\"p1\">Son <span class=\"s1\">contour orn\u00e9 de fines rayures en relief<\/span> apporte une touche graphique raffin\u00e9e, signature de la collection.<\/p>\n<p class=\"p1\">Disponible en <span class=\"s1\">plusieurs coloris<\/span> et assortie aux autres formats RONDA, elle compose une table coh\u00e9rente et contemporaine.<\/p>\n<p class=\"p2\">Compatible four, micro-ondes et lave-vaisselle.<\/p>\n","protected":false},"excerpt":{"rendered":"<p>Pens\u00e9e pour sublimer les plats de p\u00e2tes, l\u2019assiette RONDA s\u00e9duit par sa forme creuse et ouverte, id\u00e9ale pour accueillir sauces, raviolis ou tagliatelles avec \u00e9l\u00e9gance. Son contour orn\u00e9 de fines rayures en relief apporte une touche graphique raffin\u00e9e, signature de la collection. Disponible en plusieurs coloris et assortie aux autres formats RONDA, elle compose une [&hellip;]<\/p>\n","protected":false},"featured_media":24215,"template":"","meta":{"_jet_sm_ready_style":"","_jet_sm_style":"","_jet_sm_controls_values":"","_jet_sm_fonts_collection":"","_jet_sm_fonts_links":""},"product_brand":[198],"product_cat":[216,39],"product_tag":[244],"product_collection":[812],"class_list":{"0":"post-24663","1":"product","2":"type-product","3":"status-publish","4":"has-post-thumbnail","6":"product_brand-lams-home","7":"product_cat-assiettes-creuses","8":"product_cat-vaisselle","9":"product_tag-ceramique","10":"product_collection-ronda","12":"first","13":"instock","14":"taxable","15":"shipping-taxable","16":"purchasable","17":"product-type-variable","18":"has-default-attributes"},"_links":{"self":[{"href":"https:\/\/lams-home.com\/de\/wp-json\/wp\/v2\/product\/24663","targetHints":{"allow":["GET"]}}],"collection":[{"href":"https:\/\/lams-home.com\/de\/wp-json\/wp\/v2\/product"}],"about":[{"href":"https:\/\/lams-home.com\/de\/wp-json\/wp\/v2\/types\/product"}],"version-history":[{"count":0,"href":"https:\/\/lams-home.com\/de\/wp-json\/wp\/v2\/product\/24663\/revisions"}],"wp:featuredmedia":[{"embeddable":true,"href":"https:\/\/lams-home.com\/de\/wp-json\/wp\/v2\/media\/24215"}],"wp:attachment":[{"href":"https:\/\/lams-home.com\/de\/wp-json\/wp\/v2\/media?parent=24663"}],"wp:term":[{"taxonomy":"product_brand","embeddable":true,"href":"https:\/\/lams-home.com\/de\/wp-json\/wp\/v2\/product_brand?post=24663"},{"taxonomy":"product_cat","embeddable":true,"href":"https:\/\/lams-home.com\/de\/wp-json\/wp\/v2\/product_cat?post=24663"},{"taxonomy":"product_tag","embeddable":true,"href":"https:\/\/lams-home.com\/de\/wp-json\/wp\/v2\/product_tag?post=24663"},{"taxonomy":"product_collection","embeddable":true,"href":"https:\/\/lams-home.com\/de\/wp-json\/wp\/v2\/product_collection?post=24663"}],"curies":[{"name":"wp","href":"https:\/\/api.w.org\/{rel}","templated":true}]}}