{"id":24685,"date":"2025-08-16T05:04:11","date_gmt":"2025-08-16T03:04:11","guid":{"rendered":"https:\/\/lams-home.com\/?post_type=product&#038;p=24685"},"modified":"2025-10-10T16:05:21","modified_gmt":"2025-10-10T14:05:21","slug":"assiette-creuse-en-gres-onda-noir-mat-noir-brillant","status":"publish","type":"product","link":"https:\/\/lams-home.com\/de\/produit\/assiette-creuse-en-gres-onda-noir-mat-noir-brillant\/","title":{"rendered":"Assiette creuse en gr\u00e8s ONDA   noir mat \/ noir brillant"},"content":{"rendered":"<p class=\"p1\">\u00c9l\u00e9gante et fonctionnelle, cette assiette creuse en c\u00e9ramique artisanale incarne le savoir-faire de LAMS HOME. Sa profondeur id\u00e9ale et son design \u00e9pur\u00e9 en font un choix parfait pour sublimer soupes, p\u00e2tes ou plats en sauce. Con\u00e7ue pour un usage professionnel, elle allie robustesse, finesse de finition et grande r\u00e9sistance aux services intensifs en restauration.<\/p>\n<p>&nbsp;<\/p>\n","protected":false},"excerpt":{"rendered":"<p>\u00c9l\u00e9gante et fonctionnelle, cette assiette creuse en c\u00e9ramique artisanale incarne le savoir-faire de LAMS HOME. Sa profondeur id\u00e9ale et son design \u00e9pur\u00e9 en font un choix parfait pour sublimer soupes, p\u00e2tes ou plats en sauce. Con\u00e7ue pour un usage professionnel, elle allie robustesse, finesse de finition et grande r\u00e9sistance aux services intensifs en restauration. &nbsp;<\/p>\n","protected":false},"featured_media":23865,"template":"","meta":{"_jet_sm_ready_style":"","_jet_sm_style":"","_jet_sm_controls_values":"","_jet_sm_fonts_collection":"","_jet_sm_fonts_links":""},"product_brand":[198],"product_cat":[216,39],"product_tag":[244],"product_collection":[414],"class_list":{"0":"post-24685","1":"product","2":"type-product","3":"status-publish","4":"has-post-thumbnail","6":"product_brand-lams-home","7":"product_cat-assiettes-creuses","8":"product_cat-vaisselle","9":"product_tag-ceramique","10":"product_collection-onda","12":"first","13":"instock","14":"taxable","15":"shipping-taxable","16":"purchasable","17":"product-type-variable","18":"has-default-attributes"},"_links":{"self":[{"href":"https:\/\/lams-home.com\/de\/wp-json\/wp\/v2\/product\/24685","targetHints":{"allow":["GET"]}}],"collection":[{"href":"https:\/\/lams-home.com\/de\/wp-json\/wp\/v2\/product"}],"about":[{"href":"https:\/\/lams-home.com\/de\/wp-json\/wp\/v2\/types\/product"}],"version-history":[{"count":0,"href":"https:\/\/lams-home.com\/de\/wp-json\/wp\/v2\/product\/24685\/revisions"}],"wp:featuredmedia":[{"embeddable":true,"href":"https:\/\/lams-home.com\/de\/wp-json\/wp\/v2\/media\/23865"}],"wp:attachment":[{"href":"https:\/\/lams-home.com\/de\/wp-json\/wp\/v2\/media?parent=24685"}],"wp:term":[{"taxonomy":"product_brand","embeddable":true,"href":"https:\/\/lams-home.com\/de\/wp-json\/wp\/v2\/product_brand?post=24685"},{"taxonomy":"product_cat","embeddable":true,"href":"https:\/\/lams-home.com\/de\/wp-json\/wp\/v2\/product_cat?post=24685"},{"taxonomy":"product_tag","embeddable":true,"href":"https:\/\/lams-home.com\/de\/wp-json\/wp\/v2\/product_tag?post=24685"},{"taxonomy":"product_collection","embeddable":true,"href":"https:\/\/lams-home.com\/de\/wp-json\/wp\/v2\/product_collection?post=24685"}],"curies":[{"name":"wp","href":"https:\/\/api.w.org\/{rel}","templated":true}]}}