{"id":25221,"date":"2025-10-13T12:32:55","date_gmt":"2025-10-13T10:32:55","guid":{"rendered":"https:\/\/lams-home.com\/?post_type=product&#038;p=25221"},"modified":"2025-10-13T12:46:42","modified_gmt":"2025-10-13T10:46:42","slug":"boule-onda-h-26-blanc-mat","status":"publish","type":"product","link":"https:\/\/lams-home.com\/de\/produit\/boule-onda-h-26-blanc-mat\/","title":{"rendered":"BOULE ONDA, H 26 &#8211; BLANC MAT"},"content":{"rendered":"<p class=\"p1\">La boule <span class=\"s1\"><b>ONDA<\/b><\/span> s\u00e9duit par sa forme organique et son aspect de rocher lisse. V\u00e9ritable objet design, elle incarne la modernit\u00e9 avec \u00e9l\u00e9gance et s\u2019int\u00e8gre harmonieusement dans tout type d\u2019espace, seule ou en composition.<\/p>\n","protected":false},"excerpt":{"rendered":"<p>La boule ONDA s\u00e9duit par sa forme organique et son aspect de rocher lisse. V\u00e9ritable objet design, elle incarne la modernit\u00e9 avec \u00e9l\u00e9gance et s\u2019int\u00e8gre harmonieusement dans tout type d\u2019espace, seule ou en composition.<\/p>\n","protected":false},"featured_media":23455,"template":"","meta":{"_jet_sm_ready_style":"","_jet_sm_style":"","_jet_sm_controls_values":"","_jet_sm_fonts_collection":"","_jet_sm_fonts_links":""},"product_brand":[198],"product_cat":[53,227],"product_tag":[244],"product_collection":[414],"class_list":{"0":"post-25221","1":"product","2":"type-product","3":"status-publish","4":"has-post-thumbnail","6":"product_brand-lams-home","7":"product_cat-decoration","8":"product_cat-vases","9":"product_tag-ceramique","10":"product_collection-onda","12":"first","13":"instock","14":"taxable","15":"shipping-taxable","16":"purchasable","17":"product-type-variable","18":"has-default-attributes"},"_links":{"self":[{"href":"https:\/\/lams-home.com\/de\/wp-json\/wp\/v2\/product\/25221","targetHints":{"allow":["GET"]}}],"collection":[{"href":"https:\/\/lams-home.com\/de\/wp-json\/wp\/v2\/product"}],"about":[{"href":"https:\/\/lams-home.com\/de\/wp-json\/wp\/v2\/types\/product"}],"version-history":[{"count":0,"href":"https:\/\/lams-home.com\/de\/wp-json\/wp\/v2\/product\/25221\/revisions"}],"wp:featuredmedia":[{"embeddable":true,"href":"https:\/\/lams-home.com\/de\/wp-json\/wp\/v2\/media\/23455"}],"wp:attachment":[{"href":"https:\/\/lams-home.com\/de\/wp-json\/wp\/v2\/media?parent=25221"}],"wp:term":[{"taxonomy":"product_brand","embeddable":true,"href":"https:\/\/lams-home.com\/de\/wp-json\/wp\/v2\/product_brand?post=25221"},{"taxonomy":"product_cat","embeddable":true,"href":"https:\/\/lams-home.com\/de\/wp-json\/wp\/v2\/product_cat?post=25221"},{"taxonomy":"product_tag","embeddable":true,"href":"https:\/\/lams-home.com\/de\/wp-json\/wp\/v2\/product_tag?post=25221"},{"taxonomy":"product_collection","embeddable":true,"href":"https:\/\/lams-home.com\/de\/wp-json\/wp\/v2\/product_collection?post=25221"}],"curies":[{"name":"wp","href":"https:\/\/api.w.org\/{rel}","templated":true}]}}