{"id":8800,"date":"2025-05-16T02:07:07","date_gmt":"2025-05-16T00:07:07","guid":{"rendered":"https:\/\/lams-home.com\/?post_type=product&#038;p=8800"},"modified":"2025-10-10T16:05:25","modified_gmt":"2025-10-10T14:05:25","slug":"porte-menu-simple-rigide","status":"publish","type":"product","link":"https:\/\/lams-home.com\/de\/produit\/porte-menu-simple-rigide\/","title":{"rendered":"Porte-menu simple rigide"},"content":{"rendered":"<p>Porte-menu simple rigide Ext\u00e9rieur en cuir de vachette grain\u00e9 \u2013 Int\u00e9rieur en feutrine noire visible<\/p>\n<p class=\"\" data-start=\"179\" data-end=\"511\">Ce porte-menu rigide allie robustesse et \u00e9l\u00e9gance gr\u00e2ce \u00e0 son ext\u00e9rieur en cuir de vachette grain\u00e9, offrant une texture raffin\u00e9e et r\u00e9sistante. L\u2019int\u00e9rieur, doubl\u00e9 de feutrine noire visible, prot\u00e8ge vos menus tout en apportant un contraste chic. Un renfort cartonn\u00e9 assure une tenue parfaite et une pr\u00e9sentation soign\u00e9e.<\/p>\n<blockquote data-start=\"513\" data-end=\"554\">\n<p class=\"\" data-start=\"515\" data-end=\"554\">\n<\/blockquote>\n","protected":false},"excerpt":{"rendered":"<p>Porte-menu simple rigide Ext\u00e9rieur en cuir de vachette grain\u00e9 \u2013 Int\u00e9rieur en feutrine noire visible Ce porte-menu rigide allie robustesse et \u00e9l\u00e9gance gr\u00e2ce \u00e0 son ext\u00e9rieur en cuir de vachette grain\u00e9, offrant une texture raffin\u00e9e et r\u00e9sistante. L\u2019int\u00e9rieur, doubl\u00e9 de feutrine noire visible, prot\u00e8ge vos menus tout en apportant un contraste chic. Un renfort cartonn\u00e9 [&hellip;]<\/p>\n","protected":false},"featured_media":8806,"template":"","meta":{"_jet_sm_ready_style":"","_jet_sm_style":"","_jet_sm_controls_values":"","_jet_sm_fonts_collection":"","_jet_sm_fonts_links":""},"product_brand":[198],"product_cat":[67,121],"product_tag":[240],"product_collection":[413],"class_list":{"0":"post-8800","1":"product","2":"type-product","3":"status-publish","4":"has-post-thumbnail","6":"product_brand-lams-home","7":"product_cat-cuir","8":"product_cat-porte-menus","9":"product_tag-cuir","10":"product_collection-roma","12":"first","13":"instock","14":"taxable","15":"shipping-taxable","16":"purchasable","17":"product-type-variable","18":"has-default-attributes"},"_links":{"self":[{"href":"https:\/\/lams-home.com\/de\/wp-json\/wp\/v2\/product\/8800","targetHints":{"allow":["GET"]}}],"collection":[{"href":"https:\/\/lams-home.com\/de\/wp-json\/wp\/v2\/product"}],"about":[{"href":"https:\/\/lams-home.com\/de\/wp-json\/wp\/v2\/types\/product"}],"version-history":[{"count":0,"href":"https:\/\/lams-home.com\/de\/wp-json\/wp\/v2\/product\/8800\/revisions"}],"wp:featuredmedia":[{"embeddable":true,"href":"https:\/\/lams-home.com\/de\/wp-json\/wp\/v2\/media\/8806"}],"wp:attachment":[{"href":"https:\/\/lams-home.com\/de\/wp-json\/wp\/v2\/media?parent=8800"}],"wp:term":[{"taxonomy":"product_brand","embeddable":true,"href":"https:\/\/lams-home.com\/de\/wp-json\/wp\/v2\/product_brand?post=8800"},{"taxonomy":"product_cat","embeddable":true,"href":"https:\/\/lams-home.com\/de\/wp-json\/wp\/v2\/product_cat?post=8800"},{"taxonomy":"product_tag","embeddable":true,"href":"https:\/\/lams-home.com\/de\/wp-json\/wp\/v2\/product_tag?post=8800"},{"taxonomy":"product_collection","embeddable":true,"href":"https:\/\/lams-home.com\/de\/wp-json\/wp\/v2\/product_collection?post=8800"}],"curies":[{"name":"wp","href":"https:\/\/api.w.org\/{rel}","templated":true}]}}