{"id":9063,"date":"2025-05-17T11:22:03","date_gmt":"2025-05-17T09:22:03","guid":{"rendered":"https:\/\/lams-home.com\/?post_type=product&#038;p=9063"},"modified":"2025-10-10T16:05:24","modified_gmt":"2025-10-10T14:05:24","slug":"sous-tasse-carree-en-cuir-vachette","status":"publish","type":"product","link":"https:\/\/lams-home.com\/de\/produit\/sous-tasse-carree-en-cuir-vachette\/","title":{"rendered":"Sous-tasse carr\u00e9e en cuir vachette"},"content":{"rendered":"<p class=\"\" data-start=\"142\" data-end=\"528\">\u00c9l\u00e9gante et fonctionnelle, cette sous-tasse carr\u00e9e en cuir de vachette, apportant une touche de raffinement \u00e0 vos pr\u00e9sentations de table. Sa structure rigide, renforc\u00e9e par un insert cartonn\u00e9, garantit une excellente tenue dans le temps. Le dessous est habill\u00e9 d\u2019une fine couche de feutrine pour une finition soign\u00e9e et une protection optimale des surfaces.<\/p>\n","protected":false},"excerpt":{"rendered":"<p>\u00c9l\u00e9gante et fonctionnelle, cette sous-tasse carr\u00e9e en cuir de vachette, apportant une touche de raffinement \u00e0 vos pr\u00e9sentations de table. Sa structure rigide, renforc\u00e9e par un insert cartonn\u00e9, garantit une excellente tenue dans le temps. Le dessous est habill\u00e9 d\u2019une fine couche de feutrine pour une finition soign\u00e9e et une protection optimale des surfaces.<\/p>\n","protected":false},"featured_media":5661,"template":"","meta":{"_jet_sm_ready_style":"","_jet_sm_style":"","_jet_sm_controls_values":"","_jet_sm_fonts_collection":"","_jet_sm_fonts_links":""},"product_brand":[198],"product_cat":[67,119],"product_tag":[240],"product_collection":[413],"class_list":{"0":"post-9063","1":"product","2":"type-product","3":"status-publish","4":"has-post-thumbnail","6":"product_brand-lams-home","7":"product_cat-cuir","8":"product_cat-sous-verres","9":"product_tag-cuir","10":"product_collection-roma","12":"first","13":"instock","14":"taxable","15":"shipping-taxable","16":"purchasable","17":"product-type-variable","18":"has-default-attributes"},"_links":{"self":[{"href":"https:\/\/lams-home.com\/de\/wp-json\/wp\/v2\/product\/9063","targetHints":{"allow":["GET"]}}],"collection":[{"href":"https:\/\/lams-home.com\/de\/wp-json\/wp\/v2\/product"}],"about":[{"href":"https:\/\/lams-home.com\/de\/wp-json\/wp\/v2\/types\/product"}],"version-history":[{"count":0,"href":"https:\/\/lams-home.com\/de\/wp-json\/wp\/v2\/product\/9063\/revisions"}],"wp:featuredmedia":[{"embeddable":true,"href":"https:\/\/lams-home.com\/de\/wp-json\/wp\/v2\/media\/5661"}],"wp:attachment":[{"href":"https:\/\/lams-home.com\/de\/wp-json\/wp\/v2\/media?parent=9063"}],"wp:term":[{"taxonomy":"product_brand","embeddable":true,"href":"https:\/\/lams-home.com\/de\/wp-json\/wp\/v2\/product_brand?post=9063"},{"taxonomy":"product_cat","embeddable":true,"href":"https:\/\/lams-home.com\/de\/wp-json\/wp\/v2\/product_cat?post=9063"},{"taxonomy":"product_tag","embeddable":true,"href":"https:\/\/lams-home.com\/de\/wp-json\/wp\/v2\/product_tag?post=9063"},{"taxonomy":"product_collection","embeddable":true,"href":"https:\/\/lams-home.com\/de\/wp-json\/wp\/v2\/product_collection?post=9063"}],"curies":[{"name":"wp","href":"https:\/\/api.w.org\/{rel}","templated":true}]}}