{"id":10317,"date":"2025-05-27T10:53:21","date_gmt":"2025-05-27T08:53:21","guid":{"rendered":"https:\/\/lams-home.com\/?post_type=product&#038;p=10317"},"modified":"2025-10-10T16:05:22","modified_gmt":"2025-10-10T14:05:22","slug":"cruche-d15-en-gres","status":"publish","type":"product","link":"https:\/\/lams-home.com\/en\/produit\/cruche-d15-en-gres\/","title":{"rendered":"Cruche D15 en gr\u00e8s ONDA"},"content":{"rendered":"<p class=\"p1\">Avec ses lignes sobres et sa finition artisanale, cette cruche de 15 cm de diam\u00e8tre, en c\u00e9ramique apporte une touche authentique \u00e0 toutes les tables. Id\u00e9ale pour le service de l\u2019eau, elle allie esth\u00e9tique, praticit\u00e9 et solidit\u00e9.<\/p>\n<p class=\"p2\">Adapt\u00e9e au four, micro-ondes et lave-vaisselle.<\/p>\n","protected":false},"excerpt":{"rendered":"<p>Avec ses lignes sobres et sa finition artisanale, cette cruche de 15 cm de diam\u00e8tre, en c\u00e9ramique apporte une touche authentique \u00e0 toutes les tables. Id\u00e9ale pour le service de l\u2019eau, elle allie esth\u00e9tique, praticit\u00e9 et solidit\u00e9. Adapt\u00e9e au four, micro-ondes et lave-vaisselle.<\/p>\n","protected":false},"featured_media":6301,"template":"","meta":{"_jet_sm_ready_style":"","_jet_sm_style":"","_jet_sm_controls_values":"","_jet_sm_fonts_collection":"","_jet_sm_fonts_links":""},"product_brand":[198],"product_cat":[51,39],"product_tag":[244],"product_collection":[414],"class_list":{"0":"post-10317","1":"product","2":"type-product","3":"status-publish","4":"has-post-thumbnail","6":"product_brand-lams-home","7":"product_cat-mugs-et-tasses","8":"product_cat-vaisselle","9":"product_tag-ceramique","10":"product_collection-onda","12":"first","13":"instock","14":"taxable","15":"shipping-taxable","16":"purchasable","17":"product-type-variable","18":"has-default-attributes"},"_links":{"self":[{"href":"https:\/\/lams-home.com\/en\/wp-json\/wp\/v2\/product\/10317","targetHints":{"allow":["GET"]}}],"collection":[{"href":"https:\/\/lams-home.com\/en\/wp-json\/wp\/v2\/product"}],"about":[{"href":"https:\/\/lams-home.com\/en\/wp-json\/wp\/v2\/types\/product"}],"version-history":[{"count":0,"href":"https:\/\/lams-home.com\/en\/wp-json\/wp\/v2\/product\/10317\/revisions"}],"wp:featuredmedia":[{"embeddable":true,"href":"https:\/\/lams-home.com\/en\/wp-json\/wp\/v2\/media\/6301"}],"wp:attachment":[{"href":"https:\/\/lams-home.com\/en\/wp-json\/wp\/v2\/media?parent=10317"}],"wp:term":[{"taxonomy":"product_brand","embeddable":true,"href":"https:\/\/lams-home.com\/en\/wp-json\/wp\/v2\/product_brand?post=10317"},{"taxonomy":"product_cat","embeddable":true,"href":"https:\/\/lams-home.com\/en\/wp-json\/wp\/v2\/product_cat?post=10317"},{"taxonomy":"product_tag","embeddable":true,"href":"https:\/\/lams-home.com\/en\/wp-json\/wp\/v2\/product_tag?post=10317"},{"taxonomy":"product_collection","embeddable":true,"href":"https:\/\/lams-home.com\/en\/wp-json\/wp\/v2\/product_collection?post=10317"}],"curies":[{"name":"wp","href":"https:\/\/api.w.org\/{rel}","templated":true}]}}