{"id":10433,"date":"2025-05-29T11:37:58","date_gmt":"2025-05-29T09:37:58","guid":{"rendered":"https:\/\/lams-home.com\/?post_type=product&#038;p=10433"},"modified":"2025-10-10T16:05:13","modified_gmt":"2025-10-10T14:05:13","slug":"presentoir-marbre-bois-dona","status":"publish","type":"product","link":"https:\/\/lams-home.com\/en\/produit\/presentoir-marbre-bois-dona\/","title":{"rendered":"Pr\u00e9sentoir Marbre &#038; Bois\u00a0 DONA"},"content":{"rendered":"<p data-start=\"237\" data-end=\"492\">Ce pr\u00e9sentoir rond marie l\u2019authenticit\u00e9 du marbre au charme du bois naturel, pour une mise en sc\u00e8ne \u00e9l\u00e9gante de vos produits ou pr\u00e9parations. Un accessoire haut de gamme, id\u00e9al pour les \u00e9tablissements souhaitant soigner chaque d\u00e9tail de leur pr\u00e9sentation.<\/p>\n<ul data-start=\"494\" data-end=\"892\">\n<li data-start=\"494\" data-end=\"539\">\n<p data-start=\"496\" data-end=\"539\">Dimensions : \u00d825 cm \u2013 Hauteur : 15 cm<\/p>\n<\/li>\n<li data-start=\"540\" data-end=\"611\">\n<p data-start=\"542\" data-end=\"611\">Mat\u00e9riaux : Plateau en marbre v\u00e9ritable \u2013 Socle en bois naturel<\/p>\n<\/li>\n<li data-start=\"612\" data-end=\"733\">\n<p data-start=\"614\" data-end=\"733\">Style : Design \u00e9pur\u00e9 et intemporel, s\u2019int\u00e8gre parfaitement dans les ambiances chics, contemporaines ou naturelles<\/p>\n<\/li>\n<li data-start=\"734\" data-end=\"892\">\n<p data-start=\"736\" data-end=\"892\">Utilisation : Id\u00e9al pour la pr\u00e9sentation de mignardises, bouch\u00e9es, fruits, fromages, condiments ou \u00e9l\u00e9ments d\u00e9coratifs sur buffet, room service ou table<\/p>\n<\/li>\n<\/ul>\n<p data-start=\"894\" data-end=\"1044\">Stable, robuste et raffin\u00e9, ce pr\u00e9sentoir rehausse l\u2019exp\u00e9rience client dans les h\u00f4tels, restaurants gastronomiques, coffee shops ou \u00e9v\u00e9nements priv\u00e9s.<\/p>\n","protected":false},"excerpt":{"rendered":"<p>Ce pr\u00e9sentoir rond marie l\u2019authenticit\u00e9 du marbre au charme du bois naturel, pour une mise en sc\u00e8ne \u00e9l\u00e9gante de vos produits ou pr\u00e9parations. Un accessoire haut de gamme, id\u00e9al pour les \u00e9tablissements souhaitant soigner chaque d\u00e9tail de leur pr\u00e9sentation. Dimensions : \u00d825 cm \u2013 Hauteur : 15 cm Mat\u00e9riaux : Plateau en marbre v\u00e9ritable \u2013 [&hellip;]<\/p>\n","protected":false},"featured_media":9149,"template":"","meta":{"_jet_sm_ready_style":"","_jet_sm_style":"","_jet_sm_controls_values":"","_jet_sm_fonts_collection":"","_jet_sm_fonts_links":""},"product_brand":[198],"product_cat":[58,236,232],"product_tag":[241],"product_collection":[577],"class_list":{"0":"post-10433","1":"product","2":"type-product","3":"status-publish","4":"has-post-thumbnail","6":"product_brand-lams-home","7":"product_cat-accessoires","8":"product_cat-presentoir-marbre-et-bois","9":"product_cat-presentoirs","10":"product_tag-marbre","11":"product_collection-dona","13":"first","14":"instock","15":"taxable","16":"shipping-taxable","17":"purchasable","18":"product-type-variable","19":"has-default-attributes"},"_links":{"self":[{"href":"https:\/\/lams-home.com\/en\/wp-json\/wp\/v2\/product\/10433","targetHints":{"allow":["GET"]}}],"collection":[{"href":"https:\/\/lams-home.com\/en\/wp-json\/wp\/v2\/product"}],"about":[{"href":"https:\/\/lams-home.com\/en\/wp-json\/wp\/v2\/types\/product"}],"version-history":[{"count":0,"href":"https:\/\/lams-home.com\/en\/wp-json\/wp\/v2\/product\/10433\/revisions"}],"wp:featuredmedia":[{"embeddable":true,"href":"https:\/\/lams-home.com\/en\/wp-json\/wp\/v2\/media\/9149"}],"wp:attachment":[{"href":"https:\/\/lams-home.com\/en\/wp-json\/wp\/v2\/media?parent=10433"}],"wp:term":[{"taxonomy":"product_brand","embeddable":true,"href":"https:\/\/lams-home.com\/en\/wp-json\/wp\/v2\/product_brand?post=10433"},{"taxonomy":"product_cat","embeddable":true,"href":"https:\/\/lams-home.com\/en\/wp-json\/wp\/v2\/product_cat?post=10433"},{"taxonomy":"product_tag","embeddable":true,"href":"https:\/\/lams-home.com\/en\/wp-json\/wp\/v2\/product_tag?post=10433"},{"taxonomy":"product_collection","embeddable":true,"href":"https:\/\/lams-home.com\/en\/wp-json\/wp\/v2\/product_collection?post=10433"}],"curies":[{"name":"wp","href":"https:\/\/api.w.org\/{rel}","templated":true}]}}