{"id":10646,"date":"2025-05-29T14:11:56","date_gmt":"2025-05-29T12:11:56","guid":{"rendered":"https:\/\/lams-home.com\/?post_type=product&#038;p=10646"},"modified":"2025-10-10T16:05:28","modified_gmt":"2025-10-10T14:05:28","slug":"assiette-plate-blanc-mat-sirocco-2","status":"publish","type":"product","link":"https:\/\/lams-home.com\/en\/produit\/assiette-plate-blanc-mat-sirocco-2\/","title":{"rendered":"Assiette plate  SIROCCO"},"content":{"rendered":"<p class=\"p1\">Compacte et \u00e9l\u00e9gante, cette assiette plate, en c\u00e9ramique artisanale compl\u00e8te parfaitement vos dressages de table. Sa forme et son design \u00e9pur\u00e9 s\u2019int\u00e8grent harmonieusement dans tous les styles de service.<\/p>\n<p class=\"p2\">R\u00e9sistante et pratique, elle est compatible avec le four, le micro-ondes et le lave-vaisselle.<\/p>\n","protected":false},"excerpt":{"rendered":"<p>Compacte et \u00e9l\u00e9gante, cette assiette plate, en c\u00e9ramique artisanale compl\u00e8te parfaitement vos dressages de table. Sa forme et son design \u00e9pur\u00e9 s\u2019int\u00e8grent harmonieusement dans tous les styles de service. R\u00e9sistante et pratique, elle est compatible avec le four, le micro-ondes et le lave-vaisselle.<\/p>\n","protected":false},"featured_media":6413,"template":"","meta":{"_jet_sm_ready_style":"","_jet_sm_style":"","_jet_sm_controls_values":"","_jet_sm_fonts_collection":"","_jet_sm_fonts_links":""},"product_brand":[198],"product_cat":[215,39],"product_tag":[244],"product_collection":[568],"class_list":{"0":"post-10646","1":"product","2":"type-product","3":"status-publish","4":"has-post-thumbnail","6":"product_brand-lams-home","7":"product_cat-assiettes-plates","8":"product_cat-vaisselle","9":"product_tag-ceramique","10":"product_collection-sirocco","12":"first","13":"instock","14":"taxable","15":"shipping-taxable","16":"purchasable","17":"product-type-variable","18":"has-default-attributes"},"_links":{"self":[{"href":"https:\/\/lams-home.com\/en\/wp-json\/wp\/v2\/product\/10646","targetHints":{"allow":["GET"]}}],"collection":[{"href":"https:\/\/lams-home.com\/en\/wp-json\/wp\/v2\/product"}],"about":[{"href":"https:\/\/lams-home.com\/en\/wp-json\/wp\/v2\/types\/product"}],"version-history":[{"count":0,"href":"https:\/\/lams-home.com\/en\/wp-json\/wp\/v2\/product\/10646\/revisions"}],"wp:featuredmedia":[{"embeddable":true,"href":"https:\/\/lams-home.com\/en\/wp-json\/wp\/v2\/media\/6413"}],"wp:attachment":[{"href":"https:\/\/lams-home.com\/en\/wp-json\/wp\/v2\/media?parent=10646"}],"wp:term":[{"taxonomy":"product_brand","embeddable":true,"href":"https:\/\/lams-home.com\/en\/wp-json\/wp\/v2\/product_brand?post=10646"},{"taxonomy":"product_cat","embeddable":true,"href":"https:\/\/lams-home.com\/en\/wp-json\/wp\/v2\/product_cat?post=10646"},{"taxonomy":"product_tag","embeddable":true,"href":"https:\/\/lams-home.com\/en\/wp-json\/wp\/v2\/product_tag?post=10646"},{"taxonomy":"product_collection","embeddable":true,"href":"https:\/\/lams-home.com\/en\/wp-json\/wp\/v2\/product_collection?post=10646"}],"curies":[{"name":"wp","href":"https:\/\/api.w.org\/{rel}","templated":true}]}}