{"id":10754,"date":"2025-05-29T16:32:21","date_gmt":"2025-05-29T14:32:21","guid":{"rendered":"https:\/\/lams-home.com\/?post_type=product&#038;p=10754"},"modified":"2025-10-10T16:05:27","modified_gmt":"2025-10-10T14:05:27","slug":"saladier-en-gres-sirocco","status":"publish","type":"product","link":"https:\/\/lams-home.com\/en\/produit\/saladier-en-gres-sirocco\/","title":{"rendered":"Saladier en gr\u00e8s 19,5 cm SIROCCO"},"content":{"rendered":"<p class=\"p1\">Ce bol en gr\u00e8s, fa\u00e7onn\u00e9 \u00e0 la main, incarne l\u2019\u00e9l\u00e9gance artisanale et la fonctionnalit\u00e9 moderne. Sa forme fluide et ses courbes \u00e9pur\u00e9es s\u2019adaptent harmonieusement \u00e0 divers styles de pr\u00e9sentation culinaire.<\/p>\n<p class=\"p3\">Caract\u00e9ristiques principales :<\/p>\n<ul>\n<li>\n<p class=\"p1\"><span class=\"s1\">Fabrication artisanale :<\/span> Chaque pi\u00e8ce est unique, t\u00e9moignant du savoir-faire traditionnel.<\/p>\n<\/li>\n<li>\n<p class=\"p1\"><span class=\"s1\">Design \u00e9pur\u00e9 :<\/span> Forme fluide et courbes simples pour une esth\u00e9tique contemporaine.<\/p>\n<\/li>\n<li>\n<p class=\"p1\"><span class=\"s1\">Vari\u00e9t\u00e9 de couleurs :<\/span> Disponible en plusieurs combinaisons pour s\u2019harmoniser avec votre vaisselle existante.<\/p>\n<\/li>\n<li>\n<p class=\"p1\"><span class=\"s1\">Utilisation polyvalente :<\/span> Id\u00e9al pour servir des salades ou des pr\u00e9sentations culinaires.<\/p>\n<\/li>\n<li>\n<p class=\"p1\"><span class=\"s1\">Entretien facile :<\/span> Compatible avec le four, le micro-ondes et le lave-vaisselle, pour une utilisation quotidienne sans contrainte.<\/p>\n<\/li>\n<\/ul>\n<p>&nbsp;<\/p>\n<p class=\"p1\">Ce saladier en gr\u00e8s est con\u00e7u pour r\u00e9pondre aux exigences des professionnels de la restauration, alliant durabilit\u00e9 et esth\u00e9tique pour sublimer vos pr\u00e9sentations culinaires.<\/p>\n","protected":false},"excerpt":{"rendered":"<p>Ce bol en gr\u00e8s, fa\u00e7onn\u00e9 \u00e0 la main, incarne l\u2019\u00e9l\u00e9gance artisanale et la fonctionnalit\u00e9 moderne. Sa forme fluide et ses courbes \u00e9pur\u00e9es s\u2019adaptent harmonieusement \u00e0 divers styles de pr\u00e9sentation culinaire. Caract\u00e9ristiques principales : Fabrication artisanale : Chaque pi\u00e8ce est unique, t\u00e9moignant du savoir-faire traditionnel. Design \u00e9pur\u00e9 : Forme fluide et courbes simples pour une esth\u00e9tique [&hellip;]<\/p>\n","protected":false},"featured_media":6416,"template":"","meta":{"_jet_sm_ready_style":"","_jet_sm_style":"","_jet_sm_controls_values":"","_jet_sm_fonts_collection":"","_jet_sm_fonts_links":""},"product_brand":[198],"product_cat":[218,39],"product_tag":[244],"product_collection":[568],"class_list":{"0":"post-10754","1":"product","2":"type-product","3":"status-publish","4":"has-post-thumbnail","6":"product_brand-lams-home","7":"product_cat-bols","8":"product_cat-vaisselle","9":"product_tag-ceramique","10":"product_collection-sirocco","12":"first","13":"instock","14":"taxable","15":"shipping-taxable","16":"purchasable","17":"product-type-variable","18":"has-default-attributes"},"_links":{"self":[{"href":"https:\/\/lams-home.com\/en\/wp-json\/wp\/v2\/product\/10754","targetHints":{"allow":["GET"]}}],"collection":[{"href":"https:\/\/lams-home.com\/en\/wp-json\/wp\/v2\/product"}],"about":[{"href":"https:\/\/lams-home.com\/en\/wp-json\/wp\/v2\/types\/product"}],"version-history":[{"count":0,"href":"https:\/\/lams-home.com\/en\/wp-json\/wp\/v2\/product\/10754\/revisions"}],"wp:featuredmedia":[{"embeddable":true,"href":"https:\/\/lams-home.com\/en\/wp-json\/wp\/v2\/media\/6416"}],"wp:attachment":[{"href":"https:\/\/lams-home.com\/en\/wp-json\/wp\/v2\/media?parent=10754"}],"wp:term":[{"taxonomy":"product_brand","embeddable":true,"href":"https:\/\/lams-home.com\/en\/wp-json\/wp\/v2\/product_brand?post=10754"},{"taxonomy":"product_cat","embeddable":true,"href":"https:\/\/lams-home.com\/en\/wp-json\/wp\/v2\/product_cat?post=10754"},{"taxonomy":"product_tag","embeddable":true,"href":"https:\/\/lams-home.com\/en\/wp-json\/wp\/v2\/product_tag?post=10754"},{"taxonomy":"product_collection","embeddable":true,"href":"https:\/\/lams-home.com\/en\/wp-json\/wp\/v2\/product_collection?post=10754"}],"curies":[{"name":"wp","href":"https:\/\/api.w.org\/{rel}","templated":true}]}}