{"id":10874,"date":"2025-05-30T11:23:26","date_gmt":"2025-05-30T09:23:26","guid":{"rendered":"https:\/\/lams-home.com\/?post_type=product&#038;p=10874"},"modified":"2025-10-10T16:05:29","modified_gmt":"2025-10-10T14:05:29","slug":"bol-terra","status":"publish","type":"product","link":"https:\/\/lams-home.com\/en\/produit\/bol-terra\/","title":{"rendered":"Coupelle en gr\u00e8s  TERRA"},"content":{"rendered":"<p class=\"p1\">Le bol TERRA incarne l\u2019essence du design artisanal contemporain. Fa\u00e7onn\u00e9 \u00e0 la main en gr\u00e8s, il pr\u00e9sente une forme fluide aux courbes \u00e9pur\u00e9es, offrant une esth\u00e9tique naturelle et raffin\u00e9e. Disponible en plusieurs combinaisons de couleurs, il s\u2019int\u00e8gre harmonieusement \u00e0 divers styles de pr\u00e9sentation culinaire.<\/p>\n<p class=\"p3\">Caract\u00e9ristiques principales :<\/p>\n<ul>\n<li>\n<p class=\"p1\"><span class=\"s1\">Fabrication artisanale :<\/span> Chaque pi\u00e8ce est unique, t\u00e9moignant du savoir-faire traditionnel.<\/p>\n<\/li>\n<li>\n<p class=\"p1\"><span class=\"s1\">Design \u00e9pur\u00e9 :<\/span> Forme fluide et courbes simples pour une esth\u00e9tique contemporaine.<\/p>\n<\/li>\n<li>\n<p class=\"p1\"><span class=\"s1\">Vari\u00e9t\u00e9 de couleurs :<\/span> Disponible en plusieurs combinaisons pour s\u2019harmoniser avec votre vaisselle existante.<\/p>\n<\/li>\n<li>\n<p class=\"p1\"><span class=\"s1\">Utilisation polyvalente :<\/span> Id\u00e9al pour servir des entr\u00e9es, des desserts ou des accompagnements.<\/p>\n<\/li>\n<li>\n<p class=\"p1\"><span class=\"s1\">Entretien facile :<\/span> Compatible avec le four, le micro-ondes et le lave-vaisselle, pour une utilisation quotidienne sans contrainte.<\/p>\n<\/li>\n<\/ul>\n<p>&nbsp;<\/p>\n<p class=\"p1\">Le bol TERRA est con\u00e7u pour r\u00e9pondre aux exigences des professionnels de la restauration, alliant durabilit\u00e9 et esth\u00e9tique pour sublimer vos pr\u00e9sentations culinaires.<\/p>\n","protected":false},"excerpt":{"rendered":"<p>Le bol TERRA incarne l\u2019essence du design artisanal contemporain. Fa\u00e7onn\u00e9 \u00e0 la main en gr\u00e8s, il pr\u00e9sente une forme fluide aux courbes \u00e9pur\u00e9es, offrant une esth\u00e9tique naturelle et raffin\u00e9e. Disponible en plusieurs combinaisons de couleurs, il s\u2019int\u00e8gre harmonieusement \u00e0 divers styles de pr\u00e9sentation culinaire. Caract\u00e9ristiques principales : Fabrication artisanale : Chaque pi\u00e8ce est unique, t\u00e9moignant [&hellip;]<\/p>\n","protected":false},"featured_media":2376,"template":"","meta":{"_jet_sm_ready_style":"","_jet_sm_style":"","_jet_sm_controls_values":"","_jet_sm_fonts_collection":"","_jet_sm_fonts_links":""},"product_brand":[198],"product_cat":[218,39],"product_tag":[244],"product_collection":[598],"class_list":{"0":"post-10874","1":"product","2":"type-product","3":"status-publish","4":"has-post-thumbnail","6":"product_brand-lams-home","7":"product_cat-bols","8":"product_cat-vaisselle","9":"product_tag-ceramique","10":"product_collection-terra","12":"first","13":"instock","14":"taxable","15":"shipping-taxable","16":"purchasable","17":"product-type-variable","18":"has-default-attributes"},"_links":{"self":[{"href":"https:\/\/lams-home.com\/en\/wp-json\/wp\/v2\/product\/10874","targetHints":{"allow":["GET"]}}],"collection":[{"href":"https:\/\/lams-home.com\/en\/wp-json\/wp\/v2\/product"}],"about":[{"href":"https:\/\/lams-home.com\/en\/wp-json\/wp\/v2\/types\/product"}],"version-history":[{"count":0,"href":"https:\/\/lams-home.com\/en\/wp-json\/wp\/v2\/product\/10874\/revisions"}],"wp:featuredmedia":[{"embeddable":true,"href":"https:\/\/lams-home.com\/en\/wp-json\/wp\/v2\/media\/2376"}],"wp:attachment":[{"href":"https:\/\/lams-home.com\/en\/wp-json\/wp\/v2\/media?parent=10874"}],"wp:term":[{"taxonomy":"product_brand","embeddable":true,"href":"https:\/\/lams-home.com\/en\/wp-json\/wp\/v2\/product_brand?post=10874"},{"taxonomy":"product_cat","embeddable":true,"href":"https:\/\/lams-home.com\/en\/wp-json\/wp\/v2\/product_cat?post=10874"},{"taxonomy":"product_tag","embeddable":true,"href":"https:\/\/lams-home.com\/en\/wp-json\/wp\/v2\/product_tag?post=10874"},{"taxonomy":"product_collection","embeddable":true,"href":"https:\/\/lams-home.com\/en\/wp-json\/wp\/v2\/product_collection?post=10874"}],"curies":[{"name":"wp","href":"https:\/\/api.w.org\/{rel}","templated":true}]}}