{"id":11165,"date":"2025-06-04T19:23:58","date_gmt":"2025-06-04T17:23:58","guid":{"rendered":"https:\/\/lams-home.com\/?post_type=product&#038;p=11165"},"modified":"2025-10-10T16:05:20","modified_gmt":"2025-10-10T14:05:20","slug":"paire-tasse-the-22cl","status":"publish","type":"product","link":"https:\/\/lams-home.com\/en\/produit\/paire-tasse-the-22cl\/","title":{"rendered":"PAIRE TASSE THE 22CL"},"content":{"rendered":"<p class=\"p1\">Cette tasse \u00e0 th\u00e9 accompagn\u00e9e de sa sous-tasse incarne la puret\u00e9 et l\u2019\u00e9l\u00e9gance de la collection MAREKA. En porcelaine blanche premium, son l\u00e9ger effet martel\u00e9 lui conf\u00e8re un charme artisanal tout en restant r\u00e9solument contemporain.<\/p>\n<p class=\"p1\">Pens\u00e9e pour les professionnels, elle est aussi belle que pratique : r\u00e9sistante, empilable, compatible lave-vaisselle et micro-ondes.<\/p>\n<p class=\"p3\">Caract\u00e9ristiques :<\/p>\n<p class=\"p1\">\u2013 Porcelaine fine blanche avec texture martel\u00e9e<\/p>\n<p class=\"p1\">\u2013 Tasse \u00e0 th\u00e9 + sous-tasse assortie<\/p>\n<p class=\"p1\">\u2013 Design sobre et haut de gamme<\/p>\n<p class=\"p1\">\u2013 Id\u00e9al pour h\u00f4tels, salons de th\u00e9 et restaurants<\/p>\n","protected":false},"excerpt":{"rendered":"<p>Cette tasse \u00e0 th\u00e9 accompagn\u00e9e de sa sous-tasse incarne la puret\u00e9 et l\u2019\u00e9l\u00e9gance de la collection MAREKA. En porcelaine blanche premium, son l\u00e9ger effet martel\u00e9 lui conf\u00e8re un charme artisanal tout en restant r\u00e9solument contemporain. Pens\u00e9e pour les professionnels, elle est aussi belle que pratique : r\u00e9sistante, empilable, compatible lave-vaisselle et micro-ondes. Caract\u00e9ristiques : \u2013 [&hellip;]<\/p>\n","protected":false},"featured_media":1464,"template":"","meta":{"_jet_sm_ready_style":"","_jet_sm_style":"","_jet_sm_controls_values":"","_jet_sm_fonts_collection":"","_jet_sm_fonts_links":""},"product_brand":[198],"product_cat":[51,39],"product_tag":[245],"product_collection":[418],"class_list":{"0":"post-11165","1":"product","2":"type-product","3":"status-publish","4":"has-post-thumbnail","6":"product_brand-lams-home","7":"product_cat-mugs-et-tasses","8":"product_cat-vaisselle","9":"product_tag-porcelaine","10":"product_collection-mareka","12":"first","13":"instock","14":"taxable","15":"shipping-taxable","16":"purchasable","17":"product-type-variable","18":"has-default-attributes"},"_links":{"self":[{"href":"https:\/\/lams-home.com\/en\/wp-json\/wp\/v2\/product\/11165","targetHints":{"allow":["GET"]}}],"collection":[{"href":"https:\/\/lams-home.com\/en\/wp-json\/wp\/v2\/product"}],"about":[{"href":"https:\/\/lams-home.com\/en\/wp-json\/wp\/v2\/types\/product"}],"version-history":[{"count":0,"href":"https:\/\/lams-home.com\/en\/wp-json\/wp\/v2\/product\/11165\/revisions"}],"wp:featuredmedia":[{"embeddable":true,"href":"https:\/\/lams-home.com\/en\/wp-json\/wp\/v2\/media\/1464"}],"wp:attachment":[{"href":"https:\/\/lams-home.com\/en\/wp-json\/wp\/v2\/media?parent=11165"}],"wp:term":[{"taxonomy":"product_brand","embeddable":true,"href":"https:\/\/lams-home.com\/en\/wp-json\/wp\/v2\/product_brand?post=11165"},{"taxonomy":"product_cat","embeddable":true,"href":"https:\/\/lams-home.com\/en\/wp-json\/wp\/v2\/product_cat?post=11165"},{"taxonomy":"product_tag","embeddable":true,"href":"https:\/\/lams-home.com\/en\/wp-json\/wp\/v2\/product_tag?post=11165"},{"taxonomy":"product_collection","embeddable":true,"href":"https:\/\/lams-home.com\/en\/wp-json\/wp\/v2\/product_collection?post=11165"}],"curies":[{"name":"wp","href":"https:\/\/api.w.org\/{rel}","templated":true}]}}