{"id":11310,"date":"2025-06-10T11:22:42","date_gmt":"2025-06-10T09:22:42","guid":{"rendered":"https:\/\/lams-home.com\/?post_type=product&#038;p=11310"},"modified":"2025-10-10T16:05:33","modified_gmt":"2025-10-10T14:05:33","slug":"assiette-23-cm-zenith","status":"publish","type":"product","link":"https:\/\/lams-home.com\/en\/produit\/assiette-23-cm-zenith\/","title":{"rendered":"Assiette 23 cm ZENITH"},"content":{"rendered":"<p class=\"p1\">Assiette ZENITH \u2013 Porcelaine lisse et intemporelle<\/p>\n<p class=\"p3\">Une collection d\u2019assiettes en porcelaine blanche lisse, \u00e0 l\u2019esth\u00e9tique \u00e9pur\u00e9e et \u00e9l\u00e9gante, id\u00e9ale pour les tables contemporaines et raffin\u00e9es.<\/p>\n<p class=\"p3\">La gamme <span class=\"s1\">ZENITH<\/span> se d\u00e9cline en 4 tailles, pens\u00e9es pour s\u2019adapter \u00e0 tous les usages professionnels.<\/p>\n<p class=\"p3\">Con\u00e7ue pour une utilisation intensive en restauration, la porcelaine <span class=\"s1\">ZENITH<\/span> allie finesse, r\u00e9sistance et facilit\u00e9 d\u2019entretien.<\/p>\n<p class=\"p3\">Compatible lave-vaisselle, micro-ondes et four.<\/p>\n","protected":false},"excerpt":{"rendered":"<p>Assiette ZENITH \u2013 Porcelaine lisse et intemporelle Une collection d\u2019assiettes en porcelaine blanche lisse, \u00e0 l\u2019esth\u00e9tique \u00e9pur\u00e9e et \u00e9l\u00e9gante, id\u00e9ale pour les tables contemporaines et raffin\u00e9es. La gamme ZENITH se d\u00e9cline en 4 tailles, pens\u00e9es pour s\u2019adapter \u00e0 tous les usages professionnels. Con\u00e7ue pour une utilisation intensive en restauration, la porcelaine ZENITH allie finesse, r\u00e9sistance [&hellip;]<\/p>\n","protected":false},"featured_media":1470,"template":"","meta":{"_jet_sm_ready_style":"","_jet_sm_style":"","_jet_sm_controls_values":"","_jet_sm_fonts_collection":"","_jet_sm_fonts_links":""},"product_brand":[198],"product_cat":[215,39],"product_tag":[245],"product_collection":[419],"class_list":{"0":"post-11310","1":"product","2":"type-product","3":"status-publish","4":"has-post-thumbnail","6":"product_brand-lams-home","7":"product_cat-assiettes-plates","8":"product_cat-vaisselle","9":"product_tag-porcelaine","10":"product_collection-zenith","12":"first","13":"instock","14":"taxable","15":"shipping-taxable","16":"purchasable","17":"product-type-variable","18":"has-default-attributes"},"_links":{"self":[{"href":"https:\/\/lams-home.com\/en\/wp-json\/wp\/v2\/product\/11310","targetHints":{"allow":["GET"]}}],"collection":[{"href":"https:\/\/lams-home.com\/en\/wp-json\/wp\/v2\/product"}],"about":[{"href":"https:\/\/lams-home.com\/en\/wp-json\/wp\/v2\/types\/product"}],"version-history":[{"count":0,"href":"https:\/\/lams-home.com\/en\/wp-json\/wp\/v2\/product\/11310\/revisions"}],"wp:featuredmedia":[{"embeddable":true,"href":"https:\/\/lams-home.com\/en\/wp-json\/wp\/v2\/media\/1470"}],"wp:attachment":[{"href":"https:\/\/lams-home.com\/en\/wp-json\/wp\/v2\/media?parent=11310"}],"wp:term":[{"taxonomy":"product_brand","embeddable":true,"href":"https:\/\/lams-home.com\/en\/wp-json\/wp\/v2\/product_brand?post=11310"},{"taxonomy":"product_cat","embeddable":true,"href":"https:\/\/lams-home.com\/en\/wp-json\/wp\/v2\/product_cat?post=11310"},{"taxonomy":"product_tag","embeddable":true,"href":"https:\/\/lams-home.com\/en\/wp-json\/wp\/v2\/product_tag?post=11310"},{"taxonomy":"product_collection","embeddable":true,"href":"https:\/\/lams-home.com\/en\/wp-json\/wp\/v2\/product_collection?post=11310"}],"curies":[{"name":"wp","href":"https:\/\/api.w.org\/{rel}","templated":true}]}}