{"id":11492,"date":"2025-06-11T13:26:56","date_gmt":"2025-06-11T11:26:56","guid":{"rendered":"https:\/\/lams-home.com\/?post_type=product&#038;p=11492"},"modified":"2025-10-10T16:05:19","modified_gmt":"2025-10-10T14:05:19","slug":"plat-a-tarte-32-cm-lilas","status":"publish","type":"product","link":"https:\/\/lams-home.com\/en\/produit\/plat-a-tarte-32-cm-lilas\/","title":{"rendered":"PLAT A TARTE 32 CM  LILAS"},"content":{"rendered":"<p class=\"p1\">Plat \u00e0 tarte en porcelaine blanche lisse, au <span class=\"s1\">design simple, sobre et l\u00e9ger<\/span>. Id\u00e9al pour la pr\u00e9sentation \u00e9l\u00e9gante de tartes, quiches ou desserts \u00e0 partager. La collection LILAS combine finesse visuelle et robustesse professionnelle.<\/p>\n<ul>\n<li>\n<p class=\"p1\">Diam\u00e8tre : 32 cm<\/p>\n<\/li>\n<li>\n<p class=\"p1\">Porcelaine blanche lisse, finition brillante<\/p>\n<\/li>\n<li>\n<p class=\"p1\">Design \u00e9pur\u00e9 et l\u00e9ger<\/p>\n<\/li>\n<li>\n<p class=\"p1\">Facile \u00e0 manipuler et \u00e0 empiler<\/p>\n<\/li>\n<li>\n<p class=\"p1\">Compatible lave-vaisselle et four<\/p>\n<\/li>\n<li>\n<p class=\"p1\">R\u00e9sistance adapt\u00e9e \u00e0 un usage intensif<\/p>\n<\/li>\n<\/ul>\n<p>&nbsp;<\/p>\n","protected":false},"excerpt":{"rendered":"<p>Plat \u00e0 tarte en porcelaine blanche lisse, au design simple, sobre et l\u00e9ger. Id\u00e9al pour la pr\u00e9sentation \u00e9l\u00e9gante de tartes, quiches ou desserts \u00e0 partager. La collection LILAS combine finesse visuelle et robustesse professionnelle. Diam\u00e8tre : 32 cm Porcelaine blanche lisse, finition brillante Design \u00e9pur\u00e9 et l\u00e9ger Facile \u00e0 manipuler et \u00e0 empiler Compatible lave-vaisselle [&hellip;]<\/p>\n","protected":false},"featured_media":1402,"template":"","meta":{"_jet_sm_ready_style":"","_jet_sm_style":"","_jet_sm_controls_values":"","_jet_sm_fonts_collection":"","_jet_sm_fonts_links":""},"product_brand":[198],"product_cat":[215,220,224,39],"product_tag":[245],"product_collection":[422],"class_list":{"0":"post-11492","1":"product","2":"type-product","3":"status-publish","4":"has-post-thumbnail","6":"product_brand-lams-home","7":"product_cat-assiettes-plates","8":"product_cat-plats-a-servir","9":"product_cat-plats-a-tarte","10":"product_cat-vaisselle","11":"product_tag-porcelaine","12":"product_collection-lilas","14":"first","15":"instock","16":"taxable","17":"shipping-taxable","18":"purchasable","19":"product-type-variable","20":"has-default-attributes"},"_links":{"self":[{"href":"https:\/\/lams-home.com\/en\/wp-json\/wp\/v2\/product\/11492","targetHints":{"allow":["GET"]}}],"collection":[{"href":"https:\/\/lams-home.com\/en\/wp-json\/wp\/v2\/product"}],"about":[{"href":"https:\/\/lams-home.com\/en\/wp-json\/wp\/v2\/types\/product"}],"version-history":[{"count":0,"href":"https:\/\/lams-home.com\/en\/wp-json\/wp\/v2\/product\/11492\/revisions"}],"wp:featuredmedia":[{"embeddable":true,"href":"https:\/\/lams-home.com\/en\/wp-json\/wp\/v2\/media\/1402"}],"wp:attachment":[{"href":"https:\/\/lams-home.com\/en\/wp-json\/wp\/v2\/media?parent=11492"}],"wp:term":[{"taxonomy":"product_brand","embeddable":true,"href":"https:\/\/lams-home.com\/en\/wp-json\/wp\/v2\/product_brand?post=11492"},{"taxonomy":"product_cat","embeddable":true,"href":"https:\/\/lams-home.com\/en\/wp-json\/wp\/v2\/product_cat?post=11492"},{"taxonomy":"product_tag","embeddable":true,"href":"https:\/\/lams-home.com\/en\/wp-json\/wp\/v2\/product_tag?post=11492"},{"taxonomy":"product_collection","embeddable":true,"href":"https:\/\/lams-home.com\/en\/wp-json\/wp\/v2\/product_collection?post=11492"}],"curies":[{"name":"wp","href":"https:\/\/api.w.org\/{rel}","templated":true}]}}