{"id":11503,"date":"2025-06-11T14:06:50","date_gmt":"2025-06-11T12:06:50","guid":{"rendered":"https:\/\/lams-home.com\/?post_type=product&#038;p=11503"},"modified":"2026-01-15T19:31:04","modified_gmt":"2026-01-15T18:31:04","slug":"bol-capri","status":"publish","type":"product","link":"https:\/\/lams-home.com\/en\/produit\/bol-capri\/","title":{"rendered":"Bol  CAPRI"},"content":{"rendered":"<p class=\"p1\">Bol en porcelaine blanche lisse, au <span class=\"s1\">design organique et moderne<\/span>. La collection CAPRI se distingue par ses courbes douces et son \u00e9quilibre parfait entre fonctionnalit\u00e9 et esth\u00e9tisme. Parfaite pour les entr\u00e9es, accompagnements ou desserts raffin\u00e9s.<\/p>\n<ul>\n<li>\n<p class=\"p1\">Diam\u00e8tre : 18, 23, 26 cm<\/p>\n<\/li>\n<li>\n<p class=\"p1\">Porcelaine blanche lisse, finition brillante<\/p>\n<\/li>\n<li>\n<p class=\"p1\">Forme organique contemporaine<\/p>\n<\/li>\n<li>\n<p class=\"p1\">Empilable, r\u00e9sistante \u00e0 un usage professionnel<\/p>\n<\/li>\n<li>\n<p class=\"p1\">Compatible lave-vaisselle, micro-ondes et four<\/p>\n<\/li>\n<\/ul>\n<p>&nbsp;<\/p>\n","protected":false},"excerpt":{"rendered":"<p>Bol en porcelaine blanche lisse, au design organique et moderne. La collection CAPRI se distingue par ses courbes douces et son \u00e9quilibre parfait entre fonctionnalit\u00e9 et esth\u00e9tisme. Parfaite pour les entr\u00e9es, accompagnements ou desserts raffin\u00e9s. Diam\u00e8tre : 18, 23, 26 cm Porcelaine blanche lisse, finition brillante Forme organique contemporaine Empilable, r\u00e9sistante \u00e0 un usage professionnel [&hellip;]<\/p>\n","protected":false},"featured_media":1424,"template":"","meta":{"_jet_sm_ready_style":"","_jet_sm_style":"","_jet_sm_controls_values":"","_jet_sm_fonts_collection":"","_jet_sm_fonts_links":""},"product_brand":[198],"product_cat":[218,39],"product_tag":[245],"product_collection":[423],"class_list":{"0":"post-11503","1":"product","2":"type-product","3":"status-publish","4":"has-post-thumbnail","6":"product_brand-lams-home","7":"product_cat-bols","8":"product_cat-vaisselle","9":"product_tag-porcelaine","10":"product_collection-capri","12":"first","13":"instock","14":"taxable","15":"shipping-taxable","16":"purchasable","17":"product-type-variable","18":"has-default-attributes"},"_links":{"self":[{"href":"https:\/\/lams-home.com\/en\/wp-json\/wp\/v2\/product\/11503","targetHints":{"allow":["GET"]}}],"collection":[{"href":"https:\/\/lams-home.com\/en\/wp-json\/wp\/v2\/product"}],"about":[{"href":"https:\/\/lams-home.com\/en\/wp-json\/wp\/v2\/types\/product"}],"version-history":[{"count":0,"href":"https:\/\/lams-home.com\/en\/wp-json\/wp\/v2\/product\/11503\/revisions"}],"wp:featuredmedia":[{"embeddable":true,"href":"https:\/\/lams-home.com\/en\/wp-json\/wp\/v2\/media\/1424"}],"wp:attachment":[{"href":"https:\/\/lams-home.com\/en\/wp-json\/wp\/v2\/media?parent=11503"}],"wp:term":[{"taxonomy":"product_brand","embeddable":true,"href":"https:\/\/lams-home.com\/en\/wp-json\/wp\/v2\/product_brand?post=11503"},{"taxonomy":"product_cat","embeddable":true,"href":"https:\/\/lams-home.com\/en\/wp-json\/wp\/v2\/product_cat?post=11503"},{"taxonomy":"product_tag","embeddable":true,"href":"https:\/\/lams-home.com\/en\/wp-json\/wp\/v2\/product_tag?post=11503"},{"taxonomy":"product_collection","embeddable":true,"href":"https:\/\/lams-home.com\/en\/wp-json\/wp\/v2\/product_collection?post=11503"}],"curies":[{"name":"wp","href":"https:\/\/api.w.org\/{rel}","templated":true}]}}