{"id":11729,"date":"2025-06-14T09:40:26","date_gmt":"2025-06-14T07:40:26","guid":{"rendered":"https:\/\/lams-home.com\/?post_type=product&#038;p=11729"},"modified":"2025-10-10T16:05:16","modified_gmt":"2025-10-10T14:05:16","slug":"assiette-calotte-20cm-jour-nuit","status":"publish","type":"product","link":"https:\/\/lams-home.com\/en\/produit\/assiette-calotte-20cm-jour-nuit\/","title":{"rendered":"ASSIETTE CALOTTE 20 CM   Jour &#038; Nuit"},"content":{"rendered":"<p class=\"p1\">Assiette calotte en porcelaine blanche lisse, sublim\u00e9e par une fine bordure dor\u00e9e et un d\u00e9cor blanc ton sur ton discret sur le contour.<\/p>\n<p class=\"p1\">La collection <span class=\"s1\">Jour &amp; Nuit<\/span> marie \u00e9l\u00e9gance classique et raffinement contemporain, pour une table distingu\u00e9e et intemporelle.<\/p>\n<p class=\"p1\">Disponible \u00e9galement en version noire, avec d\u00e9cor noir sur ton blanc et bord dor\u00e9 assorti.<\/p>\n<p class=\"p3\">Diam\u00e8tre :<span class=\"s2\"> 20 cm<\/span><\/p>\n<p class=\"p3\">Porcelaine blanche lisse, finition brillante<\/p>\n<p class=\"p3\">Bordure dor\u00e9e d\u00e9licate<\/p>\n<p class=\"p3\">Existe en version blanche ou noire<\/p>\n<p class=\"p3\">Compatible lave-vaisselle (cycle d\u00e9licat) jusqu&#8217;\u00e0 300 lavage \u00e0 basse temp\u00e9rature.<\/p>\n<p class=\"p3\">Parfaite pour les \u00e9tablissements haut de gamme<\/p>\n","protected":false},"excerpt":{"rendered":"<p>Assiette calotte en porcelaine blanche lisse, sublim\u00e9e par une fine bordure dor\u00e9e et un d\u00e9cor blanc ton sur ton discret sur le contour. La collection Jour &amp; Nuit marie \u00e9l\u00e9gance classique et raffinement contemporain, pour une table distingu\u00e9e et intemporelle. Disponible \u00e9galement en version noire, avec d\u00e9cor noir sur ton blanc et bord dor\u00e9 assorti. [&hellip;]<\/p>\n","protected":false},"featured_media":11692,"template":"","meta":{"_jet_sm_ready_style":"","_jet_sm_style":"","_jet_sm_controls_values":"","_jet_sm_fonts_collection":"","_jet_sm_fonts_links":""},"product_brand":[198],"product_cat":[216,39],"product_tag":[245],"product_collection":[430],"class_list":{"0":"post-11729","1":"product","2":"type-product","3":"status-publish","4":"has-post-thumbnail","6":"product_brand-lams-home","7":"product_cat-assiettes-creuses","8":"product_cat-vaisselle","9":"product_tag-porcelaine","10":"product_collection-jour-nuit-blanc","12":"first","13":"instock","14":"taxable","15":"shipping-taxable","16":"purchasable","17":"product-type-variable","18":"has-default-attributes"},"_links":{"self":[{"href":"https:\/\/lams-home.com\/en\/wp-json\/wp\/v2\/product\/11729","targetHints":{"allow":["GET"]}}],"collection":[{"href":"https:\/\/lams-home.com\/en\/wp-json\/wp\/v2\/product"}],"about":[{"href":"https:\/\/lams-home.com\/en\/wp-json\/wp\/v2\/types\/product"}],"version-history":[{"count":0,"href":"https:\/\/lams-home.com\/en\/wp-json\/wp\/v2\/product\/11729\/revisions"}],"wp:featuredmedia":[{"embeddable":true,"href":"https:\/\/lams-home.com\/en\/wp-json\/wp\/v2\/media\/11692"}],"wp:attachment":[{"href":"https:\/\/lams-home.com\/en\/wp-json\/wp\/v2\/media?parent=11729"}],"wp:term":[{"taxonomy":"product_brand","embeddable":true,"href":"https:\/\/lams-home.com\/en\/wp-json\/wp\/v2\/product_brand?post=11729"},{"taxonomy":"product_cat","embeddable":true,"href":"https:\/\/lams-home.com\/en\/wp-json\/wp\/v2\/product_cat?post=11729"},{"taxonomy":"product_tag","embeddable":true,"href":"https:\/\/lams-home.com\/en\/wp-json\/wp\/v2\/product_tag?post=11729"},{"taxonomy":"product_collection","embeddable":true,"href":"https:\/\/lams-home.com\/en\/wp-json\/wp\/v2\/product_collection?post=11729"}],"curies":[{"name":"wp","href":"https:\/\/api.w.org\/{rel}","templated":true}]}}