{"id":11821,"date":"2025-06-15T18:25:11","date_gmt":"2025-06-15T16:25:11","guid":{"rendered":"https:\/\/lams-home.com\/?post_type=product&#038;p=11821"},"modified":"2025-10-10T16:05:18","modified_gmt":"2025-10-10T14:05:18","slug":"assiette-calotte-20-cm-lava-doree","status":"publish","type":"product","link":"https:\/\/lams-home.com\/en\/produit\/assiette-calotte-20-cm-lava-doree\/","title":{"rendered":"ASSIETTE CALOTTE 20 CM  LAVA  Dor\u00e9e"},"content":{"rendered":"<p class=\"p1\">Assiette calotte en gr\u00e8s noir mat, r\u00e9v\u00e9lant un int\u00e9rieur dor\u00e9 textur\u00e9 aux reflets chauds et subtils.<\/p>\n<p class=\"p1\">Avec sa profondeur \u00e9quilibr\u00e9e et son design inspir\u00e9 de la mati\u00e8re volcanique, la collection <span class=\"s1\">LAVA dor\u00e9<\/span> apporte une dimension pr\u00e9cieuse \u00e0 chaque plat.<\/p>\n<p class=\"p1\">Parfaite pour les soupes, entr\u00e9es raffin\u00e9es ou desserts soign\u00e9s, elle allie force visuelle et finesse artisanale.<\/p>\n<p class=\"p3\">Diam\u00e8tre :<span class=\"s2\"> 20 cm<\/span><\/p>\n<p class=\"p3\">Gr\u00e8s noir mat avec int\u00e9rieur dor\u00e9<\/p>\n<p class=\"p3\">Courbure fluide, profondeur id\u00e9ale<\/p>\n<p class=\"p3\">Design brut et raffin\u00e9 \u00e0 la fois<\/p>\n<p class=\"p3\">Compatible four, micro-ondes et lave-vaisselle (cycle d\u00e9licat)<\/p>\n<p class=\"p3\">Con\u00e7ue pour les tables audacieuses et \u00e9l\u00e9gantes<b><\/b><\/p>\n","protected":false},"excerpt":{"rendered":"<p>Assiette calotte en gr\u00e8s noir mat, r\u00e9v\u00e9lant un int\u00e9rieur dor\u00e9 textur\u00e9 aux reflets chauds et subtils. Avec sa profondeur \u00e9quilibr\u00e9e et son design inspir\u00e9 de la mati\u00e8re volcanique, la collection LAVA dor\u00e9 apporte une dimension pr\u00e9cieuse \u00e0 chaque plat. Parfaite pour les soupes, entr\u00e9es raffin\u00e9es ou desserts soign\u00e9s, elle allie force visuelle et finesse artisanale. [&hellip;]<\/p>\n","protected":false},"featured_media":1394,"template":"","meta":{"_jet_sm_ready_style":"","_jet_sm_style":"","_jet_sm_controls_values":"","_jet_sm_fonts_collection":"","_jet_sm_fonts_links":""},"product_brand":[198],"product_cat":[216,219,39],"product_tag":[244],"product_collection":[416],"class_list":{"0":"post-11821","1":"product","2":"type-product","3":"status-publish","4":"has-post-thumbnail","6":"product_brand-lams-home","7":"product_cat-assiettes-creuses","8":"product_cat-saladiers","9":"product_cat-vaisselle","10":"product_tag-ceramique","11":"product_collection-lava","13":"first","14":"instock","15":"taxable","16":"shipping-taxable","17":"purchasable","18":"product-type-variable","19":"has-default-attributes"},"_links":{"self":[{"href":"https:\/\/lams-home.com\/en\/wp-json\/wp\/v2\/product\/11821","targetHints":{"allow":["GET"]}}],"collection":[{"href":"https:\/\/lams-home.com\/en\/wp-json\/wp\/v2\/product"}],"about":[{"href":"https:\/\/lams-home.com\/en\/wp-json\/wp\/v2\/types\/product"}],"version-history":[{"count":0,"href":"https:\/\/lams-home.com\/en\/wp-json\/wp\/v2\/product\/11821\/revisions"}],"wp:featuredmedia":[{"embeddable":true,"href":"https:\/\/lams-home.com\/en\/wp-json\/wp\/v2\/media\/1394"}],"wp:attachment":[{"href":"https:\/\/lams-home.com\/en\/wp-json\/wp\/v2\/media?parent=11821"}],"wp:term":[{"taxonomy":"product_brand","embeddable":true,"href":"https:\/\/lams-home.com\/en\/wp-json\/wp\/v2\/product_brand?post=11821"},{"taxonomy":"product_cat","embeddable":true,"href":"https:\/\/lams-home.com\/en\/wp-json\/wp\/v2\/product_cat?post=11821"},{"taxonomy":"product_tag","embeddable":true,"href":"https:\/\/lams-home.com\/en\/wp-json\/wp\/v2\/product_tag?post=11821"},{"taxonomy":"product_collection","embeddable":true,"href":"https:\/\/lams-home.com\/en\/wp-json\/wp\/v2\/product_collection?post=11821"}],"curies":[{"name":"wp","href":"https:\/\/api.w.org\/{rel}","templated":true}]}}