{"id":11954,"date":"2025-06-16T17:42:51","date_gmt":"2025-06-16T15:42:51","guid":{"rendered":"https:\/\/lams-home.com\/?post_type=product&#038;p=11954"},"modified":"2025-10-10T16:05:31","modified_gmt":"2025-10-10T14:05:31","slug":"bol-15-cm-toscane-07","status":"publish","type":"product","link":"https:\/\/lams-home.com\/en\/produit\/bol-15-cm-toscane-07\/","title":{"rendered":"BOL 15 CM TOSCANE  07"},"content":{"rendered":"<p class=\"p1\">Bol en gr\u00e8s brillant, aux teintes bleu fonc\u00e9 profond \u00e9voquant les nuances aquatiques, soulign\u00e9 d\u2019une \u00e9l\u00e9gante lisi\u00e8re rouille.<\/p>\n<p class=\"p1\">Son format polyvalent de 15 cm en fait une pi\u00e8ce id\u00e9ale pour les entr\u00e9es, salades, soupes ou desserts.<\/p>\n<p class=\"p1\">La collection <span class=\"s1\">TOSCANE 07<\/span> se distingue par l\u2019intensit\u00e9 de ses couleurs et l\u2019harmonie de son \u00e9maillage artisanal.<\/p>\n<p class=\"p3\">Diam\u00e8tre :<span class=\"s2\"> 15 cm<\/span><\/p>\n<p class=\"p3\">Gr\u00e8s \u00e9maill\u00e9 brillant, bleu fonc\u00e9<\/p>\n<p class=\"p3\">Lisi\u00e8re rouille chaleureuse<\/p>\n<p class=\"p3\">Format polyvalent : entr\u00e9e, salade, soupe ou dessert<\/p>\n<p class=\"p3\">Teinte aquatique, profonde et apaisante<\/p>\n<p class=\"p3\">Compatible four, micro-ondes et lave-vaisselle<\/p>\n<p class=\"p3\">Parfait pour un usage professionnel \u00e9l\u00e9gant et expressif<\/p>\n","protected":false},"excerpt":{"rendered":"<p>Bol en gr\u00e8s brillant, aux teintes bleu fonc\u00e9 profond \u00e9voquant les nuances aquatiques, soulign\u00e9 d\u2019une \u00e9l\u00e9gante lisi\u00e8re rouille. Son format polyvalent de 15 cm en fait une pi\u00e8ce id\u00e9ale pour les entr\u00e9es, salades, soupes ou desserts. La collection TOSCANE 07 se distingue par l\u2019intensit\u00e9 de ses couleurs et l\u2019harmonie de son \u00e9maillage artisanal. Diam\u00e8tre : [&hellip;]<\/p>\n","protected":false},"featured_media":1382,"template":"","meta":{"_jet_sm_ready_style":"","_jet_sm_style":"","_jet_sm_controls_values":"","_jet_sm_fonts_collection":"","_jet_sm_fonts_links":""},"product_brand":[198],"product_cat":[218,39],"product_tag":[244],"product_collection":[417],"class_list":{"0":"post-11954","1":"product","2":"type-product","3":"status-publish","4":"has-post-thumbnail","6":"product_brand-lams-home","7":"product_cat-bols","8":"product_cat-vaisselle","9":"product_tag-ceramique","10":"product_collection-toscane","12":"first","13":"instock","14":"taxable","15":"shipping-taxable","16":"purchasable","17":"product-type-variable","18":"has-default-attributes"},"_links":{"self":[{"href":"https:\/\/lams-home.com\/en\/wp-json\/wp\/v2\/product\/11954","targetHints":{"allow":["GET"]}}],"collection":[{"href":"https:\/\/lams-home.com\/en\/wp-json\/wp\/v2\/product"}],"about":[{"href":"https:\/\/lams-home.com\/en\/wp-json\/wp\/v2\/types\/product"}],"version-history":[{"count":0,"href":"https:\/\/lams-home.com\/en\/wp-json\/wp\/v2\/product\/11954\/revisions"}],"wp:featuredmedia":[{"embeddable":true,"href":"https:\/\/lams-home.com\/en\/wp-json\/wp\/v2\/media\/1382"}],"wp:attachment":[{"href":"https:\/\/lams-home.com\/en\/wp-json\/wp\/v2\/media?parent=11954"}],"wp:term":[{"taxonomy":"product_brand","embeddable":true,"href":"https:\/\/lams-home.com\/en\/wp-json\/wp\/v2\/product_brand?post=11954"},{"taxonomy":"product_cat","embeddable":true,"href":"https:\/\/lams-home.com\/en\/wp-json\/wp\/v2\/product_cat?post=11954"},{"taxonomy":"product_tag","embeddable":true,"href":"https:\/\/lams-home.com\/en\/wp-json\/wp\/v2\/product_tag?post=11954"},{"taxonomy":"product_collection","embeddable":true,"href":"https:\/\/lams-home.com\/en\/wp-json\/wp\/v2\/product_collection?post=11954"}],"curies":[{"name":"wp","href":"https:\/\/api.w.org\/{rel}","templated":true}]}}