{"id":11975,"date":"2025-06-16T20:27:31","date_gmt":"2025-06-16T18:27:31","guid":{"rendered":"https:\/\/lams-home.com\/?post_type=product&#038;p=11975"},"modified":"2025-06-16T20:30:40","modified_gmt":"2025-06-16T18:30:40","slug":"grande-assiette-de-pates-31-cm-toscane-26","status":"publish","type":"product","link":"https:\/\/lams-home.com\/en\/produit\/grande-assiette-de-pates-31-cm-toscane-26\/","title":{"rendered":"Grande Assiette de p\u00e2tes 31 cm  TOSCANE 26"},"content":{"rendered":"<p class=\"p1\">Assiette de pr\u00e9sentation en gr\u00e8s \u00e9maill\u00e9, au large diam\u00e8tre de 31 cm, id\u00e9ale pour les plats de p\u00e2tes, risottos ou cr\u00e9ations g\u00e9n\u00e9reuses.<\/p>\n<p class=\"p1\">La collection <span class=\"s1\">TOSCANE 07<\/span> se distingue par sa finition brillante bleu fonc\u00e9 aux reflets profonds, subtilement encadr\u00e9e d\u2019une lisi\u00e8re rouille chaleureuse.<\/p>\n<p class=\"p1\">Un design \u00e0 la fois rustique et raffin\u00e9, pens\u00e9 pour valoriser les plats avec caract\u00e8re et \u00e9l\u00e9gance.<\/p>\n<p class=\"p3\">Diam\u00e8tre :<span class=\"s2\"> 31 cm<\/span><\/p>\n<p class=\"p3\">Gr\u00e8s brillant, vert profond avec lisi\u00e8re rouille<\/p>\n<p class=\"p3\">Forme ouverte et g\u00e9n\u00e9reuse, sans rebord haut<\/p>\n<p class=\"p3\">Parfaite pour les p\u00e2tes, risottos et plats en sauce<\/p>\n<p class=\"p3\">Design expressif et naturel, inspir\u00e9 de la nature et du printemps.<\/p>\n<p class=\"p3\">Compatible four, micro-ondes et lave-vaisselle<\/p>\n<p class=\"p3\">Convient \u00e0 un usage professionnel intensif<\/p>\n","protected":false},"excerpt":{"rendered":"<p>Assiette de pr\u00e9sentation en gr\u00e8s \u00e9maill\u00e9, au large diam\u00e8tre de 31 cm, id\u00e9ale pour les plats de p\u00e2tes, risottos ou cr\u00e9ations g\u00e9n\u00e9reuses. La collection TOSCANE 07 se distingue par sa finition brillante bleu fonc\u00e9 aux reflets profonds, subtilement encadr\u00e9e d\u2019une lisi\u00e8re rouille chaleureuse. Un design \u00e0 la fois rustique et raffin\u00e9, pens\u00e9 pour valoriser les [&hellip;]<\/p>\n","protected":false},"featured_media":1350,"template":"","meta":{"_jet_sm_ready_style":"","_jet_sm_style":"","_jet_sm_controls_values":"","_jet_sm_fonts_collection":"","_jet_sm_fonts_links":""},"product_brand":[198],"product_cat":[216,39],"product_tag":[244],"product_collection":[],"class_list":{"0":"post-11975","1":"product","2":"type-product","3":"status-publish","4":"has-post-thumbnail","6":"product_brand-lams-home","7":"product_cat-assiettes-creuses","8":"product_cat-vaisselle","9":"product_tag-ceramique","11":"first","12":"instock","13":"taxable","14":"shipping-taxable","15":"purchasable","16":"product-type-variable","17":"has-default-attributes"},"_links":{"self":[{"href":"https:\/\/lams-home.com\/en\/wp-json\/wp\/v2\/product\/11975","targetHints":{"allow":["GET"]}}],"collection":[{"href":"https:\/\/lams-home.com\/en\/wp-json\/wp\/v2\/product"}],"about":[{"href":"https:\/\/lams-home.com\/en\/wp-json\/wp\/v2\/types\/product"}],"version-history":[{"count":0,"href":"https:\/\/lams-home.com\/en\/wp-json\/wp\/v2\/product\/11975\/revisions"}],"wp:featuredmedia":[{"embeddable":true,"href":"https:\/\/lams-home.com\/en\/wp-json\/wp\/v2\/media\/1350"}],"wp:attachment":[{"href":"https:\/\/lams-home.com\/en\/wp-json\/wp\/v2\/media?parent=11975"}],"wp:term":[{"taxonomy":"product_brand","embeddable":true,"href":"https:\/\/lams-home.com\/en\/wp-json\/wp\/v2\/product_brand?post=11975"},{"taxonomy":"product_cat","embeddable":true,"href":"https:\/\/lams-home.com\/en\/wp-json\/wp\/v2\/product_cat?post=11975"},{"taxonomy":"product_tag","embeddable":true,"href":"https:\/\/lams-home.com\/en\/wp-json\/wp\/v2\/product_tag?post=11975"},{"taxonomy":"product_collection","embeddable":true,"href":"https:\/\/lams-home.com\/en\/wp-json\/wp\/v2\/product_collection?post=11975"}],"curies":[{"name":"wp","href":"https:\/\/api.w.org\/{rel}","templated":true}]}}