{"id":24342,"date":"2025-07-15T10:22:22","date_gmt":"2025-07-15T08:22:22","guid":{"rendered":"https:\/\/lams-home.com\/?post_type=product&#038;p=24342"},"modified":"2025-10-10T16:05:12","modified_gmt":"2025-10-10T14:05:12","slug":"plat-a-tarte-27-cm-fonte","status":"publish","type":"product","link":"https:\/\/lams-home.com\/en\/produit\/plat-a-tarte-27-cm-fonte\/","title":{"rendered":"Plat \u00e0 tarte 27 CM  CALDA"},"content":{"rendered":"<p class=\"p1\">Ce plat \u00e0 tarte de <span class=\"s1\">27 cm<\/span>, issu de la collection CALDA, s\u00e9duit par ses lignes sobres et sa finition soign\u00e9e. R\u00e9alis\u00e9 en gr\u00e8s fin, il garantit une cuisson uniforme pour toutes vos tartes, qu\u2019elles soient sucr\u00e9es ou sal\u00e9es.<\/p>\n<p class=\"p1\">Disponible en plusieurs coloris \u00e9l\u00e9gants, il passe du four \u00e0 la table avec style et praticit\u00e9.<\/p>\n<p class=\"p2\">Compatible four, micro-ondes et lave-vaisselle.<\/p>\n","protected":false},"excerpt":{"rendered":"<p>Ce plat \u00e0 tarte de 27 cm, issu de la collection CALDA, s\u00e9duit par ses lignes sobres et sa finition soign\u00e9e. R\u00e9alis\u00e9 en gr\u00e8s fin, il garantit une cuisson uniforme pour toutes vos tartes, qu\u2019elles soient sucr\u00e9es ou sal\u00e9es. Disponible en plusieurs coloris \u00e9l\u00e9gants, il passe du four \u00e0 la table avec style et praticit\u00e9. [&hellip;]<\/p>\n","protected":false},"featured_media":23205,"template":"","meta":{"_jet_sm_ready_style":"","_jet_sm_style":"","_jet_sm_controls_values":"","_jet_sm_fonts_collection":"","_jet_sm_fonts_links":""},"product_brand":[198],"product_cat":[223,39],"product_tag":[244],"product_collection":[811],"class_list":{"0":"post-24342","1":"product","2":"type-product","3":"status-publish","4":"has-post-thumbnail","6":"product_brand-lams-home","7":"product_cat-plats-a-four","8":"product_cat-vaisselle","9":"product_tag-ceramique","10":"product_collection-calda","12":"first","13":"instock","14":"taxable","15":"shipping-taxable","16":"purchasable","17":"product-type-variable","18":"has-default-attributes"},"_links":{"self":[{"href":"https:\/\/lams-home.com\/en\/wp-json\/wp\/v2\/product\/24342","targetHints":{"allow":["GET"]}}],"collection":[{"href":"https:\/\/lams-home.com\/en\/wp-json\/wp\/v2\/product"}],"about":[{"href":"https:\/\/lams-home.com\/en\/wp-json\/wp\/v2\/types\/product"}],"version-history":[{"count":0,"href":"https:\/\/lams-home.com\/en\/wp-json\/wp\/v2\/product\/24342\/revisions"}],"wp:featuredmedia":[{"embeddable":true,"href":"https:\/\/lams-home.com\/en\/wp-json\/wp\/v2\/media\/23205"}],"wp:attachment":[{"href":"https:\/\/lams-home.com\/en\/wp-json\/wp\/v2\/media?parent=24342"}],"wp:term":[{"taxonomy":"product_brand","embeddable":true,"href":"https:\/\/lams-home.com\/en\/wp-json\/wp\/v2\/product_brand?post=24342"},{"taxonomy":"product_cat","embeddable":true,"href":"https:\/\/lams-home.com\/en\/wp-json\/wp\/v2\/product_cat?post=24342"},{"taxonomy":"product_tag","embeddable":true,"href":"https:\/\/lams-home.com\/en\/wp-json\/wp\/v2\/product_tag?post=24342"},{"taxonomy":"product_collection","embeddable":true,"href":"https:\/\/lams-home.com\/en\/wp-json\/wp\/v2\/product_collection?post=24342"}],"curies":[{"name":"wp","href":"https:\/\/api.w.org\/{rel}","templated":true}]}}