{"id":24578,"date":"2025-08-14T15:33:10","date_gmt":"2025-08-14T13:33:10","guid":{"rendered":"https:\/\/lams-home.com\/?post_type=product&#038;p=24578"},"modified":"2025-08-14T15:36:54","modified_gmt":"2025-08-14T13:36:54","slug":"tasse-a-cafe-seta-orange-mat-orange-brillant","status":"publish","type":"product","link":"https:\/\/lams-home.com\/en\/produit\/tasse-a-cafe-seta-orange-mat-orange-brillant\/","title":{"rendered":"Tasse \u00e0 caf\u00e9   SETA   orange mat \/ orange brillant"},"content":{"rendered":"<p class=\"p1\">L\u00e9g\u00e8rement <span class=\"s1\">plus basse<\/span> que la tasse \u00e0 th\u00e9 de la m\u00eame collection, la <span class=\"s1\">tasse \u00e0 caf\u00e9 SETA<\/span> reprend ses <span class=\"s1\">lignes sobres et \u00e9quilibr\u00e9es<\/span>, dans un format plus compact.<\/p>\n<p class=\"p1\">En <span class=\"s1\">gr\u00e8s noir mat<\/span>, elle offre une <span class=\"s1\">prise en main agr\u00e9able<\/span> et une esth\u00e9tique minimaliste, parfaite pour le caf\u00e9 du matin ou de fin de repas.<\/p>\n<p class=\"p2\">Compatible four, micro-ondes et lave-vaisselle.<\/p>\n","protected":false},"excerpt":{"rendered":"<p>L\u00e9g\u00e8rement plus basse que la tasse \u00e0 th\u00e9 de la m\u00eame collection, la tasse \u00e0 caf\u00e9 SETA reprend ses lignes sobres et \u00e9quilibr\u00e9es, dans un format plus compact. En gr\u00e8s noir mat, elle offre une prise en main agr\u00e9able et une esth\u00e9tique minimaliste, parfaite pour le caf\u00e9 du matin ou de fin de repas. Compatible [&hellip;]<\/p>\n","protected":false},"featured_media":2415,"template":"","meta":{"_jet_sm_ready_style":"","_jet_sm_style":"","_jet_sm_controls_values":"","_jet_sm_fonts_collection":"","_jet_sm_fonts_links":""},"product_brand":[198],"product_cat":[51,39],"product_tag":[244],"product_collection":[],"class_list":{"0":"post-24578","1":"product","2":"type-product","3":"status-publish","4":"has-post-thumbnail","6":"product_brand-lams-home","7":"product_cat-mugs-et-tasses","8":"product_cat-vaisselle","9":"product_tag-ceramique","11":"first","12":"instock","13":"taxable","14":"shipping-taxable","15":"purchasable","16":"product-type-variable","17":"has-default-attributes"},"_links":{"self":[{"href":"https:\/\/lams-home.com\/en\/wp-json\/wp\/v2\/product\/24578","targetHints":{"allow":["GET"]}}],"collection":[{"href":"https:\/\/lams-home.com\/en\/wp-json\/wp\/v2\/product"}],"about":[{"href":"https:\/\/lams-home.com\/en\/wp-json\/wp\/v2\/types\/product"}],"version-history":[{"count":0,"href":"https:\/\/lams-home.com\/en\/wp-json\/wp\/v2\/product\/24578\/revisions"}],"wp:featuredmedia":[{"embeddable":true,"href":"https:\/\/lams-home.com\/en\/wp-json\/wp\/v2\/media\/2415"}],"wp:attachment":[{"href":"https:\/\/lams-home.com\/en\/wp-json\/wp\/v2\/media?parent=24578"}],"wp:term":[{"taxonomy":"product_brand","embeddable":true,"href":"https:\/\/lams-home.com\/en\/wp-json\/wp\/v2\/product_brand?post=24578"},{"taxonomy":"product_cat","embeddable":true,"href":"https:\/\/lams-home.com\/en\/wp-json\/wp\/v2\/product_cat?post=24578"},{"taxonomy":"product_tag","embeddable":true,"href":"https:\/\/lams-home.com\/en\/wp-json\/wp\/v2\/product_tag?post=24578"},{"taxonomy":"product_collection","embeddable":true,"href":"https:\/\/lams-home.com\/en\/wp-json\/wp\/v2\/product_collection?post=24578"}],"curies":[{"name":"wp","href":"https:\/\/api.w.org\/{rel}","templated":true}]}}