{"id":24609,"date":"2025-08-14T17:12:18","date_gmt":"2025-08-14T15:12:18","guid":{"rendered":"https:\/\/lams-home.com\/?post_type=product&#038;p=24609"},"modified":"2025-08-14T17:13:33","modified_gmt":"2025-08-14T15:13:33","slug":"vase-riva-17cm-noir-mat","status":"publish","type":"product","link":"https:\/\/lams-home.com\/en\/produit\/vase-riva-17cm-noir-mat\/","title":{"rendered":"Vase Riva  17cm noir mat"},"content":{"rendered":"<p class=\"p1\">Avec sa <span class=\"s1\">ligne fluide et discr\u00e8te<\/span>, le <span class=\"s1\">vase RIVA<\/span> s\u2019int\u00e8gre naturellement dans tous les styles d\u2019int\u00e9rieur.<\/p>\n<p class=\"p1\">D\u2019une hauteur de <span class=\"s1\">17 cm<\/span>, il est parfait pour sublimer une fleur unique, un petit bouquet ou simplement en objet d\u00e9coratif.<\/p>\n<p class=\"p1\">Sa silhouette douce en fait un <span class=\"s1\">\u00e9l\u00e9ment raffin\u00e9 et polyvalent<\/span>, id\u00e9al pour les compositions sobres et contemporaines.<\/p>\n","protected":false},"excerpt":{"rendered":"<p>Avec sa ligne fluide et discr\u00e8te, le vase RIVA s\u2019int\u00e8gre naturellement dans tous les styles d\u2019int\u00e9rieur. D\u2019une hauteur de 17 cm, il est parfait pour sublimer une fleur unique, un petit bouquet ou simplement en objet d\u00e9coratif. Sa silhouette douce en fait un \u00e9l\u00e9ment raffin\u00e9 et polyvalent, id\u00e9al pour les compositions sobres et contemporaines.<\/p>\n","protected":false},"featured_media":22795,"template":"","meta":{"_jet_sm_ready_style":"","_jet_sm_style":"","_jet_sm_controls_values":"","_jet_sm_fonts_collection":"","_jet_sm_fonts_links":""},"product_brand":[198],"product_cat":[53,227],"product_tag":[244],"product_collection":[],"class_list":{"0":"post-24609","1":"product","2":"type-product","3":"status-publish","4":"has-post-thumbnail","6":"product_brand-lams-home","7":"product_cat-decoration","8":"product_cat-vases","9":"product_tag-ceramique","11":"first","12":"instock","13":"taxable","14":"shipping-taxable","15":"purchasable","16":"product-type-variable","17":"has-default-attributes"},"_links":{"self":[{"href":"https:\/\/lams-home.com\/en\/wp-json\/wp\/v2\/product\/24609","targetHints":{"allow":["GET"]}}],"collection":[{"href":"https:\/\/lams-home.com\/en\/wp-json\/wp\/v2\/product"}],"about":[{"href":"https:\/\/lams-home.com\/en\/wp-json\/wp\/v2\/types\/product"}],"version-history":[{"count":0,"href":"https:\/\/lams-home.com\/en\/wp-json\/wp\/v2\/product\/24609\/revisions"}],"wp:featuredmedia":[{"embeddable":true,"href":"https:\/\/lams-home.com\/en\/wp-json\/wp\/v2\/media\/22795"}],"wp:attachment":[{"href":"https:\/\/lams-home.com\/en\/wp-json\/wp\/v2\/media?parent=24609"}],"wp:term":[{"taxonomy":"product_brand","embeddable":true,"href":"https:\/\/lams-home.com\/en\/wp-json\/wp\/v2\/product_brand?post=24609"},{"taxonomy":"product_cat","embeddable":true,"href":"https:\/\/lams-home.com\/en\/wp-json\/wp\/v2\/product_cat?post=24609"},{"taxonomy":"product_tag","embeddable":true,"href":"https:\/\/lams-home.com\/en\/wp-json\/wp\/v2\/product_tag?post=24609"},{"taxonomy":"product_collection","embeddable":true,"href":"https:\/\/lams-home.com\/en\/wp-json\/wp\/v2\/product_collection?post=24609"}],"curies":[{"name":"wp","href":"https:\/\/api.w.org\/{rel}","templated":true}]}}