{"id":24651,"date":"2025-08-15T15:13:40","date_gmt":"2025-08-15T13:13:40","guid":{"rendered":"https:\/\/lams-home.com\/?post_type=product&#038;p=24651"},"modified":"2025-10-10T16:05:25","modified_gmt":"2025-10-10T14:05:25","slug":"assiette-creuse-ronda-19cm","status":"publish","type":"product","link":"https:\/\/lams-home.com\/en\/produit\/assiette-creuse-ronda-19cm\/","title":{"rendered":"Assiette creuse RONDA  19 cm  Blanc satin\u00e9"},"content":{"rendered":"<p class=\"p1\">En <span class=\"s1\">gr\u00e8s fin<\/span>, l\u2019assiette creuse <span class=\"s1\">RONDA<\/span> allie fonctionnalit\u00e9 et esth\u00e9tique gr\u00e2ce \u00e0 sa <span class=\"s1\">ceinture de rayures en relief<\/span> qui encadre subtilement chaque plat.<\/p>\n<p class=\"p1\">Parfaite pour les soupes, les p\u00e2tes ou les plats en sauce, elle apporte du <span class=\"s1\">caract\u00e8re et de la structure<\/span> \u00e0 la table sans en faire trop.<\/p>\n<p class=\"p1\">Disponible en <span class=\"s1\">plusieurs coloris<\/span> et en <span class=\"s1\">diff\u00e9rentes tailles<\/span>, elle s\u2019int\u00e8gre naturellement dans une composition de service compl\u00e8te.<\/p>\n<p class=\"p2\">Compatible four, micro-ondes et lave-vaisselle.<\/p>\n","protected":false},"excerpt":{"rendered":"<p>En gr\u00e8s fin, l\u2019assiette creuse RONDA allie fonctionnalit\u00e9 et esth\u00e9tique gr\u00e2ce \u00e0 sa ceinture de rayures en relief qui encadre subtilement chaque plat. Parfaite pour les soupes, les p\u00e2tes ou les plats en sauce, elle apporte du caract\u00e8re et de la structure \u00e0 la table sans en faire trop. Disponible en plusieurs coloris et en [&hellip;]<\/p>\n","protected":false},"featured_media":24180,"template":"","meta":{"_jet_sm_ready_style":"","_jet_sm_style":"","_jet_sm_controls_values":"","_jet_sm_fonts_collection":"","_jet_sm_fonts_links":""},"product_brand":[198],"product_cat":[216,39],"product_tag":[244],"product_collection":[812],"class_list":{"0":"post-24651","1":"product","2":"type-product","3":"status-publish","4":"has-post-thumbnail","6":"product_brand-lams-home","7":"product_cat-assiettes-creuses","8":"product_cat-vaisselle","9":"product_tag-ceramique","10":"product_collection-ronda","12":"first","13":"instock","14":"taxable","15":"shipping-taxable","16":"purchasable","17":"product-type-variable","18":"has-default-attributes"},"_links":{"self":[{"href":"https:\/\/lams-home.com\/en\/wp-json\/wp\/v2\/product\/24651","targetHints":{"allow":["GET"]}}],"collection":[{"href":"https:\/\/lams-home.com\/en\/wp-json\/wp\/v2\/product"}],"about":[{"href":"https:\/\/lams-home.com\/en\/wp-json\/wp\/v2\/types\/product"}],"version-history":[{"count":0,"href":"https:\/\/lams-home.com\/en\/wp-json\/wp\/v2\/product\/24651\/revisions"}],"wp:featuredmedia":[{"embeddable":true,"href":"https:\/\/lams-home.com\/en\/wp-json\/wp\/v2\/media\/24180"}],"wp:attachment":[{"href":"https:\/\/lams-home.com\/en\/wp-json\/wp\/v2\/media?parent=24651"}],"wp:term":[{"taxonomy":"product_brand","embeddable":true,"href":"https:\/\/lams-home.com\/en\/wp-json\/wp\/v2\/product_brand?post=24651"},{"taxonomy":"product_cat","embeddable":true,"href":"https:\/\/lams-home.com\/en\/wp-json\/wp\/v2\/product_cat?post=24651"},{"taxonomy":"product_tag","embeddable":true,"href":"https:\/\/lams-home.com\/en\/wp-json\/wp\/v2\/product_tag?post=24651"},{"taxonomy":"product_collection","embeddable":true,"href":"https:\/\/lams-home.com\/en\/wp-json\/wp\/v2\/product_collection?post=24651"}],"curies":[{"name":"wp","href":"https:\/\/api.w.org\/{rel}","templated":true}]}}