{"id":25185,"date":"2025-10-13T11:00:36","date_gmt":"2025-10-13T09:00:36","guid":{"rendered":"https:\/\/lams-home.com\/?post_type=product&#038;p=25185"},"modified":"2025-10-13T11:19:31","modified_gmt":"2025-10-13T09:19:31","slug":"vase-conda-h52cm-gm-noir-mat","status":"publish","type":"product","link":"https:\/\/lams-home.com\/en\/produit\/vase-conda-h52cm-gm-noir-mat\/","title":{"rendered":"Vase ONDA, H 52 &#8211; NOIR MAT"},"content":{"rendered":"<p class=\"p1\">Vase au design \u00e9pur\u00e9 et contemporain, disponible en deux tailles et deux finitions mates : noir profond ou blanc pur. Sa silhouette \u00e9lanc\u00e9e (jusqu\u2019\u00e0 52 cm) apporte une touche sculpturale \u00e0 tout espace. Autres couleurs r\u00e9alisables sur demande.<\/p>\n","protected":false},"excerpt":{"rendered":"<p>Vase au design \u00e9pur\u00e9 et contemporain, disponible en deux tailles et deux finitions mates : noir profond ou blanc pur. Sa silhouette \u00e9lanc\u00e9e (jusqu\u2019\u00e0 52 cm) apporte une touche sculpturale \u00e0 tout espace. Autres couleurs r\u00e9alisables sur demande.<\/p>\n","protected":false},"featured_media":23415,"template":"","meta":{"_jet_sm_ready_style":"","_jet_sm_style":"","_jet_sm_controls_values":"","_jet_sm_fonts_collection":"","_jet_sm_fonts_links":""},"product_brand":[198],"product_cat":[53,227],"product_tag":[244],"product_collection":[414],"class_list":{"0":"post-25185","1":"product","2":"type-product","3":"status-publish","4":"has-post-thumbnail","6":"product_brand-lams-home","7":"product_cat-decoration","8":"product_cat-vases","9":"product_tag-ceramique","10":"product_collection-onda","12":"first","13":"instock","14":"taxable","15":"shipping-taxable","16":"purchasable","17":"product-type-variable","18":"has-default-attributes"},"_links":{"self":[{"href":"https:\/\/lams-home.com\/en\/wp-json\/wp\/v2\/product\/25185","targetHints":{"allow":["GET"]}}],"collection":[{"href":"https:\/\/lams-home.com\/en\/wp-json\/wp\/v2\/product"}],"about":[{"href":"https:\/\/lams-home.com\/en\/wp-json\/wp\/v2\/types\/product"}],"version-history":[{"count":0,"href":"https:\/\/lams-home.com\/en\/wp-json\/wp\/v2\/product\/25185\/revisions"}],"wp:featuredmedia":[{"embeddable":true,"href":"https:\/\/lams-home.com\/en\/wp-json\/wp\/v2\/media\/23415"}],"wp:attachment":[{"href":"https:\/\/lams-home.com\/en\/wp-json\/wp\/v2\/media?parent=25185"}],"wp:term":[{"taxonomy":"product_brand","embeddable":true,"href":"https:\/\/lams-home.com\/en\/wp-json\/wp\/v2\/product_brand?post=25185"},{"taxonomy":"product_cat","embeddable":true,"href":"https:\/\/lams-home.com\/en\/wp-json\/wp\/v2\/product_cat?post=25185"},{"taxonomy":"product_tag","embeddable":true,"href":"https:\/\/lams-home.com\/en\/wp-json\/wp\/v2\/product_tag?post=25185"},{"taxonomy":"product_collection","embeddable":true,"href":"https:\/\/lams-home.com\/en\/wp-json\/wp\/v2\/product_collection?post=25185"}],"curies":[{"name":"wp","href":"https:\/\/api.w.org\/{rel}","templated":true}]}}