{"id":8129,"date":"2025-05-12T12:02:20","date_gmt":"2025-05-12T10:02:20","guid":{"rendered":"https:\/\/lams-home.com\/?post_type=product&#038;p=8129"},"modified":"2025-10-10T16:05:12","modified_gmt":"2025-10-10T14:05:12","slug":"cocotte-en-ceramique-noir-mat-beige-brillant","status":"publish","type":"product","link":"https:\/\/lams-home.com\/en\/produit\/cocotte-en-ceramique-noir-mat-beige-brillant\/","title":{"rendered":"Cocotte ANAQA &#8211; Noir mat \/ beige brillant"},"content":{"rendered":"<p>Cocotte en c\u00e9ramique \u2013 Finition mate ext\u00e9rieure &amp; \u00e9maill\u00e9e brillante int\u00e9rieure<br \/>\nAlliant esth\u00e9tique contemporaine et performance culinaire, cette cocotte en c\u00e9ramique est con\u00e7ue pour les professionnels exigeants. Son ext\u00e9rieur mat offre une \u00e9l\u00e9gance sobre, tandis que l\u2019int\u00e9rieur \u00e9maill\u00e9 brillant assure une cuisson homog\u00e8ne et un nettoyage ais\u00e9.<\/p>\n<p>Caract\u00e9ristiques principales :<\/p>\n<p>R\u00e9sistance thermique : supporte des temp\u00e9ratures jusqu\u2019\u00e0 270\u202f\u00b0C, id\u00e9ale pour les cuissons au four.<br \/>\nEntretien facile : compatible avec le lave-vaisselle pour un nettoyage sans effort.<br \/>\nPolyvalence : parfaite pour la cuisson et le service \u00e0 table, gr\u00e2ce \u00e0 son design raffin\u00e9.<br \/>\nDisponibilit\u00e9 : propos\u00e9e en trois tailles, adapt\u00e9es aux portions individuelles ou aux plats \u00e0 partager.<br \/>\nCompatibilit\u00e9 : non adapt\u00e9e aux surfaces \u00e0 chaleur non homog\u00e8ne telles que les barbecues ou plaques de cuisson.<br \/>\nCette cocotte est l\u2019alli\u00e9e id\u00e9ale pour sublimer vos pr\u00e9parations et offrir une pr\u00e9sentation soign\u00e9e directement du four \u00e0 la table.<\/p>\n","protected":false},"excerpt":{"rendered":"<p>Cocotte en c\u00e9ramique \u2013 Finition mate ext\u00e9rieure &amp; \u00e9maill\u00e9e brillante int\u00e9rieure Alliant esth\u00e9tique contemporaine et performance culinaire, cette cocotte en c\u00e9ramique est con\u00e7ue pour les professionnels exigeants. Son ext\u00e9rieur mat offre une \u00e9l\u00e9gance sobre, tandis que l\u2019int\u00e9rieur \u00e9maill\u00e9 brillant assure une cuisson homog\u00e8ne et un nettoyage ais\u00e9. Caract\u00e9ristiques principales : R\u00e9sistance thermique : supporte des [&hellip;]<\/p>\n","protected":false},"featured_media":3311,"template":"","meta":{"_jet_sm_ready_style":"","_jet_sm_style":"","_jet_sm_controls_values":"","_jet_sm_fonts_collection":"","_jet_sm_fonts_links":""},"product_brand":[198],"product_cat":[222,39],"product_tag":[244],"product_collection":[415],"class_list":{"0":"post-8129","1":"product","2":"type-product","3":"status-publish","4":"has-post-thumbnail","6":"product_brand-lams-home","7":"product_cat-cocottes","8":"product_cat-vaisselle","9":"product_tag-ceramique","10":"product_collection-anaqa","12":"first","13":"instock","14":"sale","15":"taxable","16":"shipping-taxable","17":"purchasable","18":"product-type-variable","19":"has-default-attributes"},"_links":{"self":[{"href":"https:\/\/lams-home.com\/en\/wp-json\/wp\/v2\/product\/8129","targetHints":{"allow":["GET"]}}],"collection":[{"href":"https:\/\/lams-home.com\/en\/wp-json\/wp\/v2\/product"}],"about":[{"href":"https:\/\/lams-home.com\/en\/wp-json\/wp\/v2\/types\/product"}],"version-history":[{"count":0,"href":"https:\/\/lams-home.com\/en\/wp-json\/wp\/v2\/product\/8129\/revisions"}],"wp:featuredmedia":[{"embeddable":true,"href":"https:\/\/lams-home.com\/en\/wp-json\/wp\/v2\/media\/3311"}],"wp:attachment":[{"href":"https:\/\/lams-home.com\/en\/wp-json\/wp\/v2\/media?parent=8129"}],"wp:term":[{"taxonomy":"product_brand","embeddable":true,"href":"https:\/\/lams-home.com\/en\/wp-json\/wp\/v2\/product_brand?post=8129"},{"taxonomy":"product_cat","embeddable":true,"href":"https:\/\/lams-home.com\/en\/wp-json\/wp\/v2\/product_cat?post=8129"},{"taxonomy":"product_tag","embeddable":true,"href":"https:\/\/lams-home.com\/en\/wp-json\/wp\/v2\/product_tag?post=8129"},{"taxonomy":"product_collection","embeddable":true,"href":"https:\/\/lams-home.com\/en\/wp-json\/wp\/v2\/product_collection?post=8129"}],"curies":[{"name":"wp","href":"https:\/\/api.w.org\/{rel}","templated":true}]}}