{"id":8675,"date":"2025-05-16T00:36:20","date_gmt":"2025-05-15T22:36:20","guid":{"rendered":"https:\/\/lams-home.com\/?post_type=product&#038;p=8675"},"modified":"2025-10-10T16:05:14","modified_gmt":"2025-10-10T14:05:14","slug":"porte-menu-pliable-en-cuir-de-vachette","status":"publish","type":"product","link":"https:\/\/lams-home.com\/en\/produit\/porte-menu-pliable-en-cuir-de-vachette\/","title":{"rendered":"Porte menu pliable en cuir de vachette"},"content":{"rendered":"<p class=\"\" data-start=\"207\" data-end=\"263\">L\u2019\u00e9l\u00e9gance du cuir au service de vos cartes et menus<\/p>\n<p class=\"\" data-start=\"265\" data-end=\"601\">Con\u00e7u pour sublimer la pr\u00e9sentation de vos menus, ce porte-menu pliable est fabriqu\u00e9 en cuir de vachette pleine fleur, reconnu pour sa qualit\u00e9, son toucher naturel et sa long\u00e9vit\u00e9. Sa forme pliable permet une ouverture facile et une lecture confortable pour vos clients, tout en apportant une touche de raffinement \u00e0 vos tables.<\/p>\n<p class=\"\" data-start=\"1050\" data-end=\"1229\">Parfait pour les restaurants, h\u00f4tels et caf\u00e9s de standing, ce porte-menu marie esth\u00e9tique, fonctionnalit\u00e9 et durabilit\u00e9, pour une pr\u00e9sentation \u00e0 la hauteur de vos prestations.<\/p>\n","protected":false},"excerpt":{"rendered":"<p>L\u2019\u00e9l\u00e9gance du cuir au service de vos cartes et menus Con\u00e7u pour sublimer la pr\u00e9sentation de vos menus, ce porte-menu pliable est fabriqu\u00e9 en cuir de vachette pleine fleur, reconnu pour sa qualit\u00e9, son toucher naturel et sa long\u00e9vit\u00e9. Sa forme pliable permet une ouverture facile et une lecture confortable pour vos clients, tout en [&hellip;]<\/p>\n","protected":false},"featured_media":5723,"template":"","meta":{"_jet_sm_ready_style":"","_jet_sm_style":"","_jet_sm_controls_values":"","_jet_sm_fonts_collection":"","_jet_sm_fonts_links":""},"product_brand":[198],"product_cat":[67,121],"product_tag":[240],"product_collection":[412],"class_list":{"0":"post-8675","1":"product","2":"type-product","3":"status-publish","4":"has-post-thumbnail","6":"product_brand-lams-home","7":"product_cat-cuir","8":"product_cat-porte-menus","9":"product_tag-cuir","10":"product_collection-firenze","12":"first","13":"instock","14":"taxable","15":"shipping-taxable","16":"purchasable","17":"product-type-variable","18":"has-default-attributes"},"_links":{"self":[{"href":"https:\/\/lams-home.com\/en\/wp-json\/wp\/v2\/product\/8675","targetHints":{"allow":["GET"]}}],"collection":[{"href":"https:\/\/lams-home.com\/en\/wp-json\/wp\/v2\/product"}],"about":[{"href":"https:\/\/lams-home.com\/en\/wp-json\/wp\/v2\/types\/product"}],"version-history":[{"count":0,"href":"https:\/\/lams-home.com\/en\/wp-json\/wp\/v2\/product\/8675\/revisions"}],"wp:featuredmedia":[{"embeddable":true,"href":"https:\/\/lams-home.com\/en\/wp-json\/wp\/v2\/media\/5723"}],"wp:attachment":[{"href":"https:\/\/lams-home.com\/en\/wp-json\/wp\/v2\/media?parent=8675"}],"wp:term":[{"taxonomy":"product_brand","embeddable":true,"href":"https:\/\/lams-home.com\/en\/wp-json\/wp\/v2\/product_brand?post=8675"},{"taxonomy":"product_cat","embeddable":true,"href":"https:\/\/lams-home.com\/en\/wp-json\/wp\/v2\/product_cat?post=8675"},{"taxonomy":"product_tag","embeddable":true,"href":"https:\/\/lams-home.com\/en\/wp-json\/wp\/v2\/product_tag?post=8675"},{"taxonomy":"product_collection","embeddable":true,"href":"https:\/\/lams-home.com\/en\/wp-json\/wp\/v2\/product_collection?post=8675"}],"curies":[{"name":"wp","href":"https:\/\/api.w.org\/{rel}","templated":true}]}}