{"id":9071,"date":"2025-05-17T11:41:58","date_gmt":"2025-05-17T09:41:58","guid":{"rendered":"https:\/\/lams-home.com\/?post_type=product&#038;p=9071"},"modified":"2025-10-10T16:05:24","modified_gmt":"2025-10-10T14:05:24","slug":"porte-addition-gm-rigide-cuir-vachette","status":"publish","type":"product","link":"https:\/\/lams-home.com\/en\/produit\/porte-addition-gm-rigide-cuir-vachette\/","title":{"rendered":"Porte-addition coffret en cuir vachette ROMA"},"content":{"rendered":"<p class=\"\" data-start=\"186\" data-end=\"553\">Ce porte-addition coffret est con\u00e7u pour offrir une pr\u00e9sentation \u00e9l\u00e9gante et pratique de vos notes en salle. Fabriqu\u00e9 en cuir de vachette, il s\u00e9duit par sa texture raffin\u00e9e et sa finition soign\u00e9e. Sa structure rigide renforc\u00e9e par un insert cartonn\u00e9 garantit une bonne tenue, tandis que l\u2019int\u00e9rieur en feutrine assure une protection douce et haut de gamme.<\/p>\n","protected":false},"excerpt":{"rendered":"<p>Ce porte-addition coffret est con\u00e7u pour offrir une pr\u00e9sentation \u00e9l\u00e9gante et pratique de vos notes en salle. Fabriqu\u00e9 en cuir de vachette, il s\u00e9duit par sa texture raffin\u00e9e et sa finition soign\u00e9e. Sa structure rigide renforc\u00e9e par un insert cartonn\u00e9 garantit une bonne tenue, tandis que l\u2019int\u00e9rieur en feutrine assure une protection douce et haut [&hellip;]<\/p>\n","protected":false},"featured_media":5465,"template":"","meta":{"_jet_sm_ready_style":"","_jet_sm_style":"","_jet_sm_controls_values":"","_jet_sm_fonts_collection":"","_jet_sm_fonts_links":""},"product_brand":[198],"product_cat":[67,120],"product_tag":[240],"product_collection":[413],"class_list":{"0":"post-9071","1":"product","2":"type-product","3":"status-publish","4":"has-post-thumbnail","6":"product_brand-lams-home","7":"product_cat-cuir","8":"product_cat-porte-additions","9":"product_tag-cuir","10":"product_collection-roma","12":"first","13":"instock","14":"taxable","15":"shipping-taxable","16":"purchasable","17":"product-type-variable","18":"has-default-attributes"},"_links":{"self":[{"href":"https:\/\/lams-home.com\/en\/wp-json\/wp\/v2\/product\/9071","targetHints":{"allow":["GET"]}}],"collection":[{"href":"https:\/\/lams-home.com\/en\/wp-json\/wp\/v2\/product"}],"about":[{"href":"https:\/\/lams-home.com\/en\/wp-json\/wp\/v2\/types\/product"}],"version-history":[{"count":0,"href":"https:\/\/lams-home.com\/en\/wp-json\/wp\/v2\/product\/9071\/revisions"}],"wp:featuredmedia":[{"embeddable":true,"href":"https:\/\/lams-home.com\/en\/wp-json\/wp\/v2\/media\/5465"}],"wp:attachment":[{"href":"https:\/\/lams-home.com\/en\/wp-json\/wp\/v2\/media?parent=9071"}],"wp:term":[{"taxonomy":"product_brand","embeddable":true,"href":"https:\/\/lams-home.com\/en\/wp-json\/wp\/v2\/product_brand?post=9071"},{"taxonomy":"product_cat","embeddable":true,"href":"https:\/\/lams-home.com\/en\/wp-json\/wp\/v2\/product_cat?post=9071"},{"taxonomy":"product_tag","embeddable":true,"href":"https:\/\/lams-home.com\/en\/wp-json\/wp\/v2\/product_tag?post=9071"},{"taxonomy":"product_collection","embeddable":true,"href":"https:\/\/lams-home.com\/en\/wp-json\/wp\/v2\/product_collection?post=9071"}],"curies":[{"name":"wp","href":"https:\/\/api.w.org\/{rel}","templated":true}]}}