{"id":9407,"date":"2025-05-19T18:33:45","date_gmt":"2025-05-19T16:33:45","guid":{"rendered":"https:\/\/lams-home.com\/?post_type=product&#038;p=9407"},"modified":"2025-10-10T16:05:17","modified_gmt":"2025-10-10T14:05:17","slug":"planche-en-bois-dolivier-ronde","status":"publish","type":"product","link":"https:\/\/lams-home.com\/en\/produit\/planche-en-bois-dolivier-ronde\/","title":{"rendered":"Planche en bois d&#8217;olivier ronde KOS"},"content":{"rendered":"<p class=\"p1\">Fabriqu\u00e9e \u00e0 la main dans un bois d\u2019olivier massif soigneusement s\u00e9lectionn\u00e9, cette planche au fini huil\u00e9 allie robustesse, \u00e9l\u00e9gance naturelle et durabilit\u00e9.<\/p>\n<p class=\"p1\">Chaque pi\u00e8ce est unique, sculpt\u00e9e dans le respect du bois et des lignes organiques de la mati\u00e8re.<\/p>\n<p class=\"p1\">Id\u00e9ale comme support de pr\u00e9sentation ou accessoire de service, elle convient parfaitement aux restaurants, h\u00f4tels et boutiques haut de gamme.<\/p>\n<p class=\"p3\">Possibilit\u00e9 de fabrication sur mesure (dimensions, forme, gravure).<\/p>\n","protected":false},"excerpt":{"rendered":"<p>Fabriqu\u00e9e \u00e0 la main dans un bois d\u2019olivier massif soigneusement s\u00e9lectionn\u00e9, cette planche au fini huil\u00e9 allie robustesse, \u00e9l\u00e9gance naturelle et durabilit\u00e9. Chaque pi\u00e8ce est unique, sculpt\u00e9e dans le respect du bois et des lignes organiques de la mati\u00e8re. Id\u00e9ale comme support de pr\u00e9sentation ou accessoire de service, elle convient parfaitement aux restaurants, h\u00f4tels et [&hellip;]<\/p>\n","protected":false},"featured_media":5793,"template":"","meta":{"_jet_sm_ready_style":"","_jet_sm_style":"","_jet_sm_controls_values":"","_jet_sm_fonts_collection":"","_jet_sm_fonts_links":""},"product_brand":[198],"product_cat":[58,231,233],"product_tag":[242],"product_collection":[447],"class_list":{"0":"post-9407","1":"product","2":"type-product","3":"status-publish","4":"has-post-thumbnail","6":"product_brand-lams-home","7":"product_cat-accessoires","8":"product_cat-planches","9":"product_cat-planches-en-bois-dolivier","10":"product_tag-bois-dolivier","11":"product_collection-kos","13":"first","14":"instock","15":"sale","16":"taxable","17":"shipping-taxable","18":"purchasable","19":"product-type-variable","20":"has-default-attributes"},"_links":{"self":[{"href":"https:\/\/lams-home.com\/en\/wp-json\/wp\/v2\/product\/9407","targetHints":{"allow":["GET"]}}],"collection":[{"href":"https:\/\/lams-home.com\/en\/wp-json\/wp\/v2\/product"}],"about":[{"href":"https:\/\/lams-home.com\/en\/wp-json\/wp\/v2\/types\/product"}],"version-history":[{"count":0,"href":"https:\/\/lams-home.com\/en\/wp-json\/wp\/v2\/product\/9407\/revisions"}],"wp:featuredmedia":[{"embeddable":true,"href":"https:\/\/lams-home.com\/en\/wp-json\/wp\/v2\/media\/5793"}],"wp:attachment":[{"href":"https:\/\/lams-home.com\/en\/wp-json\/wp\/v2\/media?parent=9407"}],"wp:term":[{"taxonomy":"product_brand","embeddable":true,"href":"https:\/\/lams-home.com\/en\/wp-json\/wp\/v2\/product_brand?post=9407"},{"taxonomy":"product_cat","embeddable":true,"href":"https:\/\/lams-home.com\/en\/wp-json\/wp\/v2\/product_cat?post=9407"},{"taxonomy":"product_tag","embeddable":true,"href":"https:\/\/lams-home.com\/en\/wp-json\/wp\/v2\/product_tag?post=9407"},{"taxonomy":"product_collection","embeddable":true,"href":"https:\/\/lams-home.com\/en\/wp-json\/wp\/v2\/product_collection?post=9407"}],"curies":[{"name":"wp","href":"https:\/\/api.w.org\/{rel}","templated":true}]}}