{"id":10439,"date":"2025-05-29T11:40:20","date_gmt":"2025-05-29T09:40:20","guid":{"rendered":"https:\/\/lams-home.com\/?post_type=product&#038;p=10439"},"modified":"2025-10-10T16:05:13","modified_gmt":"2025-10-10T14:05:13","slug":"presentoir-marbre-bois-dona-2","status":"publish","type":"product","link":"https:\/\/lams-home.com\/es\/produit\/presentoir-marbre-bois-dona-2\/","title":{"rendered":"Pr\u00e9sentoir Marbre &#038; Bois\u00a0 DONA"},"content":{"rendered":"<p data-start=\"253\" data-end=\"463\">Con\u00e7u pour les professionnels de l\u2019h\u00f4tellerie et de la restauration, ce pr\u00e9sentoir associe un plateau en marbre v\u00e9ritable \u00e0 une base en bois naturel, offrant un \u00e9quilibre parfait entre \u00e9l\u00e9gance et authenticit\u00e9.<\/p>\n<p data-start=\"465\" data-end=\"734\">Avec son design sobre et sa finition soign\u00e9e, il met en valeur vos pr\u00e9parations sucr\u00e9es ou sal\u00e9es : mignardises, fromages, fruits, bouch\u00e9es ap\u00e9ritives ou \u00e9l\u00e9ments d\u00e9coratifs. Id\u00e9al pour enrichir l\u2019exp\u00e9rience client sur vos buffets, en room service ou lors d\u2019\u00e9v\u00e9nements.<\/p>\n<ul data-start=\"736\" data-end=\"926\">\n<li data-start=\"736\" data-end=\"793\">\n<p data-start=\"738\" data-end=\"793\">Dimensions : 25 cm de diam\u00e8tre \u2013 15 cm de hauteur<\/p>\n<\/li>\n<li data-start=\"794\" data-end=\"854\">\n<p data-start=\"796\" data-end=\"854\">Mat\u00e9riaux : Marbre naturel (plateau) et bois (socle)<\/p>\n<\/li>\n<li data-start=\"855\" data-end=\"926\">\n<p data-start=\"857\" data-end=\"926\">Style : Intemporel, compatible avec diff\u00e9rents univers d\u00e9coratifs<\/p>\n<\/li>\n<\/ul>\n<p data-start=\"928\" data-end=\"1022\">Un accessoire de pr\u00e9sentation stable, r\u00e9sistant et pens\u00e9 pour un usage professionnel exigeant.<\/p>\n","protected":false},"excerpt":{"rendered":"<p>Con\u00e7u pour les professionnels de l\u2019h\u00f4tellerie et de la restauration, ce pr\u00e9sentoir associe un plateau en marbre v\u00e9ritable \u00e0 une base en bois naturel, offrant un \u00e9quilibre parfait entre \u00e9l\u00e9gance et authenticit\u00e9. Avec son design sobre et sa finition soign\u00e9e, il met en valeur vos pr\u00e9parations sucr\u00e9es ou sal\u00e9es : mignardises, fromages, fruits, bouch\u00e9es ap\u00e9ritives [&hellip;]<\/p>\n","protected":false},"featured_media":9150,"template":"","meta":{"_jet_sm_ready_style":"","_jet_sm_style":"","_jet_sm_controls_values":"","_jet_sm_fonts_collection":"","_jet_sm_fonts_links":""},"product_brand":[198],"product_cat":[58,236,232],"product_tag":[241],"product_collection":[577],"class_list":{"0":"post-10439","1":"product","2":"type-product","3":"status-publish","4":"has-post-thumbnail","6":"product_brand-lams-home","7":"product_cat-accessoires","8":"product_cat-presentoir-marbre-et-bois","9":"product_cat-presentoirs","10":"product_tag-marbre","11":"product_collection-dona","13":"first","14":"instock","15":"taxable","16":"shipping-taxable","17":"purchasable","18":"product-type-variable","19":"has-default-attributes"},"_links":{"self":[{"href":"https:\/\/lams-home.com\/es\/wp-json\/wp\/v2\/product\/10439","targetHints":{"allow":["GET"]}}],"collection":[{"href":"https:\/\/lams-home.com\/es\/wp-json\/wp\/v2\/product"}],"about":[{"href":"https:\/\/lams-home.com\/es\/wp-json\/wp\/v2\/types\/product"}],"version-history":[{"count":0,"href":"https:\/\/lams-home.com\/es\/wp-json\/wp\/v2\/product\/10439\/revisions"}],"wp:featuredmedia":[{"embeddable":true,"href":"https:\/\/lams-home.com\/es\/wp-json\/wp\/v2\/media\/9150"}],"wp:attachment":[{"href":"https:\/\/lams-home.com\/es\/wp-json\/wp\/v2\/media?parent=10439"}],"wp:term":[{"taxonomy":"product_brand","embeddable":true,"href":"https:\/\/lams-home.com\/es\/wp-json\/wp\/v2\/product_brand?post=10439"},{"taxonomy":"product_cat","embeddable":true,"href":"https:\/\/lams-home.com\/es\/wp-json\/wp\/v2\/product_cat?post=10439"},{"taxonomy":"product_tag","embeddable":true,"href":"https:\/\/lams-home.com\/es\/wp-json\/wp\/v2\/product_tag?post=10439"},{"taxonomy":"product_collection","embeddable":true,"href":"https:\/\/lams-home.com\/es\/wp-json\/wp\/v2\/product_collection?post=10439"}],"curies":[{"name":"wp","href":"https:\/\/api.w.org\/{rel}","templated":true}]}}